{"id":1311,"date":"2022-06-26T07:42:00","date_gmt":"2022-06-26T07:42:00","guid":{"rendered":"https:\/\/papelorios.es\/?page_id=1311"},"modified":"2022-11-03T13:57:47","modified_gmt":"2022-11-03T11:57:47","slug":"subsidio-jubilacion","status":"publish","type":"page","link":"https:\/\/papelorios.eu\/index.php\/prestaciones\/subsidios\/subsidio-jubilacion\/","title":{"rendered":"Subsidio Jubilaci\u00f3n"},"content":{"rendered":"<div data-colibri-id=\"1311-c1\" class=\"style-1547 style-local-1311-c1 position-relative\">\n  <!---->\n  <div data-colibri-component=\"section\" data-colibri-id=\"1311-c2\" id=\"custom\" class=\"h-section h-section-global-spacing d-flex align-items-lg-center align-items-md-center align-items-center style-1548 style-local-1311-c2 position-relative\">\n    <!---->\n    <!---->\n    <div class=\"h-section-grid-container h-section-boxed-container\">\n      <!---->\n      <div data-colibri-id=\"1311-c3\" class=\"h-row-container gutters-row-lg-2 gutters-row-md-2 gutters-row-0 gutters-row-v-lg-2 gutters-row-v-md-2 gutters-row-v-2 style-1549 style-local-1311-c3 position-relative\">\n        <!---->\n        <div class=\"h-row justify-content-lg-center justify-content-md-center justify-content-center align-items-lg-stretch align-items-md-stretch align-items-stretch gutters-col-lg-2 gutters-col-md-2 gutters-col-0 gutters-col-v-lg-2 gutters-col-v-md-2 gutters-col-v-2\">\n          <!---->\n          <div class=\"h-column h-column-container d-flex h-col-lg-6 h-col-md-6 h-col-12 style-1550-outer style-local-1311-c4-outer\">\n            <div data-colibri-id=\"1311-c4\" class=\"d-flex h-flex-basis h-column__inner h-px-lg-2 h-px-md-2 h-px-2 v-inner-lg-2 v-inner-md-2 v-inner-2 style-1550 style-local-1311-c4 position-relative\">\n              <!---->\n              <!---->\n              <div class=\"w-100 h-y-container h-column__content h-column__v-align flex-basis-100 align-self-lg-start align-self-md-start align-self-start\">\n                <!---->\n                <div data-colibri-id=\"1311-c5\" class=\"h-x-container style-1551 style-local-1311-c5 position-relative h-element\">\n                  <!---->\n                  <div class=\"h-x-container-inner style-dynamic-1311-c5-group style-1551-spacing style-local-1311-c5-spacing\"><span class=\"h-button__outer style-1552-outer style-local-1311-c6-outer d-inline-flex h-element\"><a h-use-smooth-scroll=\"true\" href=\"https:\/\/www.muface.es\/dam\/jcr:155f6d92-a10d-4485-aa97-f51a9b60873a\/SUBSIDIO-JUBILACION-DPS-32001.pdf\"  data-colibri-id=\"1311-c6\" class=\"d-flex w-100 align-items-center h-button justify-content-lg-center justify-content-md-center justify-content-center style-1552 style-local-1311-c6 position-relative\"><!----><!----> <span>Solicitud<\/span><\/a>\n                    <\/span>\n                  <\/div>\n                <\/div>\n              <\/div>\n            <\/div>\n          <\/div>\n          <div class=\"h-column h-column-container d-flex h-col-lg-6 h-col-md-6 h-col-12 style-1559-outer style-local-1311-c7-outer\">\n            <div data-colibri-id=\"1311-c7\" class=\"d-flex h-flex-basis h-column__inner h-px-lg-2 h-px-md-2 h-px-2 v-inner-lg-2 v-inner-md-2 v-inner-2 style-1559 style-local-1311-c7 position-relative\">\n              <!---->\n              <!---->\n              <div class=\"w-100 h-y-container h-column__content h-column__v-align flex-basis-100 align-self-lg-start align-self-md-start align-self-start\">\n                <!---->\n                <div data-colibri-id=\"1311-c8\" class=\"h-x-container style-1560 style-local-1311-c8 position-relative h-element\">\n                  <!---->\n                  <div class=\"h-x-container-inner style-dynamic-1311-c8-group style-1560-spacing style-local-1311-c8-spacing\"><span class=\"h-button__outer style-1561-outer style-local-1311-c9-outer d-inline-flex h-element\"><a h-use-smooth-scroll=\"true\" href=\"https:\/\/www.muface.es\/dam\/jcr:f0b1ad22-b393-4620-bd86-808351e550b9\/comunicacion-datos-alpagador_mod145.pdf\"  data-colibri-id=\"1311-c9\" class=\"d-flex w-100 align-items-center h-button justify-content-lg-center justify-content-md-center justify-content-center style-1561 style-local-1311-c9 position-relative\"><!----><!----> <span>Modelo 145<\/span><\/a>\n                    <\/span>\n                  <\/div>\n                <\/div>\n              <\/div>\n            <\/div>\n          <\/div>\n        <\/div>\n      <\/div>\n    <\/div>\n  <\/div>\n  <div data-colibri-component=\"section\" data-colibri-id=\"1311-c10\" id=\"content\" class=\"h-section h-section-global-spacing d-flex align-items-lg-center align-items-md-center align-items-center style-1565 style-local-1311-c10 h-overflow-hidden position-relative\">\n    <!---->\n    <!---->\n    <div class=\"h-section-grid-container h-section-fluid-container\">\n      <!---->\n      <div data-colibri-id=\"1311-c11\" class=\"h-row-container gutters-row-lg-2 gutters-row-md-2 gutters-row-0 gutters-row-v-lg-2 gutters-row-v-md-2 gutters-row-v-2 style-1566 style-local-1311-c11 position-relative\">\n        <!---->\n        <div class=\"h-row justify-content-lg-center justify-content-md-center justify-content-center align-items-lg-stretch align-items-md-stretch align-items-stretch gutters-col-lg-2 gutters-col-md-2 gutters-col-0 gutters-col-v-lg-2 gutters-col-v-md-2 gutters-col-v-2\">\n          <!---->\n          <div class=\"h-column h-column-container d-flex h-col-lg-auto h-col-md-auto h-col-auto style-1567-outer style-local-1311-c12-outer\">\n            <div data-colibri-id=\"1311-c12\" class=\"d-flex h-flex-basis h-column__inner h-px-lg-2 h-px-md-2 h-px-2 v-inner-lg-2 v-inner-md-2 v-inner-2 style-1567 style-local-1311-c12 position-relative\">\n              <!---->\n              <!---->\n              <div class=\"w-100 h-y-container h-column__content h-column__v-align flex-basis-100 align-self-lg-start align-self-md-start align-self-start\">\n                <!---->\n                <div data-colibri-id=\"1311-c13\" class=\"h-text h-text-component style-1568 style-local-1311-c13 position-relative h-element\">\n                  <!---->\n                  <!---->\n                  <div class=\"\">\n                    <p><span style=\"font-weight: 500; font-size: 12pt; font-family: Roboto;\">Solo jubilados forzosos por edad (+65) o por incapacidad permanente. Se les da la mitad de las retribuciones b\u00e1sicas (sueldo + trienios). Se avisa a los de colectivos por si no les ha contado nadie que se ha jubilado<\/span><\/p>\n                  <\/div>\n                <\/div>\n              <\/div>\n            <\/div>\n          <\/div>\n        <\/div>\n      <\/div>\n      <div data-colibri-id=\"1311-c14\" class=\"h-row-container gutters-row-lg-0 gutters-row-md-0 gutters-row-2 gutters-row-v-lg-0 gutters-row-v-md-0 gutters-row-v-2 style-1569 style-local-1311-c14 position-relative\">\n        <!---->\n        <div class=\"h-row justify-content-lg-center justify-content-md-center justify-content-center align-items-lg-stretch align-items-md-stretch align-items-stretch gutters-col-lg-0 gutters-col-md-0 gutters-col-2 gutters-col-v-lg-0 gutters-col-v-md-0 gutters-col-v-2\">\n          <!---->\n          <div class=\"h-column h-column-container d-flex h-col-lg-auto h-col-md-auto h-col-auto style-1570-outer style-local-1311-c15-outer\">\n            <div data-colibri-id=\"1311-c15\" class=\"d-flex h-flex-basis h-column__inner h-px-lg-0 h-px-md-0 h-px-0 v-inner-lg-0 v-inner-md-0 v-inner-0 style-1570 style-local-1311-c15 position-relative\">\n              <!---->\n              <!---->\n              <div class=\"w-100 h-y-container h-column__content h-column__v-align flex-basis-100 align-self-lg-start align-self-md-start align-self-start\">\n                <!---->\n                <div data-colibri-id=\"1311-c16\" class=\"d-block style-1854 style-local-1311-c16 position-relative h-element\">\n                  <!---->\n                  <div class=\"h-image__frame-container-outer\">\n                    <div class=\"h-image__frame-container\">\n                      <!---->\n                      <!---->\n                      <img decoding=\"async\" width=\"1024\" height=\"1024\" src=\"http:\/\/papelorios.eu\/wp-content\/uploads\/2022\/08\/DALL\u00b7E-2022-08-06-14.02.19-Portrait-of-a-happy-and-beautiful-old-female-model-enjoying-her-breakfast-in-the-garden-skin-texture-advertising-dramatic-colorful-lighting-Zeiss-.png\"\n                        class=\"wp-image-2159 style-1854-image style-local-1311-c16-image\" alt=\"\" srcset=\"https:\/\/papelorios.eu\/wp-content\/uploads\/2022\/08\/DALL\u00b7E-2022-08-06-14.02.19-Portrait-of-a-happy-and-beautiful-old-female-model-enjoying-her-breakfast-in-the-garden-skin-texture-advertising-dramatic-colorful-lighting-Zeiss-.png 1024w, https:\/\/papelorios.eu\/wp-content\/uploads\/2022\/08\/DALL\u00b7E-2022-08-06-14.02.19-Portrait-of-a-happy-and-beautiful-old-female-model-enjoying-her-breakfast-in-the-garden-skin-texture-advertising-dramatic-colorful-lighting-Zeiss--300x300.png 300w, https:\/\/papelorios.eu\/wp-content\/uploads\/2022\/08\/DALL\u00b7E-2022-08-06-14.02.19-Portrait-of-a-happy-and-beautiful-old-female-model-enjoying-her-breakfast-in-the-garden-skin-texture-advertising-dramatic-colorful-lighting-Zeiss--150x150.png 150w, https:\/\/papelorios.eu\/wp-content\/uploads\/2022\/08\/DALL\u00b7E-2022-08-06-14.02.19-Portrait-of-a-happy-and-beautiful-old-female-model-enjoying-her-breakfast-in-the-garden-skin-texture-advertising-dramatic-colorful-lighting-Zeiss--768x768.png 768w\" sizes=\"(max-width: 1024px) 100vw, 1024px\" \/>\n                      <div class=\"h-image__frame h-hide-lg h-hide-md h-hide-sm style-1854-frameImage style-local-1311-c16-frameImage\"><\/div>\n                    <\/div>\n                  <\/div>\n                <\/div>\n              <\/div>\n            <\/div>\n          <\/div>\n          <div class=\"h-column h-column-container d-flex h-col-lg-auto h-col-md-auto h-col-auto style-1571-outer style-local-1311-c17-outer\">\n            <div data-colibri-id=\"1311-c17\" class=\"d-flex h-flex-basis h-column__inner h-px-lg-0 h-px-md-0 h-px-0 v-inner-lg-0 v-inner-md-0 v-inner-0 style-1571 style-local-1311-c17 position-relative\">\n              <!---->\n              <!---->\n              <div class=\"w-100 h-y-container h-column__content h-column__v-align flex-basis-100 align-self-lg-start align-self-md-start align-self-start\">\n                <!---->\n                <div data-colibri-id=\"1311-c18\" class=\"h-global-transition-all h-heading style-1572 style-local-1311-c18 position-relative h-element\">\n                  <!---->\n                  <div class=\"h-heading__outer style-1572 style-local-1311-c18\">\n                    <!---->\n                    <!---->\n                    <h2 class=\"\">Tienen que traer<\/h2>\n                  <\/div>\n                <\/div>\n                <div data-colibri-id=\"1311-c19\" class=\"h-row-container gutters-row-lg-2 gutters-row-md-2 gutters-row-0 gutters-row-v-lg-2 gutters-row-v-md-2 gutters-row-v-0 style-1574 style-local-1311-c19 position-relative\">\n                  <!---->\n                  <div class=\"h-row justify-content-lg-center justify-content-md-center justify-content-center align-items-lg-stretch align-items-md-stretch align-items-stretch gutters-col-lg-2 gutters-col-md-2 gutters-col-0 gutters-col-v-lg-2 gutters-col-v-md-2 gutters-col-v-0\">\n                    <!---->\n                    <div class=\"h-column h-column-container d-flex h-col-lg-6 h-col-md-6 h-col-6 style-1575-outer style-local-1311-c20-outer\">\n                      <div data-colibri-id=\"1311-c20\" class=\"d-flex h-flex-basis h-column__inner h-px-lg-0 h-px-md-0 h-px-2 v-inner-lg-0 v-inner-md-0 v-inner-2 style-1575 style-local-1311-c20 position-relative\">\n                        <!---->\n                        <!---->\n                        <div class=\"w-100 h-y-container h-column__content h-column__v-align flex-basis-100 align-self-lg-start align-self-md-start align-self-start\">\n                          <!---->\n                          <div data-colibri-id=\"1311-c21\" class=\"h-global-transition-all h-heading style-1576 style-local-1311-c21 position-relative h-element\">\n                            <!---->\n                            <div class=\"h-heading__outer style-1576 style-local-1311-c21\">\n                              <!---->\n                              <!---->\n                              <h5 class=\"\">solicitud<\/h5>\n                            <\/div>\n                          <\/div>\n                          <div data-colibri-id=\"1311-c22\" class=\"h-text h-text-component style-1577 style-local-1311-c22 position-relative h-element\">\n                            <!---->\n                            <!---->\n                            <div class=\"\">\n                              <p>Se le pone sello de entrada con fecha.<\/p>\n                            <\/div>\n                          <\/div>\n                        <\/div>\n                      <\/div>\n                    <\/div>\n                    <div class=\"h-column h-column-container d-flex h-col-lg-6 h-col-md-6 h-col-6 style-1575-outer style-local-1311-c23-outer\">\n                      <div data-colibri-id=\"1311-c23\" class=\"d-flex h-flex-basis h-column__inner h-px-lg-0 h-px-md-0 h-px-2 v-inner-lg-0 v-inner-md-0 v-inner-2 style-1575 style-local-1311-c23 position-relative\">\n                        <!---->\n                        <!---->\n                        <div class=\"w-100 h-y-container h-column__content h-column__v-align flex-basis-100 align-self-lg-start align-self-md-start align-self-start\">\n                          <!---->\n                          <div data-colibri-id=\"1311-c24\" class=\"h-global-transition-all h-heading style-1576 style-local-1311-c24 position-relative h-element\">\n                            <!---->\n                            <div class=\"h-heading__outer style-1576 style-local-1311-c24\">\n                              <!---->\n                              <!---->\n                              <h5 class=\"\">El 145<\/h5>\n                            <\/div>\n                          <\/div>\n                          <div data-colibri-id=\"1311-c25\" class=\"h-text h-text-component style-1577 style-local-1311-c25 position-relative h-element\">\n                            <!---->\n                            <!---->\n                            <div class=\"\">\n                              <p>No hace falta, as\u00ed que no se pide m\u00e1s. Qu\u00e9 necesidad<\/p>\n                            <\/div>\n                          <\/div>\n                        <\/div>\n                      <\/div>\n                    <\/div>\n                    <div class=\"h-column h-column-container d-flex h-col-lg-6 h-col-md-6 h-col-6 style-1575-outer style-local-1311-c26-outer\">\n                      <div data-colibri-id=\"1311-c26\" class=\"d-flex h-flex-basis h-column__inner h-px-lg-0 h-px-md-0 h-px-2 v-inner-lg-0 v-inner-md-0 v-inner-2 style-1575 style-local-1311-c26 position-relative\">\n                        <!---->\n                        <!---->\n                        <div class=\"w-100 h-y-container h-column__content h-column__v-align flex-basis-100 align-self-lg-start align-self-md-start align-self-start\">\n                          <!---->\n                          <div data-colibri-id=\"1311-c27\" class=\"h-global-transition-all h-heading style-1576 style-local-1311-c27 position-relative h-element\">\n                            <!---->\n                            <div class=\"h-heading__outer style-1576 style-local-1311-c27\">\n                              <!---->\n                              <!---->\n                              <h5 class=\"\">Acuerdo de jubilaci\u00f3n<\/h5>\n                            <\/div>\n                          <\/div>\n                          <div data-colibri-id=\"1311-c28\" class=\"h-text h-text-component style-1577 style-local-1311-c28 position-relative h-element\">\n                            <!---->\n                            <!---->\n                            <div class=\"\">\n                              <p>Los de la CCAA que son muy originales para todo traen una \u00f3rden de jubilaci\u00f3n.<\/p>\n                            <\/div>\n                          <\/div>\n                        <\/div>\n                      <\/div>\n                    <\/div>\n                    <div class=\"h-column h-column-container d-flex h-col-lg-6 h-col-md-6 h-col-6 style-1575-outer style-local-1311-c29-outer\">\n                      <div data-colibri-id=\"1311-c29\" class=\"d-flex h-flex-basis h-column__inner h-px-lg-0 h-px-md-0 h-px-2 v-inner-lg-0 v-inner-md-0 v-inner-2 style-1575 style-local-1311-c29 position-relative\">\n                        <!---->\n                        <!---->\n                        <div class=\"w-100 h-y-container h-column__content h-column__v-align flex-basis-100 align-self-lg-start align-self-md-start align-self-start\">\n                          <!---->\n                          <div data-colibri-id=\"1311-c30\" class=\"h-global-transition-all h-heading style-1576 style-local-1311-c30 position-relative h-element\">\n                            <!---->\n                            <div class=\"h-heading__outer style-1576 style-local-1311-c30\">\n                              <!---->\n                              <!---->\n                              <h5 class=\"\">certificado de haberes del \u00faltimo mes<\/h5>\n                            <\/div>\n                          <\/div>\n                          <div data-colibri-id=\"1311-c31\" class=\"h-text h-text-component style-1577 style-local-1311-c31 position-relative h-element\">\n                            <!---->\n                            <!---->\n                            <div class=\"\">\n                              <p>Que vengan las retribuciones b\u00e1sicas (sueldo y trienios) que es lo que nos interesa para que cobre<\/p>\n                            <\/div>\n                          <\/div>\n                        <\/div>\n                      <\/div>\n                    <\/div>\n                  <\/div>\n                <\/div>\n              <\/div>\n            <\/div>\n          <\/div>\n        <\/div>\n      <\/div>\n    <\/div>\n  <\/div>\n<\/div>","protected":false},"excerpt":{"rendered":"<p>Solicitud Modelo 145 Solo jubilados forzosos por edad (+65) o por incapacidad permanente. Se les da la mitad de las retribuciones b\u00e1sicas (sueldo + trienios). Se avisa a los de colectivos por si no les ha contado nadie que se ha jubilado Tienen que traer solicitud Se le pone sello de entrada con fecha. El [&hellip;]<\/p>\n","protected":false},"author":1,"featured_media":0,"parent":222,"menu_order":0,"comment_status":"closed","ping_status":"closed","template":"page-templates\/full-width-page.php","meta":{"footnotes":""},"_links":{"self":[{"href":"https:\/\/papelorios.eu\/index.php\/wp-json\/wp\/v2\/pages\/1311"}],"collection":[{"href":"https:\/\/papelorios.eu\/index.php\/wp-json\/wp\/v2\/pages"}],"about":[{"href":"https:\/\/papelorios.eu\/index.php\/wp-json\/wp\/v2\/types\/page"}],"author":[{"embeddable":true,"href":"https:\/\/papelorios.eu\/index.php\/wp-json\/wp\/v2\/users\/1"}],"replies":[{"embeddable":true,"href":"https:\/\/papelorios.eu\/index.php\/wp-json\/wp\/v2\/comments?post=1311"}],"version-history":[{"count":3,"href":"https:\/\/papelorios.eu\/index.php\/wp-json\/wp\/v2\/pages\/1311\/revisions"}],"predecessor-version":[{"id":2308,"href":"https:\/\/papelorios.eu\/index.php\/wp-json\/wp\/v2\/pages\/1311\/revisions\/2308"}],"up":[{"embeddable":true,"href":"https:\/\/papelorios.eu\/index.php\/wp-json\/wp\/v2\/pages\/222"}],"wp:attachment":[{"href":"https:\/\/papelorios.eu\/index.php\/wp-json\/wp\/v2\/media?parent=1311"}],"curies":[{"name":"wp","href":"https:\/\/api.w.org\/{rel}","templated":true}]}}