{"id":1480,"date":"2022-06-29T10:38:24","date_gmt":"2022-06-29T10:38:24","guid":{"rendered":"https:\/\/papelorios.es\/index.php\/ayudas-asistenciales\/"},"modified":"2022-08-06T18:48:28","modified_gmt":"2022-08-06T16:48:28","slug":"ayudas-asistenciales","status":"publish","type":"page","link":"https:\/\/papelorios.eu\/index.php\/prestaciones\/ayudas-asistenciales\/","title":{"rendered":"Ayudas Asistenciales"},"content":{"rendered":"<div data-colibri-id=\"1480-c1\" class=\"style-1597 style-local-1480-c1 position-relative\">\n  <!---->\n  <div data-colibri-component=\"section\" data-colibri-id=\"1480-c2\" id=\"custom\" class=\"h-section h-section-global-spacing d-flex align-items-lg-center align-items-md-center align-items-center style-1598 style-local-1480-c2 position-relative\">\n    <!---->\n    <!---->\n    <div class=\"h-section-grid-container h-section-boxed-container\">\n      <!---->\n      <div data-colibri-id=\"1480-c3\" class=\"h-row-container gutters-row-lg-2 gutters-row-md-2 gutters-row-0 gutters-row-v-lg-2 gutters-row-v-md-2 gutters-row-v-2 style-1599 style-local-1480-c3 position-relative\">\n        <!---->\n        <div class=\"h-row justify-content-lg-center justify-content-md-center justify-content-center align-items-lg-stretch align-items-md-stretch align-items-stretch gutters-col-lg-2 gutters-col-md-2 gutters-col-0 gutters-col-v-lg-2 gutters-col-v-md-2 gutters-col-v-2\">\n          <!---->\n          <div class=\"h-column h-column-container d-flex h-col-lg-auto h-col-md-auto h-col-auto style-1600-outer style-local-1480-c4-outer\">\n            <div data-colibri-id=\"1480-c4\" class=\"d-flex h-flex-basis h-column__inner h-px-lg-2 h-px-md-2 h-px-2 v-inner-lg-2 v-inner-md-2 v-inner-2 style-1600 style-local-1480-c4 position-relative\">\n              <!---->\n              <!---->\n              <div class=\"w-100 h-y-container h-column__content h-column__v-align flex-basis-100 align-self-lg-center align-self-md-center align-self-center\">\n                <!---->\n                <div data-colibri-id=\"1480-c5\" class=\"h-x-container style-1604 style-local-1480-c5 position-relative h-element\">\n                  <!---->\n                  <div class=\"h-x-container-inner style-dynamic-1480-c5-group style-1604-spacing style-local-1480-c5-spacing\"><span class=\"h-button__outer style-1605-outer style-local-1480-c6-outer d-inline-flex h-element\"><a h-use-smooth-scroll=\"true\" href=\"https:\/\/www.muface.es\/dam\/jcr:dd7d2e84-c2e6-4e19-a0f4-8f3a90cd2e64\/Ayuda_AsistencialDPS-41001.pdf\"  data-colibri-id=\"1480-c6\" class=\"d-flex w-100 align-items-center h-button justify-content-lg-center justify-content-md-center justify-content-center style-1605 style-local-1480-c6 position-relative\"><!----><!----> <span>Solicitud<\/span><\/a>\n                    <\/span>\n                  <\/div>\n                <\/div>\n              <\/div>\n            <\/div>\n          <\/div>\n          <div class=\"h-column h-column-container d-flex h-col-lg-auto h-col-md-auto h-col-auto style-1601-outer style-local-1480-c7-outer\">\n            <div data-colibri-id=\"1480-c7\" class=\"d-flex h-flex-basis h-column__inner h-px-lg-2 h-px-md-2 h-px-2 v-inner-lg-2 v-inner-md-2 v-inner-2 style-1601 style-local-1480-c7 position-relative\">\n              <!---->\n              <!---->\n              <div class=\"w-100 h-y-container h-column__content h-column__v-align flex-basis-100 align-self-lg-center align-self-md-center align-self-center\">\n                <!---->\n                <div data-colibri-id=\"1480-c8\" class=\"h-x-container style-1606 style-local-1480-c8 position-relative h-element\">\n                  <!---->\n                  <div class=\"h-x-container-inner style-dynamic-1480-c8-group style-1606-spacing style-local-1480-c8-spacing\"><span class=\"h-button__outer style-1607-outer style-local-1480-c9-outer d-inline-flex h-element\"><a h-use-smooth-scroll=\"true\" href=\"https:\/\/www.muface.es\/dam\/jcr:976eef55-2b1d-4e57-a9b9-b400b22fbdfa\/declaracion_de_rendimientos_DPS_34911.pdf\"  data-colibri-id=\"1480-c9\" class=\"d-flex w-100 align-items-center h-button justify-content-lg-center justify-content-md-center justify-content-center style-1607 style-local-1480-c9 position-relative\"><!----><!----> <span>Declaraci\u00f3n de rendimientos<\/span><\/a>\n                    <\/span>\n                  <\/div>\n                <\/div>\n              <\/div>\n            <\/div>\n          <\/div>\n          <div class=\"h-column h-column-container d-flex h-col-lg-auto h-col-md-auto h-col-auto style-1602-outer style-local-1480-c10-outer\">\n            <div data-colibri-id=\"1480-c10\" class=\"d-flex h-flex-basis h-column__inner h-px-lg-2 h-px-md-2 h-px-2 v-inner-lg-2 v-inner-md-2 v-inner-2 style-1602 style-local-1480-c10 position-relative\">\n              <!---->\n              <!---->\n              <div class=\"w-100 h-y-container h-column__content h-column__v-align flex-basis-100 align-self-lg-center align-self-md-center align-self-center\">\n                <!---->\n                <div data-colibri-id=\"1480-c11\" class=\"h-x-container style-1608 style-local-1480-c11 position-relative h-element\">\n                  <!---->\n                  <div class=\"h-x-container-inner style-dynamic-1480-c11-group style-1608-spacing style-local-1480-c11-spacing\"><span class=\"h-button__outer style-1609-outer style-local-1480-c12-outer d-inline-flex h-element\"><a h-use-smooth-scroll=\"true\" href=\"https:\/\/www.muface.es\/dam\/jcr:7a0a6bd9-1d59-4b5e-ad63-0a237aa5d627\/declaracion_pensiones_y_prest_DPS_34912.pdf\"  data-colibri-id=\"1480-c12\" class=\"d-flex w-100 align-items-center h-button justify-content-lg-center justify-content-md-center justify-content-center style-1609 style-local-1480-c12 position-relative\"><!----><!----> <span>declaraci\u00f3n pensiones y prestaciones<\/span><\/a>\n                    <\/span>\n                  <\/div>\n                <\/div>\n              <\/div>\n            <\/div>\n          <\/div>\n          <div class=\"h-column h-column-container d-flex h-col-lg-auto h-col-md-auto h-col-auto style-1603-outer style-local-1480-c13-outer\">\n            <div data-colibri-id=\"1480-c13\" class=\"d-flex h-flex-basis h-column__inner h-px-lg-2 h-px-md-2 h-px-2 v-inner-lg-2 v-inner-md-2 v-inner-2 style-1603 style-local-1480-c13 position-relative\">\n              <!---->\n              <!---->\n              <div class=\"w-100 h-y-container h-column__content h-column__v-align flex-basis-100 align-self-lg-center align-self-md-center align-self-center\">\n                <!---->\n                <div data-colibri-id=\"1480-c14\" class=\"h-x-container style-1610 style-local-1480-c14 position-relative h-element\">\n                  <!---->\n                  <div class=\"h-x-container-inner style-dynamic-1480-c14-group style-1610-spacing style-local-1480-c14-spacing\"><span class=\"h-button__outer style-1611-outer style-local-1480-c15-outer d-inline-flex h-element\"><a h-use-smooth-scroll=\"true\" href=\"https:\/\/www.muface.es\/dam\/jcr:f0b1ad22-b393-4620-bd86-808351e550b9\/comunicacion-datos-alpagador_mod145.pdf\"  data-colibri-id=\"1480-c15\" class=\"d-flex w-100 align-items-center h-button justify-content-lg-center justify-content-md-center justify-content-center style-1611 style-local-1480-c15 position-relative\"><!----><!----> <span>Modelo 145<\/span><\/a>\n                    <\/span>\n                  <\/div>\n                <\/div>\n              <\/div>\n            <\/div>\n          <\/div>\n        <\/div>\n      <\/div>\n    <\/div>\n  <\/div>\n  <div data-colibri-component=\"section\" data-colibri-id=\"1480-c16\" id=\"custom-2\" class=\"h-section h-section-global-spacing d-flex align-items-lg-center align-items-md-center align-items-center style-1612 style-local-1480-c16 position-relative\">\n    <!---->\n    <!---->\n    <div class=\"h-section-grid-container h-section-boxed-container\">\n      <!---->\n      <div data-colibri-id=\"1480-c17\" class=\"h-row-container gutters-row-lg-2 gutters-row-md-2 gutters-row-0 gutters-row-v-lg-2 gutters-row-v-md-2 gutters-row-v-2 style-1613 style-local-1480-c17 position-relative\">\n        <!---->\n        <div class=\"h-row justify-content-lg-center justify-content-md-center justify-content-center align-items-lg-stretch align-items-md-stretch align-items-stretch gutters-col-lg-2 gutters-col-md-2 gutters-col-0 gutters-col-v-lg-2 gutters-col-v-md-2 gutters-col-v-2\">\n          <!---->\n          <div class=\"h-column h-column-container d-flex h-col-lg-auto h-col-md-auto h-col-auto style-1614-outer style-local-1480-c18-outer\">\n            <div data-colibri-id=\"1480-c18\" class=\"d-flex h-flex-basis h-column__inner h-px-lg-2 h-px-md-2 h-px-2 v-inner-lg-2 v-inner-md-2 v-inner-2 style-1614 style-local-1480-c18 position-relative\">\n              <!---->\n              <!---->\n              <div class=\"w-100 h-y-container h-column__content h-column__v-align flex-basis-100 align-self-lg-start align-self-md-start align-self-start\">\n                <!---->\n                <div data-colibri-id=\"1480-c20\" class=\"h-global-transition-all h-heading style-1855 style-local-1480-c20 position-relative h-element\">\n                  <!---->\n                  <div class=\"h-heading__outer style-1855 style-local-1480-c20\">\n                    <!---->\n                    <!---->\n                    <h1 class=\"\"><span style=\"color: rgb(64, 158, 191); font-weight: 400;\">Lo que viene aqu\u00ed abajo es copia de la web, nada nuevo y ni idea de que hacer. Lo importante<\/span><span style=\"color: rgb(64, 158, 191);\">: <\/span><span style=\"color: rgb(14, 93, 123); font-weight: 600;\">SON PARA JOS\u00c9 LUIS<\/span>\n                      <span\n                        style=\"color: rgb(64, 158, 191);\">\n                        <br>\n                        <\/span>\n                    <\/h1>\n                  <\/div>\n                <\/div>\n                <div data-colibri-id=\"1480-c19\" class=\"h-text h-text-component style-1615 style-local-1480-c19 position-relative h-element\">\n                  <!---->\n                  <!---->\n                  <div class=\"\">\n                    <h2>Tipo de prestaci\u00f3n<\/h2>\n                    <p>Prestaci\u00f3n de pago \u00fanico.<\/p>\n                    <h2>\u00bfDe qu\u00e9 se trata?<\/h2>\n                    <p>Son servicios y ayudas econ\u00f3micas destinados a atender determinados estados o situaciones de necesidad, no cubiertos por otras prestaciones, siempre que se carezca de los recursos indispensables para hacer frente a los mismos.&nbsp;\n                      <span\n                        style=\"font-family: raleway-semibold;\">Entre ellas destacan las ayudas al copago farmac\u00e9utico para personas mutualistas&nbsp;jubiladas, y las titulares viudas o hu\u00e9rfanas en situaci\u00f3n de vulnerabilidad, con arreglo a los requisitos que anualmente se recogen en la convocatoria\n                        que se publica en el BOE. El dinero no se pone porque se consulta a la farmacia.<\/span>\n                    <\/p>\n                    <h2>Cuant\u00eda<\/h2>\n                    <p>Corresponde a las Comisiones Provinciales de MUFACE la definici\u00f3n de los criterios para la concesi\u00f3n de Ayudas Asistenciales, con sujeci\u00f3n a las normas reguladoras de la prestaci\u00f3n, a los par\u00e1metros de homogeneizaci\u00f3n establecidos\n                      por la Direcci\u00f3n General de MUFACE y, en concreto, a lo dispuesto&nbsp;<span style=\"font-family: raleway-semibold;\">en la resoluci\u00f3n de convocatoria anual que se publica en el BOE.<\/span><\/p>\n                    <h2>Qui\u00e9nes se pueden beneficiar de la ayuda<\/h2>\n                    <p>Mutualistas y&nbsp;titulares del documento asimilado al de afiliaci\u00f3n.<\/p>\n                    <h2>Plazo de presentaci\u00f3n<\/h2>\n                    <p>Las solicitudes se presentan&nbsp;<strong style=\"font-family: raleway-semibold;\">en los plazos que se establecen en la resoluci\u00f3n de convocatoria anual. En 2022, los mutualistas podr\u00e1n solicitar ayudas del 15 de junio al 15 de septiembre, ambos inclusive.<\/strong><\/p>\n                    <h2>Normativa<\/h2>\n                    <p>\n                      <a href=\"https:\/\/www.boe.es\/boe\/dias\/2022\/06\/14\/pdfs\/BOE-A-2022-9816.pdf\" target=\"_blank\" style=\"font-family: raleway; color: rgb(0, 106, 148);\" class=\"customize-unpreviewable\" rel=\"noopener\">Resoluci\u00f3n de 3 de junio de 2022<\/a>&nbsp;, de la Mutualidad General de Funcionarios Civiles del Estado, por la que se convocan ayudas asistenciales para el a\u00f1o 2022. ( BOE de 14 de junio de 2022).\n                      <a href=\"http:\/\/www.boe.es\/buscar\/pdf\/2003\/BOE-A-2003-7527-consolidado.pdf\" target=\"_blank\" style=\"font-family: raleway; color: rgb(0, 106, 148);\" class=\"customize-unpreviewable\" rel=\"noopener\">Reglamento General del Mutualismo Administrativo, aprobado por R.D. 355\/2003, de 28 de marzo, art\u00edculo 137<\/a>\n                    <\/p>\n                    <h2>Lugar de presentaci\u00f3n de la solicitud<\/h2>\n                    <p>A trav\u00e9s de la&nbsp;\n                      <a href=\"https:\/\/www.muface.es\/muface_Home\/muface_sede_electronica.html\" style=\"font-family: raleway; color: rgb(0, 106, 148);\" class=\"customize-unpreviewable\">sede electr\u00f3nica de MUFACE<\/a>&nbsp;las 24 horas del d\u00eda, todos los d\u00edas del a\u00f1o, sin necesidad de acudir a las nuestras oficinas. Se precisa certificado electr\u00f3nico en vigor, DNI electr\u00f3nico, Cl@ve Permanente o Cl@ve PIN. Si desea\n                      registrarse en Cl@ve,&nbsp;\n                      <a href=\"https:\/\/www.muface.es\/muface_Home\/atencion-al-mutualista\/Oficinas-de-registro-Cl-ve-en-MUFACE.html\" style=\"font-family: raleway; color: rgb(0, 106, 148);\" class=\"customize-unpreviewable\">entre aqu\u00ed.<\/a>En&nbsp;\n                      <a href=\"https:\/\/www.muface.es\/muface_Home\/atencion-al-mutualista\/nuestrasOficinas.html\" style=\"font-family: raleway; color: rgb(0, 106, 148);\" class=\"customize-unpreviewable\">Nuestras Oficinas de MUFACE<\/a>&nbsp;, siempre con&nbsp;\n                      <a href=\"https:\/\/www.muface.es\/muface_Home\/atencion-al-mutualista\/Oficinas-de-MUFACE-con-Cita-Previa.html\" style=\"font-family: raleway; color: rgb(0, 106, 148);\" class=\"customize-unpreviewable\">cita previa<\/a>&nbsp;o en cualquiera de los registros previstos en el art\u00edculo 16.4 de la Ley 39\/2015, de 1 de octubre, del Procedimiento Administrativo de las Administraciones P\u00fablicas.Por correo postal.<\/p>\n                    <p><strong style=\"font-family: raleway-semibold;\">Recuerde: el plazo para presentar la solicitud en 2022 comienza el 15 de junio&nbsp;y acaba el 15 de septiembre, ambos inclusive.<\/strong><\/p>\n                    <p>\n                      <br>\n                    <\/p>\n                  <\/div>\n                <\/div>\n              <\/div>\n            <\/div>\n          <\/div>\n        <\/div>\n      <\/div>\n    <\/div>\n  <\/div>\n<\/div>","protected":false},"excerpt":{"rendered":"<p>Solicitud Declaraci\u00f3n de rendimientos declaraci\u00f3n pensiones y prestaciones Modelo 145 Lo que viene aqu\u00ed abajo es copia de la web, nada nuevo y ni idea de que hacer. Lo importante: SON PARA JOS\u00c9 LUIS Tipo de prestaci\u00f3n Prestaci\u00f3n de pago \u00fanico. \u00bfDe qu\u00e9 se trata? Son servicios y ayudas econ\u00f3micas destinados a atender determinados estados [&hellip;]<\/p>\n","protected":false},"author":1,"featured_media":0,"parent":39,"menu_order":0,"comment_status":"closed","ping_status":"closed","template":"page-templates\/full-width-page.php","meta":{"footnotes":""},"_links":{"self":[{"href":"https:\/\/papelorios.eu\/index.php\/wp-json\/wp\/v2\/pages\/1480"}],"collection":[{"href":"https:\/\/papelorios.eu\/index.php\/wp-json\/wp\/v2\/pages"}],"about":[{"href":"https:\/\/papelorios.eu\/index.php\/wp-json\/wp\/v2\/types\/page"}],"author":[{"embeddable":true,"href":"https:\/\/papelorios.eu\/index.php\/wp-json\/wp\/v2\/users\/1"}],"replies":[{"embeddable":true,"href":"https:\/\/papelorios.eu\/index.php\/wp-json\/wp\/v2\/comments?post=1480"}],"version-history":[{"count":5,"href":"https:\/\/papelorios.eu\/index.php\/wp-json\/wp\/v2\/pages\/1480\/revisions"}],"predecessor-version":[{"id":2222,"href":"https:\/\/papelorios.eu\/index.php\/wp-json\/wp\/v2\/pages\/1480\/revisions\/2222"}],"up":[{"embeddable":true,"href":"https:\/\/papelorios.eu\/index.php\/wp-json\/wp\/v2\/pages\/39"}],"wp:attachment":[{"href":"https:\/\/papelorios.eu\/index.php\/wp-json\/wp\/v2\/media?parent=1480"}],"curies":[{"name":"wp","href":"https:\/\/api.w.org\/{rel}","templated":true}]}}