{"id":218,"date":"2022-06-12T09:10:57","date_gmt":"2022-06-12T09:10:57","guid":{"rendered":"http:\/\/papelorios.eu\/?page_id=218"},"modified":"2022-10-24T13:01:55","modified_gmt":"2022-10-24T11:01:55","slug":"ortoprotesis","status":"publish","type":"page","link":"https:\/\/papelorios.eu\/index.php\/prestaciones\/ortoprotesis\/","title":{"rendered":"Ortopr\u00f3tesis"},"content":{"rendered":"<div data-colibri-id=\"218-c1\" class=\"style-1016 style-local-218-c1 position-relative\">\n  <!---->\n  <div data-colibri-component=\"section\" data-colibri-id=\"218-c2\" id=\"custom\" class=\"h-section h-section-global-spacing d-flex align-items-lg-center align-items-md-center align-items-center style-1017 style-local-218-c2 position-relative\">\n    <!---->\n    <!---->\n    <div class=\"h-section-grid-container h-section-boxed-container\">\n      <!---->\n      <div data-colibri-id=\"218-c3\" class=\"h-row-container gutters-row-lg-2 gutters-row-md-2 gutters-row-0 gutters-row-v-lg-2 gutters-row-v-md-2 gutters-row-v-2 style-1018 style-local-218-c3 position-relative\">\n        <!---->\n        <div class=\"h-row justify-content-lg-center justify-content-md-center justify-content-center align-items-lg-stretch align-items-md-stretch align-items-stretch gutters-col-lg-2 gutters-col-md-2 gutters-col-0 gutters-col-v-lg-2 gutters-col-v-md-2 gutters-col-v-2\">\n          <!---->\n          <div class=\"h-column h-column-container d-flex h-col-lg-auto h-col-md-auto h-col-auto style-1019-outer style-local-218-c4-outer\">\n            <div data-colibri-id=\"218-c4\" class=\"d-flex h-flex-basis h-column__inner h-px-lg-2 h-px-md-2 h-px-2 v-inner-lg-2 v-inner-md-2 v-inner-2 style-1019 style-local-218-c4 position-relative\">\n              <!---->\n              <!---->\n              <div class=\"w-100 h-y-container h-column__content h-column__v-align flex-basis-100 align-self-lg-start align-self-md-start align-self-start\">\n                <!---->\n                <div data-colibri-id=\"218-c5\" class=\"h-x-container style-1022 style-local-218-c5 position-relative h-element\">\n                  <!---->\n                  <div class=\"h-x-container-inner style-dynamic-218-c5-group style-1022-spacing style-local-218-c5-spacing\"><span class=\"h-button__outer style-1023-outer style-local-218-c6-outer d-inline-flex h-element\"><a h-use-smooth-scroll=\"true\" href=\"https:\/\/www.muface.es\/muface_Home\/dam\/jcr:3dfd0f8b-61b7-40a1-8c99-e64c2b40f1c5\/PREST_COM_ORTOPROTESICAS_DPSA-17A-ABRIL2021-CAST.pdf\"  data-colibri-id=\"218-c6\" class=\"d-flex w-100 align-items-center h-button justify-content-lg-center justify-content-md-center justify-content-center style-1023 style-local-218-c6 position-relative\"><!----><!----> <span>solicitud<\/span><\/a>\n                    <\/span>\n                  <\/div>\n                <\/div>\n              <\/div>\n            <\/div>\n          <\/div>\n          <div class=\"h-column h-column-container d-flex h-col-lg-auto h-col-md-auto h-col-auto style-1020-outer style-local-218-c7-outer\">\n            <div data-colibri-id=\"218-c7\" class=\"d-flex h-flex-basis h-column__inner h-px-lg-2 h-px-md-2 h-px-2 v-inner-lg-2 v-inner-md-2 v-inner-2 style-1020 style-local-218-c7 position-relative\">\n              <!---->\n              <!---->\n              <div class=\"w-100 h-y-container h-column__content h-column__v-align flex-basis-100 align-self-lg-start align-self-md-start align-self-start\">\n                <!---->\n                <div data-colibri-id=\"218-c8\" class=\"h-x-container style-1024 style-local-218-c8 position-relative h-element\">\n                  <!---->\n                  <div class=\"h-x-container-inner style-dynamic-218-c8-group style-1024-spacing style-local-218-c8-spacing\"><span class=\"h-button__outer style-1025-outer style-local-218-c9-outer d-inline-flex h-element\"><a h-use-smooth-scroll=\"true\" href=\"https:\/\/www.muface.es\/muface_Home\/dam\/jcr:1c0a4e00-33fd-434d-9cc3-698947672e40\/PRESCRIPCION_ORTOPROTESICA_ABRIL_2021.pdf\"  data-colibri-id=\"218-c9\" class=\"d-flex w-100 align-items-center h-button justify-content-lg-center justify-content-md-center justify-content-center style-1025 style-local-218-c9 position-relative\"><!----><!----> <span>informe<\/span><\/a>\n                    <\/span>\n                  <\/div>\n                <\/div>\n              <\/div>\n            <\/div>\n          <\/div>\n          <div class=\"h-column h-column-container d-flex h-col-lg-auto h-col-md-auto h-col-auto style-1021-outer style-local-218-c10-outer\">\n            <div data-colibri-id=\"218-c10\" class=\"d-flex h-flex-basis h-column__inner h-px-lg-2 h-px-md-2 h-px-2 v-inner-lg-2 v-inner-md-2 v-inner-2 style-1021 style-local-218-c10 position-relative\">\n              <!---->\n              <!---->\n              <div class=\"w-100 h-y-container h-column__content h-column__v-align flex-basis-100 align-self-lg-start align-self-md-start align-self-start\">\n                <!---->\n                <div data-colibri-id=\"218-c11\" class=\"h-x-container style-1026 style-local-218-c11 position-relative h-element\">\n                  <!---->\n                  <div class=\"h-x-container-inner style-dynamic-218-c11-group style-1026-spacing style-local-218-c11-spacing\"><span class=\"h-button__outer style-1027-outer style-local-218-c12-outer d-inline-flex h-element\"><a h-use-smooth-scroll=\"true\" href=\"https:\/\/www.muface.es\/muface_Home\/dam\/jcr:d378a014-585f-4e39-a4cf-0d04df5f11f1\/PRESCRIPCION_SILLA_RUEDAS_ELECTRICA_abril2021.pdf\"  data-colibri-id=\"218-c12\" class=\"d-flex w-100 align-items-center h-button justify-content-lg-center justify-content-md-center justify-content-center style-1027 style-local-218-c12 position-relative\"><!----><!----> <span>informe silla elect<\/span><\/a>\n                    <\/span>\n                  <\/div>\n                <\/div>\n              <\/div>\n            <\/div>\n          <\/div>\n        <\/div>\n      <\/div>\n      <div data-colibri-id=\"218-c13\" class=\"h-row-container gutters-row-lg-2 gutters-row-md-2 gutters-row-0 gutters-row-v-lg-2 gutters-row-v-md-2 gutters-row-v-2 style-1028 style-local-218-c13 position-relative\">\n        <!---->\n        <div class=\"h-row justify-content-lg-center justify-content-md-center justify-content-center align-items-lg-stretch align-items-md-stretch align-items-stretch gutters-col-lg-2 gutters-col-md-2 gutters-col-0 gutters-col-v-lg-2 gutters-col-v-md-2 gutters-col-v-2\">\n          <!---->\n          <div class=\"h-column h-column-container d-flex h-col-lg-auto h-col-md-auto h-col-auto style-1029-outer style-local-218-c14-outer\">\n            <div data-colibri-id=\"218-c14\" class=\"d-flex h-flex-basis h-column__inner h-px-lg-2 h-px-md-2 h-px-2 v-inner-lg-2 v-inner-md-2 v-inner-2 style-1029 style-local-218-c14 position-relative\">\n              <!---->\n              <!---->\n              <div class=\"w-100 h-y-container h-column__content h-column__v-align flex-basis-100 align-self-lg-start align-self-md-start align-self-start\">\n                <!---->\n                <div data-colibri-id=\"218-c15\" class=\"h-text h-text-component style-1031 style-local-218-c15 position-relative h-element\">\n                  <!---->\n                  <!---->\n                  <div class=\"\">\n                    <p><span style=\"color: rgb(0, 0, 0); font-family: Arial; font-size: 10.5pt;\">Para mutualistas en <\/span><strong style=\"color: rgb(0, 0, 0); font-family: Arial; font-size: 10.5pt;\">sanidad privada <\/strong><span style=\"color: rgb(0, 0, 0); font-family: Arial; font-size: 10.5pt;\">que necesiten productos sanitarios de uso externo relacionados en el Cat\u00e1logo General de Material Ortoprot\u00e9sico. Los que tengan el INSS deben solicitar la prestaci\u00f3n por dicho Servicio de Salud, en las mismas condiciones y a trav\u00e9s del procedimiento que establezcan para sus usuarios. El Importe m\u00e1ximo de financiaci\u00f3n es el mismo en todos los casos.<\/span>\n                      <span\n                        style=\"color: rgb(0, 0, 0); font-family: Arial;\"> Tienen<\/span><strong style=\"color: rgb(0, 0, 0); font-family: Arial;\"> 5 a\u00f1os<\/strong><span style=\"color: rgb(0, 0, 0); font-family: Arial;\"> para pedirlos.&nbsp;<\/span><\/p>\n                    <p><strong style=\"color: rgb(0, 0, 0); font-family: Arial;\">Importante: <\/strong><span style=\"color: rgb(0, 0, 0); font-family: Arial;\">Si tiene m\u00e1s de un 33% de discapacidad, el IVA de la factura tiene que ir al 4%<\/span><\/p>\n                    <p><strong style=\"color: rgb(0, 0, 0); font-family: Arial; font-size: 16px;\">Importante los pr\u00f3ximos 4\/5 a\u00f1os:&nbsp;<\/strong><span style=\"color: rgb(0, 0, 0); font-family: Arial; font-size: 16px; font-weight: 400;\">El cat\u00e1logo ha cambiado el 01\/07\/2022, las facturas anteriores tienen que ir con el cat\u00e1logo anterior<\/span>\n                      <span\n                        style=\"color: rgb(0, 0, 0); font-family: Arial;\">. De hecho, este a\u00f1o se juega con tres cat\u00e1logos seg\u00fan fecha de la factura.<\/span>\n                    <\/p>\n                    <p><strong style=\"color: rgb(0, 0, 0); font-family: Arial;\">Tambi\u00e9n importante: <\/strong><span style=\"color: rgb(0, 0, 0); font-family: Arial;\">La factura tiene que ser del mismo d\u00eda o posterior al informe<\/span><\/p>\n                    <p><strong style=\"font-size: 16px; color: rgb(0, 0, 0); font-family: Arial;\">M\u00e1s cosas:&nbsp;<\/strong><span style=\"font-size: 16px; color: rgb(0, 0, 0); font-family: Arial; font-weight: 400;\">En los casos de objetos adaptables, la factura tiene que ir firmada por el vendedor <\/span>\n                      <strong\n                        style=\"font-size: 16px; color: rgb(0, 0, 0); font-family: Arial;\">y<\/strong><span style=\"font-size: 16px; color: rgb(0, 0, 0); font-family: Arial; font-weight: 400;\"> por el responsable de la adaptaci\u00f3n (que ponga eso, el responsable de la adaptaci\u00f3n). Queda claro que firman los dos \u00bfno?<\/span><\/p>\n                  <\/div>\n                <\/div>\n                <div data-colibri-id=\"218-c16\" class=\"h-global-transition-all h-heading style-1032 style-local-218-c16 position-relative h-element\">\n                  <!---->\n                  <div class=\"h-heading__outer style-1032 style-local-218-c16\">\n                    <!---->\n                    <!---->\n                    <h4 class=\"\">Papeles a Presentar<\/h4>\n                  <\/div>\n                <\/div>\n                <div data-colibri-id=\"218-c17\" class=\"h-text h-text-component style-1033 style-local-218-c17 position-relative h-element\">\n                  <!---->\n                  <!---->\n                  <div class=\"\">\n                    <p><span style=\"font-size: 12pt; font-family: Arial;\">Solicitud<\/span><\/p>\n                    <p><span style=\"font-size: 12pt; font-family: Arial;\">Informe m\u00e9dico normalizado de especialista de la compa\u00f1\u00eda sanitaria a la que pertenezca el mutualista. Tiene que llevar diagn\u00f3stico y prescripci\u00f3n con el n\u00famero del c\u00f3digo de MUFACE<\/span><\/p>\n                    <p><span style=\"font-size: 12pt; font-family: Arial;\">Factura de establecimiento dispensador de ortopedia autorizado por la autoridad sanitaria competente. Con todos los requisitos legales y el IVA del 4% si el causante tiene m\u00e1s del 33% y si no es una pieza. Y con el mismo n\u00famero de cat\u00e1logo que el informe<\/span><\/p>\n                  <\/div>\n                <\/div>\n                <div data-colibri-id=\"218-c18\" class=\"h-global-transition-all h-heading style-1034 style-local-218-c18 position-relative h-element\">\n                  <!---->\n                  <div class=\"h-heading__outer style-1034 style-local-218-c18\">\n                    <!---->\n                    <!---->\n                    <h4 class=\"\">Incluye<\/h4>\n                  <\/div>\n                <\/div>\n                <div data-colibri-id=\"218-c19\" class=\"h-text h-text-component style-1035 style-local-218-c19 position-relative h-element\">\n                  <!---->\n                  <!---->\n                  <div class=\"\">\n                    <p><span style=\"font-size: 12pt; font-family: Arial; color: rgb(0, 0, 0);\">Pr\u00f3tesis externas (productos sanitarios que requieren una elaboraci\u00f3n y\/o adaptaci\u00f3n individualizada y que, dirigidas a sustituir un \u00f3rgano o parte de \u00e9l, no precisan la implantaci\u00f3n quir\u00fargica en el paciente).<\/span><\/p>\n                    <p><span style=\"font-size: 12pt; font-family: Arial; color: rgb(0, 0, 0);\">Sillas de ruedas (personas que han perdido, total o parcialmente y de forma permanente, la capacidad de deambulaci\u00f3n y que sean adecuados a su grado de invalidez).<\/span><\/p>\n                    <p><span style=\"font-size: 12pt; font-family: Arial; color: rgb(0, 0, 0);\">Ortesis (productos sanitarios de uso externo no implantables que, adaptados individualmente al paciente, se destinan a modificar las condiciones estructurales o funcionales del sistema neuromuscular o del esqueleto).<\/span><\/p>\n                    <p><span style=\"font-size: 12pt; font-family: Arial; color: rgb(0, 0, 0);\">Pr\u00f3tesis Especiales (aquellas que, no correspondiendo por sus caracter\u00edsticas a ninguno de los apartados anteriores, se encuentran incluidas en el Cat\u00e1logo General de Material Ortoprot\u00e9sico).<\/span><\/p>\n                  <\/div>\n                <\/div>\n              <\/div>\n            <\/div>\n          <\/div>\n        <\/div>\n      <\/div>\n    <\/div>\n  <\/div>\n<\/div>","protected":false},"excerpt":{"rendered":"<p>solicitud informe informe silla elect Para mutualistas en sanidad privada que necesiten productos sanitarios de uso externo relacionados en el Cat\u00e1logo General de Material Ortoprot\u00e9sico. Los que tengan el INSS deben solicitar la prestaci\u00f3n por dicho Servicio de Salud, en las mismas condiciones y a trav\u00e9s del procedimiento que establezcan para sus usuarios. El Importe [&hellip;]<\/p>\n","protected":false},"author":1,"featured_media":0,"parent":39,"menu_order":0,"comment_status":"closed","ping_status":"closed","template":"page-templates\/full-width-page.php","meta":{"footnotes":""},"_links":{"self":[{"href":"https:\/\/papelorios.eu\/index.php\/wp-json\/wp\/v2\/pages\/218"}],"collection":[{"href":"https:\/\/papelorios.eu\/index.php\/wp-json\/wp\/v2\/pages"}],"about":[{"href":"https:\/\/papelorios.eu\/index.php\/wp-json\/wp\/v2\/types\/page"}],"author":[{"embeddable":true,"href":"https:\/\/papelorios.eu\/index.php\/wp-json\/wp\/v2\/users\/1"}],"replies":[{"embeddable":true,"href":"https:\/\/papelorios.eu\/index.php\/wp-json\/wp\/v2\/comments?post=218"}],"version-history":[{"count":5,"href":"https:\/\/papelorios.eu\/index.php\/wp-json\/wp\/v2\/pages\/218\/revisions"}],"predecessor-version":[{"id":2299,"href":"https:\/\/papelorios.eu\/index.php\/wp-json\/wp\/v2\/pages\/218\/revisions\/2299"}],"up":[{"embeddable":true,"href":"https:\/\/papelorios.eu\/index.php\/wp-json\/wp\/v2\/pages\/39"}],"wp:attachment":[{"href":"https:\/\/papelorios.eu\/index.php\/wp-json\/wp\/v2\/media?parent=218"}],"curies":[{"name":"wp","href":"https:\/\/api.w.org\/{rel}","templated":true}]}}