{"id":222,"date":"2022-06-12T09:11:42","date_gmt":"2022-06-12T09:11:42","guid":{"rendered":"http:\/\/papelorios.eu\/?page_id=222"},"modified":"2022-06-26T07:50:56","modified_gmt":"2022-06-26T07:50:56","slug":"subsidios","status":"publish","type":"page","link":"https:\/\/papelorios.eu\/index.php\/prestaciones\/subsidios\/","title":{"rendered":"Subsidios"},"content":{"rendered":"<div data-colibri-id=\"222-c1\" class=\"style-1396 style-local-222-c1 position-relative\">\n  <!---->\n  <div data-colibri-component=\"section\" data-colibri-id=\"222-c2\" id=\"custom\" class=\"h-section h-section-global-spacing d-flex align-items-lg-center align-items-md-center align-items-center style-1397 style-local-222-c2 position-relative\">\n    <!---->\n    <!---->\n    <div class=\"h-section-grid-container h-section-boxed-container\">\n      <!---->\n      <div data-colibri-id=\"222-c3\" class=\"h-row-container gutters-row-lg-2 gutters-row-md-2 gutters-row-0 gutters-row-v-lg-2 gutters-row-v-md-2 gutters-row-v-2 style-1398 style-local-222-c3 position-relative\">\n        <!---->\n        <div class=\"h-row justify-content-lg-center justify-content-md-center justify-content-center align-items-lg-stretch align-items-md-stretch align-items-stretch gutters-col-lg-2 gutters-col-md-2 gutters-col-0 gutters-col-v-lg-2 gutters-col-v-md-2 gutters-col-v-2\">\n          <!---->\n          <div class=\"h-column h-column-container d-flex h-col-lg-auto h-col-md-auto h-col-auto style-1399-outer style-local-222-c4-outer\">\n            <div data-colibri-id=\"222-c4\" class=\"d-flex h-flex-basis h-column__inner h-px-lg-2 h-px-md-2 h-px-2 v-inner-lg-2 v-inner-md-2 v-inner-2 style-1399 style-local-222-c4 position-relative\">\n              <!---->\n              <!---->\n              <div class=\"w-100 h-y-container h-column__content h-column__v-align flex-basis-100 align-self-lg-start align-self-md-start align-self-start\">\n                <!---->\n                <div data-colibri-id=\"222-c5\" class=\"d-block style-1408 style-local-222-c5 position-relative h-element\">\n                  <!---->\n                  <div class=\"h-image__frame-container-outer\">\n                    <a href=\"http:\/\/papelorios.eu\/index.php\/subsidio-defuncion\/\" h-use-smooth-scroll=\"true\" class=\"image-link\">\n                      <div class=\"h-image__frame-container\">\n                        <!---->\n                        <!---->\n                        <img decoding=\"async\" width=\"1024\" height=\"1024\" src=\"http:\/\/papelorios.eu\/wp-content\/uploads\/2022\/06\/DALL\u00b7E-2022-06-26-08.07.11-a-woman-with-red-lipstick-dressed-in-black-with-a-black-pamela-with-a-veil-looking-at-the-ground-in-a-field-with-grass.png\" class=\"wp-image-1248 style-1408-image style-local-222-c5-image\" alt=\"\" srcset=\"https:\/\/papelorios.eu\/wp-content\/uploads\/2022\/06\/DALL\u00b7E-2022-06-26-08.07.11-a-woman-with-red-lipstick-dressed-in-black-with-a-black-pamela-with-a-veil-looking-at-the-ground-in-a-field-with-grass.png 1024w, https:\/\/papelorios.eu\/wp-content\/uploads\/2022\/06\/DALL\u00b7E-2022-06-26-08.07.11-a-woman-with-red-lipstick-dressed-in-black-with-a-black-pamela-with-a-veil-looking-at-the-ground-in-a-field-with-grass-300x300.png 300w, https:\/\/papelorios.eu\/wp-content\/uploads\/2022\/06\/DALL\u00b7E-2022-06-26-08.07.11-a-woman-with-red-lipstick-dressed-in-black-with-a-black-pamela-with-a-veil-looking-at-the-ground-in-a-field-with-grass-150x150.png 150w, https:\/\/papelorios.eu\/wp-content\/uploads\/2022\/06\/DALL\u00b7E-2022-06-26-08.07.11-a-woman-with-red-lipstick-dressed-in-black-with-a-black-pamela-with-a-veil-looking-at-the-ground-in-a-field-with-grass-768x768.png 768w\" sizes=\"(max-width: 1024px) 100vw, 1024px\" \/>\n                        <div class=\"h-image__frame h-hide-lg h-hide-md h-hide-sm style-1408-frameImage style-local-222-c5-frameImage\"><\/div>\n                      <\/div>\n                    <\/a>\n                  <\/div>\n                <\/div>\n                <div data-colibri-id=\"222-c6\" class=\"h-global-transition-all h-heading style-1402 style-local-222-c6 position-relative h-element\">\n                  <!---->\n                  <div class=\"h-heading__outer style-1402 style-local-222-c6\">\n                    <!---->\n                    <!---->\n                    <a href=\"http:\/\/papelorios.eu\/index.php\/subsidio-defuncion\/\" h-use-smooth-scroll=\"true\">\n                      <h4 class=\"\">Subsidio Defunci\u00f3n<\/h4>\n                    <\/a>\n                  <\/div>\n                <\/div>\n                <div data-colibri-id=\"222-c7\" class=\"h-text h-text-component style-1403 style-local-222-c7 position-relative h-element\">\n                  <!---->\n                  <!---->\n                  <div class=\"\">\n                    <p>Cuando se muere el mutualista. Hay una lista con los dineros ah\u00ed encima de la mesa. Solo para beneficiarios o para el c\u00f3nyuge.<\/p>\n                  <\/div>\n                <\/div>\n              <\/div>\n            <\/div>\n          <\/div>\n          <div class=\"h-column h-column-container d-flex h-col-lg-auto h-col-md-auto h-col-auto style-1400-outer style-local-222-c8-outer\">\n            <div data-colibri-id=\"222-c8\" class=\"d-flex h-flex-basis h-column__inner h-px-lg-2 h-px-md-2 h-px-2 v-inner-lg-2 v-inner-md-2 v-inner-2 style-1400 style-local-222-c8 position-relative\">\n              <!---->\n              <!---->\n              <div class=\"w-100 h-y-container h-column__content h-column__v-align flex-basis-100 align-self-lg-start align-self-md-start align-self-start\">\n                <!---->\n                <div data-colibri-id=\"222-c9\" class=\"d-block style-1409 style-local-222-c9 position-relative h-element\">\n                  <!---->\n                  <div class=\"h-image__frame-container-outer\">\n                    <a href=\"http:\/\/papelorios.eu\/index.php\/ayuda-sepelio\/\" h-use-smooth-scroll=\"true\" class=\"image-link\">\n                      <div class=\"h-image__frame-container\">\n                        <!---->\n                        <!---->\n                        <img decoding=\"async\" width=\"1024\" height=\"1024\" src=\"http:\/\/papelorios.eu\/wp-content\/uploads\/2022\/06\/DALL\u00b7E-2022-06-26-08.09.00-an-oil-painting-by-rubens-of-a-recent-widower.png\" class=\"wp-image-1249 style-1409-image style-local-222-c9-image\" alt=\"\" srcset=\"https:\/\/papelorios.eu\/wp-content\/uploads\/2022\/06\/DALL\u00b7E-2022-06-26-08.09.00-an-oil-painting-by-rubens-of-a-recent-widower.png 1024w, https:\/\/papelorios.eu\/wp-content\/uploads\/2022\/06\/DALL\u00b7E-2022-06-26-08.09.00-an-oil-painting-by-rubens-of-a-recent-widower-300x300.png 300w, https:\/\/papelorios.eu\/wp-content\/uploads\/2022\/06\/DALL\u00b7E-2022-06-26-08.09.00-an-oil-painting-by-rubens-of-a-recent-widower-150x150.png 150w, https:\/\/papelorios.eu\/wp-content\/uploads\/2022\/06\/DALL\u00b7E-2022-06-26-08.09.00-an-oil-painting-by-rubens-of-a-recent-widower-768x768.png 768w\" sizes=\"(max-width: 1024px) 100vw, 1024px\" \/>\n                        <div class=\"h-image__frame h-hide-lg h-hide-md h-hide-sm style-1409-frameImage style-local-222-c9-frameImage\"><\/div>\n                      <\/div>\n                    <\/a>\n                  <\/div>\n                <\/div>\n                <div data-colibri-id=\"222-c10\" class=\"h-global-transition-all h-heading style-1404 style-local-222-c10 position-relative h-element\">\n                  <!---->\n                  <div class=\"h-heading__outer style-1404 style-local-222-c10\">\n                    <!---->\n                    <!---->\n                    <a href=\"http:\/\/papelorios.eu\/index.php\/ayuda-sepelio\/\" h-use-smooth-scroll=\"true\">\n                      <h4 class=\"\">Ayuda de Sepelio<\/h4>\n                    <\/a>\n                  <\/div>\n                <\/div>\n                <div data-colibri-id=\"222-c11\" class=\"h-text h-text-component style-1405 style-local-222-c11 position-relative h-element\">\n                  <!---->\n                  <!---->\n                  <div class=\"\">\n                    <p>Cuando se muere el beneficiario y lo pide el mutualista<\/p>\n                  <\/div>\n                <\/div>\n              <\/div>\n            <\/div>\n          <\/div>\n          <div class=\"h-column h-column-container d-flex h-col-lg-auto h-col-md-auto h-col-auto style-1401-outer style-local-222-c12-outer\">\n            <div data-colibri-id=\"222-c12\" class=\"d-flex h-flex-basis h-column__inner h-px-lg-2 h-px-md-2 h-px-2 v-inner-lg-2 v-inner-md-2 v-inner-2 style-1401 style-local-222-c12 position-relative\">\n              <!---->\n              <!---->\n              <div class=\"w-100 h-y-container h-column__content h-column__v-align flex-basis-100 align-self-lg-start align-self-md-start align-self-start\">\n                <!---->\n                <div data-colibri-id=\"222-c13\" class=\"d-block style-1410 style-local-222-c13 position-relative h-element\">\n                  <!---->\n                  <div class=\"h-image__frame-container-outer\">\n                    <a href=\"http:\/\/papelorios.eu\/index.php\/subsidio-jubilacion\/\" h-use-smooth-scroll=\"true\" class=\"image-link\">\n                      <div class=\"h-image__frame-container\">\n                        <!---->\n                        <!---->\n                        <img decoding=\"async\" width=\"1024\" height=\"1024\" src=\"http:\/\/papelorios.eu\/wp-content\/uploads\/2022\/06\/DALL\u00b7E-2022-06-26-08.15.45-photo-of-a-happy-woman-dressed-in-pajamas-enjoying-life-in-an-arab-garden-siting-at-a-table-with-breakfast.png\" class=\"wp-image-1250 style-1410-image style-local-222-c13-image\" alt=\"\" srcset=\"https:\/\/papelorios.eu\/wp-content\/uploads\/2022\/06\/DALL\u00b7E-2022-06-26-08.15.45-photo-of-a-happy-woman-dressed-in-pajamas-enjoying-life-in-an-arab-garden-siting-at-a-table-with-breakfast.png 1024w, https:\/\/papelorios.eu\/wp-content\/uploads\/2022\/06\/DALL\u00b7E-2022-06-26-08.15.45-photo-of-a-happy-woman-dressed-in-pajamas-enjoying-life-in-an-arab-garden-siting-at-a-table-with-breakfast-300x300.png 300w, https:\/\/papelorios.eu\/wp-content\/uploads\/2022\/06\/DALL\u00b7E-2022-06-26-08.15.45-photo-of-a-happy-woman-dressed-in-pajamas-enjoying-life-in-an-arab-garden-siting-at-a-table-with-breakfast-150x150.png 150w, https:\/\/papelorios.eu\/wp-content\/uploads\/2022\/06\/DALL\u00b7E-2022-06-26-08.15.45-photo-of-a-happy-woman-dressed-in-pajamas-enjoying-life-in-an-arab-garden-siting-at-a-table-with-breakfast-768x768.png 768w\" sizes=\"(max-width: 1024px) 100vw, 1024px\" \/>\n                        <div class=\"h-image__frame h-hide-lg h-hide-md h-hide-sm style-1410-frameImage style-local-222-c13-frameImage\"><\/div>\n                      <\/div>\n                    <\/a>\n                  <\/div>\n                <\/div>\n                <div data-colibri-id=\"222-c14\" class=\"h-global-transition-all h-heading style-1406 style-local-222-c14 position-relative h-element\">\n                  <!---->\n                  <div class=\"h-heading__outer style-1406 style-local-222-c14\">\n                    <!---->\n                    <!---->\n                    <a href=\"http:\/\/papelorios.eu\/index.php\/subsidio-jubilacion\/\" h-use-smooth-scroll=\"true\">\n                      <h4 class=\"\">Subsidio Jubilaci\u00f3n<\/h4>\n                    <\/a>\n                  <\/div>\n                <\/div>\n                <div data-colibri-id=\"222-c15\" class=\"h-text h-text-component style-1407 style-local-222-c15 position-relative h-element\">\n                  <!---->\n                  <!---->\n                  <div class=\"\">\n                    <p>Siempre jubilaci\u00f3n forzosa, bien por edad (+65) o por incapacidad permanente para el servicio.<\/p>\n                  <\/div>\n                <\/div>\n              <\/div>\n            <\/div>\n          <\/div>\n        <\/div>\n      <\/div>\n    <\/div>\n  <\/div>\n<\/div>","protected":false},"excerpt":{"rendered":"<p>Subsidio Defunci\u00f3n Cuando se muere el mutualista. Hay una lista con los dineros ah\u00ed encima de la mesa. Solo para beneficiarios o para el c\u00f3nyuge. Ayuda de Sepelio Cuando se muere el beneficiario y lo pide el mutualista Subsidio Jubilaci\u00f3n Siempre jubilaci\u00f3n forzosa, bien por edad (+65) o por incapacidad permanente para el servicio.<\/p>\n","protected":false},"author":1,"featured_media":0,"parent":39,"menu_order":0,"comment_status":"closed","ping_status":"closed","template":"page-templates\/full-width-page.php","meta":{"footnotes":""},"_links":{"self":[{"href":"https:\/\/papelorios.eu\/index.php\/wp-json\/wp\/v2\/pages\/222"}],"collection":[{"href":"https:\/\/papelorios.eu\/index.php\/wp-json\/wp\/v2\/pages"}],"about":[{"href":"https:\/\/papelorios.eu\/index.php\/wp-json\/wp\/v2\/types\/page"}],"author":[{"embeddable":true,"href":"https:\/\/papelorios.eu\/index.php\/wp-json\/wp\/v2\/users\/1"}],"replies":[{"embeddable":true,"href":"https:\/\/papelorios.eu\/index.php\/wp-json\/wp\/v2\/comments?post=222"}],"version-history":[{"count":7,"href":"https:\/\/papelorios.eu\/index.php\/wp-json\/wp\/v2\/pages\/222\/revisions"}],"predecessor-version":[{"id":1323,"href":"https:\/\/papelorios.eu\/index.php\/wp-json\/wp\/v2\/pages\/222\/revisions\/1323"}],"up":[{"embeddable":true,"href":"https:\/\/papelorios.eu\/index.php\/wp-json\/wp\/v2\/pages\/39"}],"wp:attachment":[{"href":"https:\/\/papelorios.eu\/index.php\/wp-json\/wp\/v2\/media?parent=222"}],"curies":[{"name":"wp","href":"https:\/\/api.w.org\/{rel}","templated":true}]}}