{"id":360,"date":"2022-06-12T10:45:01","date_gmt":"2022-06-12T10:45:01","guid":{"rendered":"http:\/\/papelorios.eu\/?page_id=360"},"modified":"2022-06-13T07:09:46","modified_gmt":"2022-06-13T07:09:46","slug":"ganes","status":"publish","type":"page","link":"https:\/\/papelorios.eu\/index.php\/antonias\/correo\/ganes\/","title":{"rendered":"Ganes"},"content":{"rendered":"<div data-colibri-id=\"360-c1\" class=\"style-565 style-local-360-c1 position-relative\">\n  <!---->\n  <div data-colibri-component=\"section\" data-colibri-id=\"360-c2\" id=\"about\" class=\"h-section h-section-global-spacing d-flex align-items-lg-center align-items-md-center align-items-center style-566 style-local-360-c2 position-relative\">\n    <!---->\n    <!---->\n    <div class=\"h-section-grid-container h-section-boxed-container\">\n      <!---->\n      <div data-colibri-id=\"360-c3\" class=\"h-row-container gutters-row-lg-2 gutters-row-md-2 gutters-row-2 gutters-row-v-lg-2 gutters-row-v-md-2 gutters-row-v-2 style-567 style-local-360-c3 position-relative\">\n        <!---->\n        <div class=\"h-row justify-content-lg-center justify-content-md-center justify-content-center align-items-lg-stretch align-items-md-stretch align-items-stretch gutters-col-lg-2 gutters-col-md-2 gutters-col-2 gutters-col-v-lg-2 gutters-col-v-md-2 gutters-col-v-2\">\n          <!---->\n          <div class=\"h-column h-column-container d-flex h-col-lg-auto h-col-md-auto h-col-auto style-568-outer style-local-360-c4-outer\">\n            <div data-colibri-id=\"360-c4\" class=\"d-flex h-flex-basis h-column__inner h-px-lg-2 h-px-md-2 h-px-2 v-inner-lg-2 v-inner-md-2 v-inner-2 style-568 style-local-360-c4 position-relative\">\n              <!---->\n              <!---->\n              <div class=\"w-100 h-y-container h-column__content h-column__v-align flex-basis-100 align-self-lg-center align-self-md-center align-self-center\">\n                <!---->\n                <div data-colibri-id=\"360-c5\" class=\"h-global-transition-all h-heading style-570 style-local-360-c5 position-relative h-element\">\n                  <!---->\n                  <div class=\"h-heading__outer style-570 style-local-360-c5\">\n                    <!---->\n                    <!---->\n                    <h2 class=\"\">Un programica&nbsp;<em style=\"color: rgb(247, 144, 7); font-family: &quot;Playfair Display&quot;;\">muy<\/em> apa\u00f1ado de&nbsp;<em style=\"color: rgb(247, 144, 7); font-family: &quot;Playfair Display&quot;;\">Correos<\/em> para registrar\n                      el Correo<\/h2>\n                  <\/div>\n                <\/div>\n              <\/div>\n            <\/div>\n          <\/div>\n          <div class=\"h-column h-column-container d-flex h-col-lg-auto h-col-md-auto h-col-auto style-574-outer style-local-360-c6-outer\">\n            <div data-colibri-id=\"360-c6\" class=\"d-flex h-flex-basis h-column__inner h-px-lg-2 h-px-md-2 h-px-2 v-inner-lg-2 v-inner-md-2 v-inner-2 style-574 style-local-360-c6 position-relative\">\n              <!---->\n              <!---->\n              <div class=\"w-100 h-y-container h-column__content h-column__v-align flex-basis-100 align-self-lg-center align-self-md-center align-self-center\">\n                <!---->\n                <div data-colibri-id=\"360-c7\" class=\"d-block style-575 style-local-360-c7 position-relative h-element\">\n                  <!---->\n                  <div class=\"h-image__frame-container-outer\">\n                    <div class=\"h-image__frame-container\">\n                      <!---->\n                      <!---->\n                      <img decoding=\"async\" width=\"626\" height=\"626\" src=\"http:\/\/papelorios.eu\/wp-content\/uploads\/2022\/06\/cropped-6c070c9875e7d72e0f1f40dc191973b2.jpg\" class=\"wp-image-402 style-575-image style-local-360-c7-image\" alt=\"\" srcset=\"https:\/\/papelorios.eu\/wp-content\/uploads\/2022\/06\/cropped-6c070c9875e7d72e0f1f40dc191973b2.jpg 626w, https:\/\/papelorios.eu\/wp-content\/uploads\/2022\/06\/cropped-6c070c9875e7d72e0f1f40dc191973b2-300x300.jpg 300w, https:\/\/papelorios.eu\/wp-content\/uploads\/2022\/06\/cropped-6c070c9875e7d72e0f1f40dc191973b2-150x150.jpg 150w\" sizes=\"(max-width: 626px) 100vw, 626px\" \/>\n                      <div class=\"h-image__frame h-hide-sm style-575-frameImage style-local-360-c7-frameImage\"><\/div>\n                    <\/div>\n                  <\/div>\n                <\/div>\n              <\/div>\n            <\/div>\n          <\/div>\n        <\/div>\n      <\/div>\n      <div data-colibri-id=\"360-c8\" class=\"h-row-container gutters-row-lg-2 gutters-row-md-2 gutters-row-0 gutters-row-v-lg-2 gutters-row-v-md-2 gutters-row-v-2 style-598 style-local-360-c8 position-relative\">\n        <!---->\n        <div class=\"h-row justify-content-lg-center justify-content-md-center justify-content-center align-items-lg-stretch align-items-md-stretch align-items-stretch gutters-col-lg-2 gutters-col-md-2 gutters-col-0 gutters-col-v-lg-2 gutters-col-v-md-2 gutters-col-v-2\">\n          <!---->\n          <div class=\"h-column h-column-container d-flex h-col-lg-auto h-col-md-auto h-col-auto style-599-outer style-local-360-c9-outer\">\n            <div data-colibri-id=\"360-c9\" class=\"d-flex h-flex-basis h-column__inner h-px-lg-2 h-px-md-2 h-px-2 v-inner-lg-2 v-inner-md-2 v-inner-2 style-599 style-local-360-c9 position-relative\">\n              <!---->\n              <!---->\n              <div class=\"w-100 h-y-container h-column__content h-column__v-align flex-basis-100 align-self-lg-start align-self-md-start align-self-start\">\n                <!---->\n                <div data-colibri-id=\"360-c10\" class=\"h-text h-text-component style-600 style-local-360-c10 position-relative h-element\">\n                  <!---->\n                  <!---->\n                  <div class=\"\">\n                    <p>Primero hay que rellenar la hoja con la relaci\u00f3n de certificados que est\u00e1 en los formularios y la de contar cartas que est\u00e1 en la mesa.<\/p>\n                  <\/div>\n                <\/div>\n              <\/div>\n            <\/div>\n          <\/div>\n        <\/div>\n      <\/div>\n    <\/div>\n  <\/div>\n  <div data-colibri-component=\"section\" data-colibri-id=\"360-c11\" id=\"custom\" class=\"h-section h-section-global-spacing d-flex align-items-lg-center align-items-md-center align-items-center style-579 style-local-360-c11 position-relative\">\n    <!---->\n    <!---->\n    <div class=\"h-section-grid-container h-section-boxed-container\">\n      <!---->\n      <div data-colibri-id=\"360-c12\" class=\"h-row-container gutters-row-lg-2 gutters-row-md-2 gutters-row-0 gutters-row-v-lg-2 gutters-row-v-md-2 gutters-row-v-2 style-582 style-local-360-c12 position-relative\">\n        <!---->\n        <div class=\"h-row justify-content-lg-center justify-content-md-center justify-content-center align-items-lg-stretch align-items-md-stretch align-items-stretch gutters-col-lg-2 gutters-col-md-2 gutters-col-0 gutters-col-v-lg-2 gutters-col-v-md-2 gutters-col-v-2\">\n          <!---->\n          <div class=\"h-column h-column-container d-flex h-col-lg-auto h-col-md-auto h-col-auto style-583-outer style-local-360-c13-outer\">\n            <div data-colibri-id=\"360-c13\" class=\"d-flex h-flex-basis h-column__inner h-px-lg-2 h-px-md-2 h-px-2 v-inner-lg-2 v-inner-md-2 v-inner-2 style-583 style-local-360-c13 position-relative\">\n              <!---->\n              <!---->\n              <div class=\"w-100 h-y-container h-column__content h-column__v-align flex-basis-100 align-self-lg-start align-self-md-start align-self-start\">\n                <!---->\n                <div data-colibri-id=\"360-c14\" class=\"h-text h-text-component style-584 style-local-360-c14 position-relative h-element\">\n                  <!---->\n                  <!---->\n                  <div class=\"\">\n                    <p><span style=\"font-family: Arial; font-size: 12pt;\">Primero la hojica. Est\u00e1 en la mesa del correo, se pone la fecha, la referencia o referencias seg\u00fan los tipos de correo ( si no lo ves, las buscas en GANES) y el n\u00famero de cartas de cada tipo de destino<\/span><\/p>\n                    <p><span style=\"font-family: Arial; font-size: 12pt;\">Local: Cartas a Murcia municipio (con pedan\u00edas)<\/span><\/p>\n                    <p><span style=\"font-family: Arial; font-size: 12pt;\">Destino 1: Capitales de provincia y Cartagena<\/span><\/p>\n                    <p><span style=\"font-family: Arial; font-size: 12pt;\">Destino 2: Todo lo dem\u00e1s<\/span><\/p>\n                    <p><span style=\"font-family: Arial; font-size: 12pt;\">En GANES se hacen los albaranes, hay que hacer uno por cada tipo. Uno para certificados y otro para cartas ordinarias<\/span><\/p>\n                    <p><span style=\"font-family: Arial; font-size: 12pt;\">Abrimos GANES. Esta es la pantalla de bienvenida.<\/span><\/p>\n                  <\/div>\n                <\/div>\n                <div data-colibri-id=\"360-c15\" class=\"d-block style-587 style-local-360-c15 position-relative h-element\">\n                  <!---->\n                  <div class=\"h-image__frame-container-outer\">\n                    <div class=\"h-image__frame-container\">\n                      <!---->\n                      <!---->\n                      <img decoding=\"async\" width=\"796\" height=\"573\" src=\"http:\/\/papelorios.eu\/wp-content\/uploads\/2022\/06\/image001.png\" class=\"wp-image-405 style-587-image style-local-360-c15-image\" alt=\"\" srcset=\"https:\/\/papelorios.eu\/wp-content\/uploads\/2022\/06\/image001.png 796w, https:\/\/papelorios.eu\/wp-content\/uploads\/2022\/06\/image001-300x216.png 300w, https:\/\/papelorios.eu\/wp-content\/uploads\/2022\/06\/image001-768x553.png 768w\" sizes=\"(max-width: 796px) 100vw, 796px\" \/>\n                      <div class=\"h-image__frame h-hide-lg h-hide-md h-hide-sm style-587-frameImage style-local-360-c15-frameImage\"><\/div>\n                    <\/div>\n                  <\/div>\n                <\/div>\n              <\/div>\n            <\/div>\n          <\/div>\n        <\/div>\n      <\/div>\n      <div data-colibri-id=\"360-c16\" class=\"h-row-container gutters-row-lg-2 gutters-row-md-2 gutters-row-0 gutters-row-v-lg-2 gutters-row-v-md-2 gutters-row-v-2 style-585 style-local-360-c16 position-relative\">\n        <!---->\n        <div class=\"h-row justify-content-lg-center justify-content-md-center justify-content-center align-items-lg-stretch align-items-md-stretch align-items-stretch gutters-col-lg-2 gutters-col-md-2 gutters-col-0 gutters-col-v-lg-2 gutters-col-v-md-2 gutters-col-v-2\">\n          <!---->\n          <div class=\"h-column h-column-container d-flex h-col-lg-auto h-col-md-auto h-col-auto style-586-outer style-local-360-c17-outer\">\n            <div data-colibri-id=\"360-c17\" class=\"d-flex h-flex-basis h-column__inner h-px-lg-2 h-px-md-2 h-px-2 v-inner-lg-2 v-inner-md-2 v-inner-2 style-586 style-local-360-c17 position-relative\">\n              <!---->\n              <!---->\n              <div class=\"w-100 h-y-container h-column__content h-column__v-align flex-basis-100 align-self-lg-start align-self-md-start align-self-start\">\n                <!---->\n                <div data-colibri-id=\"360-c18\" class=\"h-text h-text-component style-590 style-local-360-c18 position-relative h-element\">\n                  <!---->\n                  <!---->\n                  <div class=\"\">\n                    <p><span style=\"font-family: Arial; font-size: 12pt;\">Al pinchar en la lupa de n\u00ba de contrato salen los dos tipos de contrato que tenemos con ellos<\/span><\/p>\n                  <\/div>\n                <\/div>\n                <div data-colibri-id=\"360-c19\" class=\"d-block style-591 style-local-360-c19 position-relative h-element\">\n                  <!---->\n                  <div class=\"h-image__frame-container-outer\">\n                    <div class=\"h-image__frame-container\">\n                      <!---->\n                      <!---->\n                      <img decoding=\"async\" width=\"652\" height=\"287\" src=\"http:\/\/papelorios.eu\/wp-content\/uploads\/2022\/06\/image002.png\" class=\"wp-image-404 style-591-image style-local-360-c19-image\" alt=\"\" srcset=\"https:\/\/papelorios.eu\/wp-content\/uploads\/2022\/06\/image002.png 652w, https:\/\/papelorios.eu\/wp-content\/uploads\/2022\/06\/image002-300x132.png 300w\" sizes=\"(max-width: 652px) 100vw, 652px\" \/>\n                      <div class=\"h-image__frame h-hide-lg h-hide-md h-hide-sm style-591-frameImage style-local-360-c19-frameImage\"><\/div>\n                    <\/div>\n                  <\/div>\n                <\/div>\n                <div data-colibri-id=\"360-c20\" class=\"h-text h-text-component style-592 style-local-360-c20 position-relative h-element\">\n                  <!---->\n                  <!---->\n                  <div class=\"\">\n                    <p><span style=\"font-size: 12pt; font-family: Arial;\">Evidentemente escogemos notificaciones si son cartas certificadas y cartas ordinarias cuando son unas bastas de mucho cuidado NOOOO, cuando no son notificaciones<\/span><\/p>\n                    <p><span style=\"font-size: 12pt; font-family: Arial;\">Se rellena como en la imagen<\/span><\/p>\n                  <\/div>\n                <\/div>\n                <div data-colibri-id=\"360-c21\" class=\"d-block style-593 style-local-360-c21 position-relative h-element\">\n                  <!---->\n                  <div class=\"h-image__frame-container-outer\">\n                    <div class=\"h-image__frame-container\">\n                      <!---->\n                      <!---->\n                      <img decoding=\"async\" width=\"1192\" height=\"763\" src=\"http:\/\/papelorios.eu\/wp-content\/uploads\/2022\/06\/image003.png\" class=\"wp-image-403 style-593-image style-local-360-c21-image\" alt=\"\" srcset=\"https:\/\/papelorios.eu\/wp-content\/uploads\/2022\/06\/image003.png 1192w, https:\/\/papelorios.eu\/wp-content\/uploads\/2022\/06\/image003-300x192.png 300w, https:\/\/papelorios.eu\/wp-content\/uploads\/2022\/06\/image003-1024x655.png 1024w, https:\/\/papelorios.eu\/wp-content\/uploads\/2022\/06\/image003-768x492.png 768w\" sizes=\"(max-width: 1192px) 100vw, 1192px\" \/>\n                      <div class=\"h-image__frame h-hide-lg h-hide-md h-hide-sm style-593-frameImage style-local-360-c21-frameImage\"><\/div>\n                    <\/div>\n                  <\/div>\n                <\/div>\n                <div data-colibri-id=\"360-c22\" class=\"h-text h-text-component style-597 style-local-360-c22 position-relative h-element\">\n                  <!---->\n                  <!---->\n                  <div class=\"\">\n                    <p><span style=\"font-family: Arial; font-size: 12pt;\">Se pulsa registrar y sale un icono de impresora. Imprimir dos copias, si hay otra referencia, se repite el proceso, se sellan, se firman (todas las hojas) y se ponen las de certificados con las cartas certificadas y las groseras ordinarias con las normales y para correos con las hojicas.&nbsp;<\/span><\/p>\n                    <p><span style=\"font-family: Arial; font-size: 12pt;\">Las que nos devuelven en correos se colocan en las carpetas que hay en el caj\u00f3n de abajo a la izquierda de Antonia, cada hoja en su carpeta y por orden que luego har\u00e1n falta para Mercurio<\/span><\/p>\n                  <\/div>\n                <\/div>\n              <\/div>\n            <\/div>\n          <\/div>\n        <\/div>\n      <\/div>\n    <\/div>\n  <\/div>\n<\/div>","protected":false},"excerpt":{"rendered":"<p>Un programica&nbsp;muy apa\u00f1ado de&nbsp;Correos para registrar el Correo Primero hay que rellenar la hoja con la relaci\u00f3n de certificados que est\u00e1 en los formularios y la de contar cartas que est\u00e1 en la mesa. Primero la hojica. Est\u00e1 en la mesa del correo, se pone la fecha, la referencia o referencias seg\u00fan los tipos de [&hellip;]<\/p>\n","protected":false},"author":1,"featured_media":0,"parent":47,"menu_order":0,"comment_status":"closed","ping_status":"closed","template":"page-templates\/full-width-page.php","meta":{"footnotes":""},"_links":{"self":[{"href":"https:\/\/papelorios.eu\/index.php\/wp-json\/wp\/v2\/pages\/360"}],"collection":[{"href":"https:\/\/papelorios.eu\/index.php\/wp-json\/wp\/v2\/pages"}],"about":[{"href":"https:\/\/papelorios.eu\/index.php\/wp-json\/wp\/v2\/types\/page"}],"author":[{"embeddable":true,"href":"https:\/\/papelorios.eu\/index.php\/wp-json\/wp\/v2\/users\/1"}],"replies":[{"embeddable":true,"href":"https:\/\/papelorios.eu\/index.php\/wp-json\/wp\/v2\/comments?post=360"}],"version-history":[{"count":4,"href":"https:\/\/papelorios.eu\/index.php\/wp-json\/wp\/v2\/pages\/360\/revisions"}],"predecessor-version":[{"id":685,"href":"https:\/\/papelorios.eu\/index.php\/wp-json\/wp\/v2\/pages\/360\/revisions\/685"}],"up":[{"embeddable":true,"href":"https:\/\/papelorios.eu\/index.php\/wp-json\/wp\/v2\/pages\/47"}],"wp:attachment":[{"href":"https:\/\/papelorios.eu\/index.php\/wp-json\/wp\/v2\/media?parent=360"}],"curies":[{"name":"wp","href":"https:\/\/api.w.org\/{rel}","templated":true}]}}