{"id":362,"date":"2022-06-12T10:45:20","date_gmt":"2022-06-12T10:45:20","guid":{"rendered":"http:\/\/papelorios.eu\/?page_id=362"},"modified":"2022-06-12T11:33:58","modified_gmt":"2022-06-12T11:33:58","slug":"mercurio","status":"publish","type":"page","link":"https:\/\/papelorios.eu\/index.php\/antonias\/correo\/mercurio\/","title":{"rendered":"Mercurio"},"content":{"rendered":"<div data-colibri-id=\"362-c1\" class=\"style-601 style-local-362-c1 position-relative\">\n  <!---->\n  <div data-colibri-component=\"section\" data-colibri-id=\"362-c2\" id=\"about\" class=\"h-section h-section-global-spacing d-flex align-items-lg-center align-items-md-center align-items-center style-602 style-local-362-c2 position-relative\">\n    <!---->\n    <!---->\n    <div class=\"h-section-grid-container h-section-boxed-container\">\n      <!---->\n      <div data-colibri-id=\"362-c3\" class=\"h-row-container gutters-row-lg-2 gutters-row-md-2 gutters-row-2 gutters-row-v-lg-2 gutters-row-v-md-2 gutters-row-v-2 style-603 style-local-362-c3 position-relative\">\n        <!---->\n        <div class=\"h-row justify-content-lg-center justify-content-md-center justify-content-center align-items-lg-stretch align-items-md-stretch align-items-stretch gutters-col-lg-2 gutters-col-md-2 gutters-col-2 gutters-col-v-lg-2 gutters-col-v-md-2 gutters-col-v-2\">\n          <!---->\n          <div class=\"h-column h-column-container d-flex h-col-lg-auto h-col-md-auto h-col-auto style-604-outer style-local-362-c4-outer\">\n            <div data-colibri-id=\"362-c4\" class=\"d-flex h-flex-basis h-column__inner h-px-lg-2 h-px-md-2 h-px-2 v-inner-lg-2 v-inner-md-2 v-inner-2 style-604 style-local-362-c4 position-relative\">\n              <!---->\n              <!---->\n              <div class=\"w-100 h-y-container h-column__content h-column__v-align flex-basis-100 align-self-lg-center align-self-md-center align-self-center\">\n                <!---->\n                <div data-colibri-id=\"362-c5\" class=\"h-global-transition-all h-heading style-605 style-local-362-c5 position-relative h-element\">\n                  <!---->\n                  <div class=\"h-heading__outer style-605 style-local-362-c5\">\n                    <!---->\n                    <!---->\n                    <h5 class=\"\">MERCURIO<\/h5>\n                  <\/div>\n                <\/div>\n                <div data-colibri-id=\"362-c6\" class=\"h-global-transition-all h-heading style-606 style-local-362-c6 position-relative h-element\">\n                  <!---->\n                  <div class=\"h-heading__outer style-606 style-local-362-c6\">\n                    <!---->\n                    <!---->\n                    <h2 class=\"\">El&nbsp;<em style=\"font-family: &quot;Playfair Display&quot;; color: rgb(3, 169, 244);\">programa<\/em> de&nbsp;<em style=\"font-family: &quot;Playfair Display&quot;; color: rgb(3, 169, 244);\">albaranes<\/em> de Correos<\/h2>\n                  <\/div>\n                <\/div>\n              <\/div>\n            <\/div>\n          <\/div>\n          <div class=\"h-column h-column-container d-flex h-col-lg-auto h-col-md-auto h-col-auto style-610-outer style-local-362-c10-outer\">\n            <div data-colibri-id=\"362-c10\" class=\"d-flex h-flex-basis h-column__inner h-px-lg-2 h-px-md-2 h-px-2 v-inner-lg-2 v-inner-md-2 v-inner-2 style-610 style-local-362-c10 position-relative\">\n              <!---->\n              <!---->\n              <div class=\"w-100 h-y-container h-column__content h-column__v-align flex-basis-100 align-self-lg-center align-self-md-center align-self-center\">\n                <!---->\n                <div data-colibri-id=\"362-c11\" class=\"d-block style-611 style-local-362-c11 position-relative h-element\">\n                  <!---->\n                  <div class=\"h-image__frame-container-outer\">\n                    <div class=\"h-image__frame-container\">\n                      <!---->\n                      <!---->\n                      <img decoding=\"async\" width=\"788\" height=\"1024\" src=\"http:\/\/papelorios.eu\/wp-content\/uploads\/2022\/06\/mercuriosimbolo.jpg\" class=\"wp-image-420 style-611-image style-local-362-c11-image\" alt=\"\" srcset=\"https:\/\/papelorios.eu\/wp-content\/uploads\/2022\/06\/mercuriosimbolo.jpg 788w, https:\/\/papelorios.eu\/wp-content\/uploads\/2022\/06\/mercuriosimbolo-231x300.jpg 231w, https:\/\/papelorios.eu\/wp-content\/uploads\/2022\/06\/mercuriosimbolo-768x998.jpg 768w\" sizes=\"(max-width: 788px) 100vw, 788px\" \/>\n                      <div class=\"h-image__frame h-hide-sm style-611-frameImage style-local-362-c11-frameImage\"><\/div>\n                    <\/div>\n                  <\/div>\n                <\/div>\n              <\/div>\n            <\/div>\n          <\/div>\n        <\/div>\n      <\/div>\n    <\/div>\n  <\/div>\n  <div data-colibri-component=\"section\" data-colibri-id=\"362-c15\" id=\"custom\" class=\"h-section h-section-global-spacing d-flex align-items-lg-center align-items-md-center align-items-center style-614 style-local-362-c15 position-relative\">\n    <!---->\n    <!---->\n    <div class=\"h-section-grid-container h-section-boxed-container\">\n      <!---->\n      <div data-colibri-id=\"362-c18\" class=\"h-row-container gutters-row-lg-2 gutters-row-md-2 gutters-row-0 gutters-row-v-lg-2 gutters-row-v-md-2 gutters-row-v-2 style-617 style-local-362-c18 position-relative\">\n        <!---->\n        <div class=\"h-row justify-content-lg-center justify-content-md-center justify-content-center align-items-lg-stretch align-items-md-stretch align-items-stretch gutters-col-lg-2 gutters-col-md-2 gutters-col-0 gutters-col-v-lg-2 gutters-col-v-md-2 gutters-col-v-2\">\n          <!---->\n          <div class=\"h-column h-column-container d-flex h-col-lg-auto h-col-md-auto h-col-auto style-618-outer style-local-362-c19-outer\">\n            <div data-colibri-id=\"362-c19\" class=\"d-flex h-flex-basis h-column__inner h-px-lg-2 h-px-md-2 h-px-2 v-inner-lg-2 v-inner-md-2 v-inner-2 style-618 style-local-362-c19 position-relative\">\n              <!---->\n              <!---->\n              <div class=\"w-100 h-y-container h-column__content h-column__v-align flex-basis-100 align-self-lg-start align-self-md-start align-self-start\">\n                <!---->\n                <div data-colibri-id=\"362-c20\" class=\"h-text h-text-component style-619 style-local-362-c20 position-relative h-element\">\n                  <!---->\n                  <!---->\n                  <div class=\"\">\n                    <p><span style=\"font-family: Arial; font-size: 12pt;\">Se sacan las carpetas de correo<\/span><\/p>\n                    <p><span style=\"font-family: Arial; font-size: 12pt;\">Se abre Mercurio &gt; Albaranes &gt; Albaranes (abajo izquierda)<\/span><\/p>\n                    <p><span style=\"font-family: Arial; font-size: 12pt;\">Se empieza por abajo (por el n\u00famero m\u00e1s bajo)<\/span><\/p>\n                    <p><span style=\"font-family: Arial; font-size: 12pt;\">Se comprueba que lo tenemos todos y se van poniendo boca abajo en orden<\/span><\/p>\n                    <p><span style=\"font-family: Arial; font-size: 12pt;\">A la impresora. Se escanean de uno en uno<\/span><\/p>\n                    <p><span style=\"font-family: Arial; font-size: 12pt;\">Al PC. Se abre un navegador y se entra en la impresora donde hayas escaneado.<\/span><\/p>\n                    <p>\n                      <a href=\"https:\/\/www.google.com\/url?q=https%3A%2F%2F10.1.127.76%2F&amp;sa=D&amp;sntz=1&amp;usg=AOvVaw0k4hv3yALW5pLiJmr45v45\" target=\"_blank\" style=\"color: inherit; font-family: Arial; font-size: 12pt;\" class=\"customize-unpreviewable\" rel=\"noopener\">https:\/\/10.1.127.76\/<\/a>\n                    <\/p>\n                    <p>\n                      <a href=\"https:\/\/www.google.com\/url?q=https%3A%2F%2F10.1.127.77&amp;sa=D&amp;sntz=1&amp;usg=AOvVaw1azSnuxr1cUHeYPvqNpQSA\" target=\"_blank\" style=\"color: inherit; font-family: Arial; font-size: 12pt;\" class=\"customize-unpreviewable\" rel=\"noopener\">https:\/\/10.1.127.77<\/a>\n                    <\/p>\n                    <p>\n                      <a href=\"https:\/\/www.google.com\/url?q=https%3A%2F%2F10.1.127.78&amp;sa=D&amp;sntz=1&amp;usg=AOvVaw2jw-wHH1hXEGntRVpAHumD\" target=\"_blank\" style=\"color: inherit; font-family: Arial; font-size: 12pt;\" class=\"customize-unpreviewable\" rel=\"noopener\">https:\/\/10.1.127.78<\/a><span style=\"font-family: Arial; font-size: 12pt;\">\t<\/span><\/p>\n                    <p><span style=\"font-family: Arial; font-size: 12pt;\"> Se abre la carpeta y se pone a las hojas f\u00edsicas el nombre que la impresora les haya puesto a los PDFs<\/span><\/p>\n                    <p><span style=\"font-family: Arial; font-size: 12pt;\">Se comprueba que la carpeta Mercurio en el escritorio de Antonia est\u00e1 vac\u00eda y se guardan all\u00ed<\/span><\/p>\n                    <p><span style=\"font-family: Arial; font-size: 12pt;\">Otra vez a Mercurio y desde abajo<\/span><\/p>\n                    <p><span style=\"font-family: Arial; font-size: 12pt;\">Se comprueba el n\u00famero &gt; Tramitar<\/span><\/p>\n                    <p><span style=\"font-family: Arial; font-size: 12pt;\">Se comprueba contenido<\/span><\/p>\n                    <p><span style=\"font-family: Arial; font-size: 12pt;\">Aprobaci\u00f3n (es una pesta\u00f1a)<\/span><\/p>\n                    <p><span style=\"font-family: Arial; font-size: 12pt;\">Adjuntar albar\u00e1n y se adjunta el PDF que toque<\/span><\/p>\n                    <p><span style=\"font-family: Arial; font-size: 12pt;\">Aprobar (bot\u00f3n)<\/span><\/p>\n                    <p><span style=\"font-family: Arial; font-size: 12pt;\">Cerrar<\/span><\/p>\n                    <p><span style=\"font-family: Arial; font-size: 12pt;\">Cuando acaben todos se grapan y al 1\u00ba armario abajo a la derecha una carpeta que pone albaranes y el mes. Se ponen encima.<\/span><\/p>\n                  <\/div>\n                <\/div>\n              <\/div>\n            <\/div>\n          <\/div>\n        <\/div>\n      <\/div>\n    <\/div>\n  <\/div>\n<\/div>","protected":false},"excerpt":{"rendered":"<p>MERCURIO El&nbsp;programa de&nbsp;albaranes de Correos Se sacan las carpetas de correo Se abre Mercurio &gt; Albaranes &gt; Albaranes (abajo izquierda) Se empieza por abajo (por el n\u00famero m\u00e1s bajo) Se comprueba que lo tenemos todos y se van poniendo boca abajo en orden A la impresora. Se escanean de uno en uno Al PC. Se [&hellip;]<\/p>\n","protected":false},"author":1,"featured_media":0,"parent":47,"menu_order":0,"comment_status":"closed","ping_status":"closed","template":"page-templates\/full-width-page.php","meta":{"footnotes":""},"_links":{"self":[{"href":"https:\/\/papelorios.eu\/index.php\/wp-json\/wp\/v2\/pages\/362"}],"collection":[{"href":"https:\/\/papelorios.eu\/index.php\/wp-json\/wp\/v2\/pages"}],"about":[{"href":"https:\/\/papelorios.eu\/index.php\/wp-json\/wp\/v2\/types\/page"}],"author":[{"embeddable":true,"href":"https:\/\/papelorios.eu\/index.php\/wp-json\/wp\/v2\/users\/1"}],"replies":[{"embeddable":true,"href":"https:\/\/papelorios.eu\/index.php\/wp-json\/wp\/v2\/comments?post=362"}],"version-history":[{"count":2,"href":"https:\/\/papelorios.eu\/index.php\/wp-json\/wp\/v2\/pages\/362\/revisions"}],"predecessor-version":[{"id":422,"href":"https:\/\/papelorios.eu\/index.php\/wp-json\/wp\/v2\/pages\/362\/revisions\/422"}],"up":[{"embeddable":true,"href":"https:\/\/papelorios.eu\/index.php\/wp-json\/wp\/v2\/pages\/47"}],"wp:attachment":[{"href":"https:\/\/papelorios.eu\/index.php\/wp-json\/wp\/v2\/media?parent=362"}],"curies":[{"name":"wp","href":"https:\/\/api.w.org\/{rel}","templated":true}]}}