{"id":366,"date":"2022-06-12T10:46:29","date_gmt":"2022-06-12T10:46:29","guid":{"rendered":"http:\/\/papelorios.eu\/?page_id=366"},"modified":"2022-06-26T08:07:03","modified_gmt":"2022-06-26T08:07:03","slug":"salida","status":"publish","type":"page","link":"https:\/\/papelorios.eu\/index.php\/antonias\/registro\/salida\/","title":{"rendered":"Salida"},"content":{"rendered":"<div data-colibri-id=\"366-c1\" class=\"style-674 style-local-366-c1 position-relative\">\n  <!---->\n  <div data-colibri-component=\"section\" data-colibri-id=\"366-c2\" id=\"custom\" class=\"h-section h-section-global-spacing d-flex align-items-lg-center align-items-md-center align-items-center style-675 style-local-366-c2 position-relative\">\n    <!---->\n    <!---->\n    <div class=\"h-section-grid-container h-section-boxed-container\">\n      <!---->\n      <div data-colibri-id=\"366-c3\" class=\"h-row-container gutters-row-lg-2 gutters-row-md-2 gutters-row-0 gutters-row-v-lg-2 gutters-row-v-md-2 gutters-row-v-2 style-676 style-local-366-c3 position-relative\">\n        <!---->\n        <div class=\"h-row justify-content-lg-center justify-content-md-center justify-content-center align-items-lg-stretch align-items-md-stretch align-items-stretch gutters-col-lg-2 gutters-col-md-2 gutters-col-0 gutters-col-v-lg-2 gutters-col-v-md-2 gutters-col-v-2\">\n          <!---->\n          <div class=\"h-column h-column-container d-flex h-col-lg-auto h-col-md-auto h-col-auto style-677-outer style-local-366-c4-outer\">\n            <div data-colibri-id=\"366-c4\" class=\"d-flex h-flex-basis h-column__inner h-px-lg-2 h-px-md-2 h-px-2 v-inner-lg-2 v-inner-md-2 v-inner-2 style-677 style-local-366-c4 position-relative\">\n              <!---->\n              <!---->\n              <div class=\"w-100 h-y-container h-column__content h-column__v-align flex-basis-100 align-self-lg-start align-self-md-start align-self-start\">\n                <!---->\n                <div data-colibri-id=\"366-c5\" class=\"h-global-transition-all h-heading style-678 style-local-366-c5 position-relative h-element\">\n                  <!---->\n                  <div class=\"h-heading__outer style-678 style-local-366-c5\">\n                    <!---->\n                    <!---->\n                    <h1 class=\"\">Registro Salida SIN ADJUNTOS<\/h1>\n                  <\/div>\n                <\/div>\n                <div data-colibri-id=\"366-c16\" class=\"h-global-transition-all h-heading style-1578 style-local-366-c16 position-relative h-element\">\n                  <!---->\n                  <div class=\"h-heading__outer style-1578 style-local-366-c16\">\n                    <!---->\n                    <!---->\n                    <h4 class=\"\">La impresorita falleci\u00f3 con Explorer, nada claro que se hace ahora en salida.<\/h4>\n                  <\/div>\n                <\/div>\n              <\/div>\n            <\/div>\n          <\/div>\n        <\/div>\n      <\/div>\n      <div data-colibri-id=\"366-c6\" class=\"h-row-container gutters-row-lg-2 gutters-row-md-2 gutters-row-0 gutters-row-v-lg-2 gutters-row-v-md-2 gutters-row-v-2 style-679 style-local-366-c6 position-relative\">\n        <!---->\n        <div class=\"h-row justify-content-lg-center justify-content-md-center justify-content-center align-items-lg-stretch align-items-md-stretch align-items-stretch gutters-col-lg-2 gutters-col-md-2 gutters-col-0 gutters-col-v-lg-2 gutters-col-v-md-2 gutters-col-v-2\">\n          <!---->\n          <div class=\"h-column h-column-container d-flex h-col-lg-auto h-col-md-auto h-col-auto style-680-outer style-local-366-c7-outer\">\n            <div data-colibri-id=\"366-c7\" class=\"d-flex h-flex-basis h-column__inner h-px-lg-2 h-px-md-2 h-px-2 v-inner-lg-2 v-inner-md-2 v-inner-2 style-680 style-local-366-c7 position-relative\">\n              <!---->\n              <!---->\n              <div class=\"w-100 h-y-container h-column__content h-column__v-align flex-basis-100 align-self-lg-start align-self-md-start align-self-start\">\n                <!---->\n                <div data-colibri-id=\"366-c8\" class=\"h-text h-text-component style-681 style-local-366-c8 position-relative h-element\">\n                  <!---->\n                  <!---->\n                  <div class=\"\">\n                    <p><span style=\"font-size: 12pt; font-family: Arial;\">Nuevo<\/span><\/p>\n                    <p><span style=\"font-size: 12pt; font-family: Arial;\">Origen MUFACE<\/span><\/p>\n                    <p><span style=\"font-size: 12pt; font-family: Arial;\">Destino o se selecciona el \u00f3rgano al que va o si va a un ciudadano se a\u00f1ade interesado o interesados<\/span><\/p>\n                    <p><span style=\"font-size: 12pt; font-family: Arial;\">Asunto. Hay que ver las abreviaturas de Antonia. Es un misterio<\/span><\/p>\n                    <p><span style=\"font-size: 12pt; font-family: Arial;\">Tipo transporte. Casi seguro que correo certificado. Las comunicaciones informativas se mandan por correo ordinario (postal pone el programa que es un sobrao).<\/span><\/p>\n                    <p><span style=\"font-size: 12pt; font-family: Arial;\">En Documentaci\u00f3n f\u00edsica: Documentaci\u00f3n f\u00edsica en soporte papel (rojo), protestar\u00e1, lo ignoramos muy fuerte &gt; Registrar y enviar.<\/span><\/p>\n                    <p><span style=\"font-size: 12pt; font-family: Arial;\">Sale una etiqueta &gt; enviar interesado y entonces a la impresora chiquita otra vez para imprimir las etiquetas que falten<\/span><\/p>\n                  <\/div>\n                <\/div>\n                <div data-colibri-id=\"366-c9\" class=\"h-text h-text-component style-688 style-local-366-c9 position-relative h-element\">\n                  <!---->\n                  <!---->\n                  <div class=\"\">\n                    <p><span style=\"font-weight: 400; font-size: 16px; font-family: Arial; color: rgb(70, 112, 127);\">QUE NO SE QUEDE NADIE SIN ETIQUETA<\/span><\/p>\n                  <\/div>\n                <\/div>\n                <div data-colibri-id=\"366-c10\" class=\"d-block style-682 style-local-366-c10 position-relative h-element\">\n                  <!---->\n                  <div class=\"h-image__frame-container-outer\">\n                    <div class=\"h-image__frame-container\">\n                      <!---->\n                      <!---->\n                      <img decoding=\"async\" width=\"632\" height=\"522\" src=\"http:\/\/papelorios.eu\/wp-content\/uploads\/2022\/06\/cropped-1654935046931.jpg\" class=\"wp-image-459 style-682-image style-local-366-c10-image\" alt=\"\" srcset=\"https:\/\/papelorios.eu\/wp-content\/uploads\/2022\/06\/cropped-1654935046931.jpg 632w, https:\/\/papelorios.eu\/wp-content\/uploads\/2022\/06\/cropped-1654935046931-300x248.jpg 300w\" sizes=\"(max-width: 632px) 100vw, 632px\" \/>\n                      <div class=\"h-image__frame h-hide-lg h-hide-md h-hide-sm style-682-frameImage style-local-366-c10-frameImage\"><\/div>\n                    <\/div>\n                    <div class=\"style-682-caption style-local-366-c10-caption\">\n                      La de las abreviaturas ;P\n                    <\/div>\n                  <\/div>\n                <\/div>\n                <div data-colibri-id=\"366-c11\" class=\"style-683 style-local-366-c11 position-relative h-element\">\n                  <!---->\n                <\/div>\n              <\/div>\n            <\/div>\n          <\/div>\n        <\/div>\n      <\/div>\n      <div data-colibri-id=\"366-c12\" class=\"h-row-container gutters-row-lg-2 gutters-row-md-2 gutters-row-0 gutters-row-v-lg-2 gutters-row-v-md-2 gutters-row-v-2 style-684 style-local-366-c12 position-relative\">\n        <!---->\n        <div class=\"h-row justify-content-lg-center justify-content-md-center justify-content-center align-items-lg-stretch align-items-md-stretch align-items-stretch gutters-col-lg-2 gutters-col-md-2 gutters-col-0 gutters-col-v-lg-2 gutters-col-v-md-2 gutters-col-v-2\">\n          <!---->\n          <div class=\"h-column h-column-container d-flex h-col-lg-auto h-col-md-auto h-col-auto style-685-outer style-local-366-c13-outer\">\n            <div data-colibri-id=\"366-c13\" class=\"d-flex h-flex-basis h-column__inner h-px-lg-2 h-px-md-2 h-px-2 v-inner-lg-2 v-inner-md-2 v-inner-2 style-685 style-local-366-c13 position-relative\">\n              <!---->\n              <!---->\n              <div class=\"w-100 h-y-container h-column__content h-column__v-align flex-basis-100 align-self-lg-start align-self-md-start align-self-start\">\n                <!---->\n                <div data-colibri-id=\"366-c14\" class=\"h-global-transition-all h-heading style-686 style-local-366-c14 position-relative h-element\">\n                  <!---->\n                  <div class=\"h-heading__outer style-686 style-local-366-c14\">\n                    <!---->\n                    <!---->\n                    <h1 class=\"\">Registro Salida CON ADJUNTOS<\/h1>\n                  <\/div>\n                <\/div>\n                <div data-colibri-id=\"366-c15\" class=\"h-text h-text-component style-687 style-local-366-c15 position-relative h-element\">\n                  <!---->\n                  <!---->\n                  <div class=\"\">\n                    <p><span style=\"font-family: Arial; font-size: 12pt;\">Nuevo<\/span><\/p>\n                    <p><span style=\"font-family: Arial; font-size: 12pt;\">Origen MUFACE<\/span><\/p>\n                    <p><span style=\"font-family: Arial; font-size: 12pt;\">Destino o se selecciona el \u00f3rgano al que va o si va a un ciudadano se a\u00f1ade interesado o interesados<\/span><\/p>\n                    <p><span style=\"font-family: Arial; font-size: 12pt;\">Asunto. Mismo misterio de arriba<\/span><\/p>\n                    <p><span style=\"font-family: Arial; font-size: 12pt;\">Tipo transporte. Otros<\/span><\/p>\n                    <p><span style=\"font-family: Arial; font-size: 12pt;\">En Documentaci\u00f3n f\u00edsica: Documentaci\u00f3n adjunta digitalizada (verde) &gt; Validez original &gt; origen ciudadano &gt; Tipo documento loquesea (resoluci\u00f3n, comunicaci\u00f3n)<\/span><\/p>\n                    <p><span style=\"font-family: Arial; font-size: 12pt;\">Se escanea por una cara boca abajo y boca abajo<\/span><\/p>\n                    <p><span style=\"font-family: Arial; font-size: 12pt;\">Guardar en Geiser escaneos con nombre que controlemos luego.<\/span><\/p>\n                    <p><span style=\"font-family: Arial; font-size: 12pt;\">Subir anexo, buscamos el documento de antes<\/span><\/p>\n                    <p><span style=\"font-family: Arial; font-size: 12pt;\">Registrar y enviar<\/span><\/p>\n                    <p><span style=\"font-family: Arial; font-size: 12pt;\">Sale una etiqueta &gt; enviar interesado y entonces a la impresora chiquita otra vez para imprimir las etiquetas que falten<\/span><\/p>\n                  <\/div>\n                <\/div>\n              <\/div>\n            <\/div>\n          <\/div>\n        <\/div>\n      <\/div>\n    <\/div>\n  <\/div>\n<\/div>","protected":false},"excerpt":{"rendered":"<p>Registro Salida SIN ADJUNTOS La impresorita falleci\u00f3 con Explorer, nada claro que se hace ahora en salida. Nuevo Origen MUFACE Destino o se selecciona el \u00f3rgano al que va o si va a un ciudadano se a\u00f1ade interesado o interesados Asunto. Hay que ver las abreviaturas de Antonia. Es un misterio Tipo transporte. Casi seguro [&hellip;]<\/p>\n","protected":false},"author":1,"featured_media":0,"parent":45,"menu_order":0,"comment_status":"closed","ping_status":"closed","template":"page-templates\/full-width-page.php","meta":{"footnotes":""},"_links":{"self":[{"href":"https:\/\/papelorios.eu\/index.php\/wp-json\/wp\/v2\/pages\/366"}],"collection":[{"href":"https:\/\/papelorios.eu\/index.php\/wp-json\/wp\/v2\/pages"}],"about":[{"href":"https:\/\/papelorios.eu\/index.php\/wp-json\/wp\/v2\/types\/page"}],"author":[{"embeddable":true,"href":"https:\/\/papelorios.eu\/index.php\/wp-json\/wp\/v2\/users\/1"}],"replies":[{"embeddable":true,"href":"https:\/\/papelorios.eu\/index.php\/wp-json\/wp\/v2\/comments?post=366"}],"version-history":[{"count":4,"href":"https:\/\/papelorios.eu\/index.php\/wp-json\/wp\/v2\/pages\/366\/revisions"}],"predecessor-version":[{"id":1358,"href":"https:\/\/papelorios.eu\/index.php\/wp-json\/wp\/v2\/pages\/366\/revisions\/1358"}],"up":[{"embeddable":true,"href":"https:\/\/papelorios.eu\/index.php\/wp-json\/wp\/v2\/pages\/45"}],"wp:attachment":[{"href":"https:\/\/papelorios.eu\/index.php\/wp-json\/wp\/v2\/media?parent=366"}],"curies":[{"name":"wp","href":"https:\/\/api.w.org\/{rel}","templated":true}]}}