{"id":49,"date":"2022-06-12T06:03:52","date_gmt":"2022-06-12T06:03:52","guid":{"rendered":"http:\/\/papelorios.eu\/?page_id=49"},"modified":"2022-06-30T15:59:39","modified_gmt":"2022-06-30T15:59:39","slug":"altas-y-bajas","status":"publish","type":"page","link":"https:\/\/papelorios.eu\/index.php\/colectivos\/altas-y-bajas\/","title":{"rendered":"Altas y Bajas"},"content":{"rendered":"<div data-colibri-id=\"49-c1\" class=\"style-689 style-local-49-c1 position-relative\">\r\n  <!---->\r\n  <div data-colibri-component=\"section\" data-colibri-id=\"49-c2\" id=\"custom\" class=\"h-section h-section-global-spacing d-flex align-items-lg-center align-items-md-center align-items-center style-690 style-local-49-c2 position-relative\">\r\n    <!---->\r\n    <!---->\r\n    <div class=\"h-section-grid-container h-section-boxed-container\">\r\n      <!---->\r\n      <div data-colibri-id=\"49-c3\" class=\"h-row-container gutters-row-lg-2 gutters-row-md-2 gutters-row-0 gutters-row-v-lg-2 gutters-row-v-md-2 gutters-row-v-2 style-691 style-local-49-c3 position-relative\">\r\n        <!---->\r\n        <div class=\"h-row justify-content-lg-center justify-content-md-center justify-content-center align-items-lg-stretch align-items-md-stretch align-items-stretch gutters-col-lg-2 gutters-col-md-2 gutters-col-0 gutters-col-v-lg-2 gutters-col-v-md-2 gutters-col-v-2\">\r\n          <!---->\r\n          <div class=\"h-column h-column-container d-flex h-col-lg-auto h-col-md-auto h-col-auto style-692-outer style-local-49-c4-outer\">\r\n            <div data-colibri-id=\"49-c4\" class=\"d-flex h-flex-basis h-column__inner h-px-lg-2 h-px-md-2 h-px-2 v-inner-lg-2 v-inner-md-2 v-inner-2 style-692 style-local-49-c4 position-relative\">\r\n              <!---->\r\n              <!---->\r\n              <div class=\"w-100 h-y-container h-column__content h-column__v-align flex-basis-100 align-self-lg-start align-self-md-start align-self-start\">\r\n                <!---->\r\n                <div data-colibri-id=\"49-c7\" class=\"h-x-container style-695 style-local-49-c7 position-relative h-element\">\r\n                  <!---->\r\n                  <div class=\"h-x-container-inner style-dynamic-49-c7-group style-695-spacing style-local-49-c7-spacing\"><span class=\"h-button__outer style-696-outer style-local-49-c8-outer d-inline-flex h-element\"><a h-use-smooth-scroll=\"true\" href=\"https:\/\/www.muface.es\/muface_Home\/dam\/jcr:c38e8832-21a8-4c8e-bced-1ea0775c21e3\/ab_1_titulares.pdf\"  data-colibri-id=\"49-c8\" class=\"d-flex w-100 align-items-center h-button justify-content-lg-center justify-content-md-center justify-content-center style-696 style-local-49-c8 position-relative\"><!----><!----> <span>AB1<\/span><\/a>\r\n                    <\/span>\r\n                  <\/div>\r\n                <\/div>\r\n              <\/div>\r\n            <\/div>\r\n          <\/div>\r\n          <div class=\"h-column h-column-container d-flex h-col-lg-auto h-col-md-auto h-col-auto style-697-outer style-local-49-c9-outer\">\r\n            <div data-colibri-id=\"49-c9\" class=\"d-flex h-flex-basis h-column__inner h-px-lg-2 h-px-md-2 h-px-2 v-inner-lg-2 v-inner-md-2 v-inner-2 style-697 style-local-49-c9 position-relative\">\r\n              <!---->\r\n              <!---->\r\n              <div class=\"w-100 h-y-container h-column__content h-column__v-align flex-basis-100 align-self-lg-start align-self-md-start align-self-start\">\r\n                <!---->\r\n                <div data-colibri-id=\"49-c5\" class=\"h-x-container style-693 style-local-49-c5 position-relative h-element\">\r\n                  <!---->\r\n                  <div class=\"h-x-container-inner style-dynamic-49-c5-group style-693-spacing style-local-49-c5-spacing\"><span class=\"h-button__outer style-694-outer style-local-49-c6-outer d-inline-flex h-element\"><a h-use-smooth-scroll=\"true\" href=\"https:\/\/www.google.com\/url?client=internal-element-cse&amp;cx=015503211893170276735:nelhmssu9y8&amp;q=https:\/\/www.muface.es\/dam\/jcr:2fa3b9d4-7ede-410e-8e67-7177ca2be7e1\/AB_2.pdf&amp;sa=U&amp;ved=2ahUKEwjzyYTG9qf4AhXC_4UKHRuUDWEQFnoECAcQAQ&amp;usg=AOvVaw2wzA4hoKQ3W5vrAbV0v_Ym\"  data-colibri-id=\"49-c6\" class=\"d-flex w-100 align-items-center h-button justify-content-lg-center justify-content-md-center justify-content-center style-694 style-local-49-c6 position-relative\"><!----><!----> <span>AB2<\/span><\/a>\r\n                    <\/span>\r\n                  <\/div>\r\n                <\/div>\r\n              <\/div>\r\n            <\/div>\r\n          <\/div>\r\n        <\/div>\r\n      <\/div>\r\n      <div data-colibri-id=\"49-c10\" class=\"h-row-container gutters-row-lg-2 gutters-row-md-2 gutters-row-0 gutters-row-v-lg-2 gutters-row-v-md-2 gutters-row-v-2 style-698 style-local-49-c10 position-relative\">\r\n        <!---->\r\n        <div class=\"h-row justify-content-lg-center justify-content-md-center justify-content-center align-items-lg-stretch align-items-md-stretch align-items-stretch gutters-col-lg-2 gutters-col-md-2 gutters-col-0 gutters-col-v-lg-2 gutters-col-v-md-2 gutters-col-v-2\">\r\n          <!---->\r\n          <div class=\"h-column h-column-container d-flex h-col-lg-3 h-col-md-3 h-col-12 style-699-outer style-local-49-c11-outer\">\r\n            <div data-colibri-id=\"49-c11\" class=\"d-flex h-flex-basis h-column__inner h-px-lg-2 h-px-md-2 h-px-2 v-inner-lg-2 v-inner-md-2 v-inner-2 style-699 style-local-49-c11 position-relative\">\r\n              <!---->\r\n              <!---->\r\n              <div class=\"w-100 h-y-container h-column__content h-column__v-align flex-basis-100 align-self-lg-start align-self-md-start align-self-start\">\r\n                <!---->\r\n                <div data-colibri-id=\"49-c15\" class=\"h-global-transition-all h-heading style-703 style-local-49-c15 position-relative h-element\">\r\n                  <!---->\r\n                  <div class=\"h-heading__outer style-703 style-local-49-c15\">\r\n                    <!---->\r\n                    <!---->\r\n                    <h4 class=\"\">Altas Titulares<\/h4>\r\n                  <\/div>\r\n                <\/div>\r\n                <div data-colibri-id=\"49-c16\" class=\"h-text h-text-component style-704 style-local-49-c16 position-relative h-element\">\r\n                  <!---->\r\n                  <!---->\r\n                  <div class=\"\">\r\n                    <p>El AB1<\/p>\r\n                    <p>La toma de posesi\u00f3n<\/p>\r\n                    <p>Se le hace copia del DNI<\/p>\r\n                  <\/div>\r\n                <\/div>\r\n              <\/div>\r\n            <\/div>\r\n          <\/div>\r\n          <div class=\"h-column h-column-container d-flex h-col-lg-3 h-col-md-3 h-col-12 style-700-outer style-local-49-c12-outer\">\r\n            <div data-colibri-id=\"49-c12\" class=\"d-flex h-flex-basis h-column__inner h-px-lg-2 h-px-md-2 h-px-2 v-inner-lg-2 v-inner-md-2 v-inner-2 style-700 style-local-49-c12 position-relative\">\r\n              <!---->\r\n              <!---->\r\n              <div class=\"w-100 h-y-container h-column__content h-column__v-align flex-basis-100 align-self-lg-start align-self-md-start align-self-start\">\r\n                <!---->\r\n                <div data-colibri-id=\"49-c17\" class=\"h-global-transition-all h-heading style-705 style-local-49-c17 position-relative h-element\">\r\n                  <!---->\r\n                  <div class=\"h-heading__outer style-705 style-local-49-c17\">\r\n                    <!---->\r\n                    <!---->\r\n                    <h4 class=\"\">Bajas Titulares<\/h4>\r\n                  <\/div>\r\n                <\/div>\r\n                <div data-colibri-id=\"49-c18\" class=\"h-text h-text-component style-706 style-local-49-c18 position-relative h-element\">\r\n                  <!---->\r\n                  <!---->\r\n                  <div class=\"\">\r\n                    <p>No lo he visto en mi vida, Hulio. Ya llegar\u00e1<\/p>\r\n                  <\/div>\r\n                <\/div>\r\n              <\/div>\r\n            <\/div>\r\n          <\/div>\r\n          <div class=\"h-column h-column-container d-flex h-col-lg-3 h-col-md-3 h-col-12 style-701-outer style-local-49-c13-outer\">\r\n            <div data-colibri-id=\"49-c13\" class=\"d-flex h-flex-basis h-column__inner h-px-lg-2 h-px-md-2 h-px-2 v-inner-lg-2 v-inner-md-2 v-inner-2 style-701 style-local-49-c13 position-relative\">\r\n              <!---->\r\n              <!---->\r\n              <div class=\"w-100 h-y-container h-column__content h-column__v-align flex-basis-100 align-self-lg-start align-self-md-start align-self-start\">\r\n                <!---->\r\n                <div data-colibri-id=\"49-c19\" class=\"h-global-transition-all h-heading style-707 style-local-49-c19 position-relative h-element\">\r\n                  <!---->\r\n                  <div class=\"h-heading__outer style-707 style-local-49-c19\">\r\n                    <!---->\r\n                    <!---->\r\n                    <h4 class=\"\">Altas Beneficiarios<\/h4>\r\n                  <\/div>\r\n                <\/div>\r\n                <div data-colibri-id=\"49-c20\" class=\"h-text h-text-component style-708 style-local-49-c20 position-relative h-element\">\r\n                  <!---->\r\n                  <!---->\r\n                  <div class=\"\">\r\n                    <p>El AB2<\/p>\r\n                    <p>Certificaci\u00f3n de que viven con \u00e9l y a su cargo y copia de todas las identificaciones<\/p>\r\n                  <\/div>\r\n                <\/div>\r\n              <\/div>\r\n            <\/div>\r\n          <\/div>\r\n          <div class=\"h-column h-column-container d-flex h-col-lg-3 h-col-md-3 h-col-12 style-702-outer style-local-49-c14-outer\">\r\n            <div data-colibri-id=\"49-c14\" class=\"d-flex h-flex-basis h-column__inner h-px-lg-2 h-px-md-2 h-px-2 v-inner-lg-2 v-inner-md-2 v-inner-2 style-702 style-local-49-c14 position-relative\">\r\n              <!---->\r\n              <!---->\r\n              <div class=\"w-100 h-y-container h-column__content h-column__v-align flex-basis-100 align-self-lg-start align-self-md-start align-self-start\">\r\n                <!---->\r\n                <div data-colibri-id=\"49-c21\" class=\"h-global-transition-all h-heading style-709 style-local-49-c21 position-relative h-element\">\r\n                  <!---->\r\n                  <div class=\"h-heading__outer style-709 style-local-49-c21\">\r\n                    <!---->\r\n                    <!---->\r\n                    <h4 class=\"\">Bajas beneficiarios<\/h4>\r\n                  <\/div>\r\n                <\/div>\r\n                <div data-colibri-id=\"49-c22\" class=\"h-text h-text-component style-710 style-local-49-c22 position-relative h-element\">\r\n                  <!---->\r\n                  <!---->\r\n                  <div class=\"\">\r\n                    <p>El AB2<\/p>\r\n                  <\/div>\r\n                <\/div>\r\n              <\/div>\r\n            <\/div>\r\n          <\/div>\r\n        <\/div>\r\n      <\/div>\r\n      <div data-colibri-id=\"49-c23\" class=\"h-row-container gutters-row-lg-2 gutters-row-md-2 gutters-row-0 gutters-row-v-lg-2 gutters-row-v-md-2 gutters-row-v-2 style-711 style-local-49-c23 position-relative\">\r\n        <!---->\r\n        <div class=\"h-row justify-content-lg-center justify-content-md-center justify-content-center align-items-lg-stretch align-items-md-stretch align-items-stretch gutters-col-lg-2 gutters-col-md-2 gutters-col-0 gutters-col-v-lg-2 gutters-col-v-md-2 gutters-col-v-2\">\r\n          <!---->\r\n          <div class=\"h-column h-column-container d-flex h-col-lg-auto h-col-md-auto h-col-auto style-712-outer style-local-49-c24-outer\">\r\n            <div data-colibri-id=\"49-c24\" class=\"d-flex h-flex-basis h-column__inner h-px-lg-2 h-px-md-2 h-px-2 v-inner-lg-2 v-inner-md-2 v-inner-2 style-712 style-local-49-c24 position-relative\">\r\n              <!---->\r\n              <!---->\r\n              <div class=\"w-100 h-y-container h-column__content h-column__v-align flex-basis-100 align-self-lg-start align-self-md-start align-self-start\">\r\n                <!---->\r\n                <div data-colibri-id=\"49-c25\" class=\"h-global-transition-all h-heading style-713 style-local-49-c25 position-relative h-element\">\r\n                  <!---->\r\n                  <div class=\"h-heading__outer style-713 style-local-49-c25\">\r\n                    <!---->\r\n                    <!---->\r\n                    <h2 class=\"\">Altas Titulares<\/h2>\r\n                  <\/div>\r\n                <\/div>\r\n                <div data-colibri-id=\"49-c26\" class=\"h-text h-text-component style-714 style-local-49-c26 position-relative h-element\">\r\n                  <!---->\r\n                  <!---->\r\n                  <div class=\"\">\r\n                    <p>Se le recoge el AB1 y la toma de posesi\u00f3n y se hace fotocopia del DNI<\/p>\r\n                    <p>Si tiene que dar de alta a hijos tiene que rellenar el AB2 y traer el libro de familia. Se le hacen copias y se sellan. Si los hijos son mayores de 14 a\u00f1os tiene que traer el DNI<\/p>\r\n                    <p>Se comprueba con su DNI y el del c\u00f3nyuge con quien est\u00e1n los ni\u00f1os en la SS. Si est\u00e1n con \u00e9l perfecto, no hay que pedir permiso y se pueden dar de alta directamente<\/p>\r\n                    <p>Si est\u00e1n con el otro progenitor ya vendr\u00e1 alguien un d\u00eda que le pase y lo veo<\/p>\r\n                    <p>\r\n                      <br>\r\n                    <\/p>\r\n                  <\/div>\r\n                <\/div>\r\n              <\/div>\r\n            <\/div>\r\n          <\/div>\r\n        <\/div>\r\n      <\/div>\r\n    <\/div>\r\n  <\/div>\r\n<\/div>","protected":false},"excerpt":{"rendered":"<p>AB1 AB2 Altas Titulares El AB1 La toma de posesi\u00f3n Se le hace copia del DNI Bajas Titulares No lo he visto en mi vida, Hulio. Ya llegar\u00e1 Altas Beneficiarios El AB2 Certificaci\u00f3n de que viven con \u00e9l y a su cargo y copia de todas las identificaciones Bajas beneficiarios El AB2 Altas Titulares Se [&hellip;]<\/p>\n","protected":false},"author":1,"featured_media":0,"parent":5,"menu_order":0,"comment_status":"closed","ping_status":"closed","template":"page-templates\/full-width-page.php","meta":{"footnotes":""},"_links":{"self":[{"href":"https:\/\/papelorios.eu\/index.php\/wp-json\/wp\/v2\/pages\/49"}],"collection":[{"href":"https:\/\/papelorios.eu\/index.php\/wp-json\/wp\/v2\/pages"}],"about":[{"href":"https:\/\/papelorios.eu\/index.php\/wp-json\/wp\/v2\/types\/page"}],"author":[{"embeddable":true,"href":"https:\/\/papelorios.eu\/index.php\/wp-json\/wp\/v2\/users\/1"}],"replies":[{"embeddable":true,"href":"https:\/\/papelorios.eu\/index.php\/wp-json\/wp\/v2\/comments?post=49"}],"version-history":[{"count":2,"href":"https:\/\/papelorios.eu\/index.php\/wp-json\/wp\/v2\/pages\/49\/revisions"}],"predecessor-version":[{"id":468,"href":"https:\/\/papelorios.eu\/index.php\/wp-json\/wp\/v2\/pages\/49\/revisions\/468"}],"up":[{"embeddable":true,"href":"https:\/\/papelorios.eu\/index.php\/wp-json\/wp\/v2\/pages\/5"}],"wp:attachment":[{"href":"https:\/\/papelorios.eu\/index.php\/wp-json\/wp\/v2\/media?parent=49"}],"curies":[{"name":"wp","href":"https:\/\/api.w.org\/{rel}","templated":true}]}}