{"id":5,"date":"2022-06-12T05:40:34","date_gmt":"2022-06-12T03:40:34","guid":{"rendered":"http:\/\/papelorios.eu\/?page_id=5"},"modified":"2023-04-01T09:45:44","modified_gmt":"2023-04-01T07:45:44","slug":"colectivos","status":"publish","type":"page","link":"https:\/\/papelorios.eu\/index.php\/colectivos\/","title":{"rendered":"Colectivos"},"content":{"rendered":"<div data-colibri-id=\"5-c1\" class=\"style-446 style-local-5-c1 position-relative\">\n  <!---->\n  <div data-colibri-component=\"section\" data-colibri-id=\"5-c2\" id=\"features\" class=\"h-section h-section-global-spacing d-flex align-items-lg-center align-items-md-center align-items-center style-451 style-local-5-c2 position-relative\">\n    <!---->\n    <!---->\n    <div class=\"h-section-grid-container h-section-boxed-container\">\n      <div data-colibri-id=\"5-c34\" class=\"h-row-container gutters-row-lg-2 gutters-row-md-2 gutters-row-0 gutters-row-v-lg-2 gutters-row-v-md-2 gutters-row-v-2 style-461 style-local-5-c34 position-relative\">\n        <!---->\n        <div class=\"h-row justify-content-lg-center justify-content-md-center justify-content-center align-items-lg-stretch align-items-md-stretch align-items-stretch gutters-col-lg-2 gutters-col-md-2 gutters-col-0 gutters-col-v-lg-2 gutters-col-v-md-2 gutters-col-v-2\">\n          <!---->\n          <div class=\"h-column h-column-container d-flex h-col-lg-auto h-col-md-auto h-col-auto style-462-outer style-local-5-c35-outer\">\n            <div data-colibri-id=\"5-c35\" class=\"d-flex h-flex-basis h-column__inner h-px-lg-2 h-px-md-2 h-px-2 v-inner-lg-2 v-inner-md-2 v-inner-2 style-462 style-local-5-c35 position-relative\">\n              <!---->\n              <!---->\n              <div class=\"w-100 h-y-container h-column__content h-column__v-align flex-basis-100 align-self-lg-start align-self-md-start align-self-start\">\n                <!---->\n                <div data-colibri-id=\"5-c36\" class=\"h-global-transition-all h-heading style-463 style-local-5-c36 position-relative h-element\">\n                  <!---->\n                  <div class=\"h-heading__outer style-463 style-local-5-c36\">\n                    <!---->\n                    <!---->\n                    <h2 class=\"\">Como se hacen las cosicas y qu\u00e9 hace falta<\/h2>\n                  <\/div>\n                <\/div>\n                <div data-colibri-id=\"5-c37\" class=\"h-lead h-text h-text-component style-464 style-local-5-c37 position-relative h-element\">\n                  <!---->\n                  <!---->\n                  <div class=\"\">\n                    <p>En cada uno lo suyo, los papeles que hay que darles, los que tienen que traer ellos, qu\u00e9 se hace con cada cosa.<\/p>\n                  <\/div>\n                <\/div>\n              <\/div>\n            <\/div>\n          <\/div>\n        <\/div>\n      <\/div>\n      <div data-colibri-id=\"5-c3\" class=\"h-row-container gutters-row-lg-2 gutters-row-md-2 gutters-row-2 gutters-row-v-lg-2 gutters-row-v-md-2 gutters-row-v-2 style-452 style-local-5-c3 position-relative\">\n        <!---->\n        <div class=\"h-row justify-content-lg-center justify-content-md-center justify-content-center align-items-lg-stretch align-items-md-stretch align-items-stretch gutters-col-lg-2 gutters-col-md-2 gutters-col-2 gutters-col-v-lg-2 gutters-col-v-md-2 gutters-col-v-2\">\n          <!---->\n          <div class=\"h-column h-column-container d-flex h-col-lg-4 h-col-md-6 h-col-12 style-453-outer style-local-5-c4-outer\">\n            <div data-colibri-id=\"5-c4\" class=\"d-flex h-flex-basis h-column__inner h-px-lg-0 h-px-md-0 h-px-0 v-inner-lg-0 v-inner-md-0 v-inner-0 style-453 style-local-5-c4 position-relative\">\n              <!---->\n              <!---->\n              <div class=\"w-100 h-y-container h-column__content h-column__v-align flex-basis-100 align-self-lg-start align-self-md-start align-self-start\">\n                <!---->\n                <div data-colibri-id=\"5-c5\" class=\"d-block style-454 style-local-5-c5 position-relative h-element\">\n                  <!---->\n                  <div class=\"h-image__frame-container-outer\">\n                    <a href=\"http:\/\/papelorios.eu\/index.php\/colectivos\/talonarios\/\" h-use-smooth-scroll=\"true\" class=\"image-link\">\n                      <div class=\"h-image__frame-container\">\n                        <!---->\n                        <!---->\n                        <img decoding=\"async\" width=\"360\" height=\"343\" src=\"http:\/\/papelorios.eu\/wp-content\/uploads\/2022\/06\/cropped-0HwfHRA.jpg\" class=\"wp-image-190 style-454-image style-local-5-c5-image\" alt=\"\" srcset=\"https:\/\/papelorios.eu\/wp-content\/uploads\/2022\/06\/cropped-0HwfHRA.jpg 360w, https:\/\/papelorios.eu\/wp-content\/uploads\/2022\/06\/cropped-0HwfHRA-300x286.jpg 300w\" sizes=\"(max-width: 360px) 100vw, 360px\" \/>\n                        <div class=\"h-image__frame h-hide-lg h-hide-md h-hide-sm style-454-frameImage style-local-5-c5-frameImage\"><\/div>\n                      <\/div>\n                    <\/a>\n                  <\/div>\n                <\/div>\n                <div data-colibri-id=\"5-c6\" class=\"h-row-container gutters-row-lg-0 gutters-row-md-0 gutters-row-2 gutters-row-v-lg-0 gutters-row-v-md-0 gutters-row-v-2 style-455 style-local-5-c6 position-relative\">\n                  <!---->\n                  <div class=\"h-row justify-content-lg-center justify-content-md-center justify-content-center align-items-lg-stretch align-items-md-stretch align-items-stretch gutters-col-lg-0 gutters-col-md-0 gutters-col-2 gutters-col-v-lg-0 gutters-col-v-md-0 gutters-col-v-2\">\n                    <!---->\n                    <div class=\"h-column h-column-container d-flex h-col-lg-auto h-col-md-auto h-col-auto style-456-outer style-local-5-c7-outer\">\n                      <div data-colibri-id=\"5-c7\" class=\"d-flex h-flex-basis h-column__inner h-px-lg-2 h-px-md-3 h-px-2 v-inner-lg-2 v-inner-md-3 v-inner-2 style-456 style-local-5-c7 position-relative\">\n                        <!---->\n                        <!---->\n                        <div class=\"w-100 h-y-container h-column__content h-column__v-align flex-basis-100 align-self-lg-start align-self-md-start align-self-start\">\n                          <!---->\n                          <div data-colibri-id=\"5-c8\" class=\"h-global-transition-all h-heading style-457 style-local-5-c8 position-relative h-element\">\n                            <!---->\n                            <div class=\"h-heading__outer style-457 style-local-5-c8\">\n                              <!---->\n                              <!---->\n                              <a href=\"http:\/\/papelorios.eu\/index.php\/colectivos\/talonarios\/\" h-use-smooth-scroll=\"true\">\n                                <h4 class=\"\">Talonarios<\/h4>\n                              <\/a>\n                            <\/div>\n                          <\/div>\n                          <div data-colibri-id=\"5-c9\" class=\"h-text h-text-component style-458 style-local-5-c9 position-relative h-element\">\n                            <!---->\n                            <!---->\n                            <div class=\"\">\n                              <p>La solicitud y qu\u00e9 se hace con ella.<\/p>\n                            <\/div>\n                          <\/div>\n                        <\/div>\n                      <\/div>\n                    <\/div>\n                  <\/div>\n                <\/div>\n              <\/div>\n            <\/div>\n          <\/div>\n          <div class=\"h-column h-column-container d-flex h-col-lg-4 h-col-md-6 h-col-12 style-453-outer style-local-5-c10-outer\">\n            <div data-colibri-id=\"5-c10\" class=\"d-flex h-flex-basis h-column__inner h-px-lg-0 h-px-md-0 h-px-0 v-inner-lg-0 v-inner-md-0 v-inner-0 style-453 style-local-5-c10 position-relative\">\n              <!---->\n              <!---->\n              <div class=\"w-100 h-y-container h-column__content h-column__v-align flex-basis-100 align-self-lg-start align-self-md-start align-self-start\">\n                <!---->\n                <div data-colibri-id=\"5-c11\" class=\"d-block style-454 style-local-5-c11 position-relative h-element\">\n                  <!---->\n                  <div class=\"h-image__frame-container-outer\">\n                    <a href=\"http:\/\/papelorios.eu\/index.php\/colectivos\/altas-y-bajas\/\" h-use-smooth-scroll=\"true\" class=\"image-link\">\n                      <div class=\"h-image__frame-container\">\n                        <!---->\n                        <!---->\n                        <img decoding=\"async\" width=\"1350\" height=\"1226\" src=\"http:\/\/papelorios.eu\/wp-content\/uploads\/2022\/06\/cropped-IMG_20201227_100458-scaled-1.jpg\" class=\"wp-image-191 style-454-image style-local-5-c11-image\" alt=\"\" srcset=\"https:\/\/papelorios.eu\/wp-content\/uploads\/2022\/06\/cropped-IMG_20201227_100458-scaled-1.jpg 1350w, https:\/\/papelorios.eu\/wp-content\/uploads\/2022\/06\/cropped-IMG_20201227_100458-scaled-1-300x272.jpg 300w, https:\/\/papelorios.eu\/wp-content\/uploads\/2022\/06\/cropped-IMG_20201227_100458-scaled-1-1024x930.jpg 1024w, https:\/\/papelorios.eu\/wp-content\/uploads\/2022\/06\/cropped-IMG_20201227_100458-scaled-1-768x697.jpg 768w\" sizes=\"(max-width: 1350px) 100vw, 1350px\" \/>\n                        <div class=\"h-image__frame h-hide-lg h-hide-md h-hide-sm style-454-frameImage style-local-5-c11-frameImage\"><\/div>\n                      <\/div>\n                    <\/a>\n                  <\/div>\n                <\/div>\n                <div data-colibri-id=\"5-c12\" class=\"h-row-container gutters-row-lg-0 gutters-row-md-0 gutters-row-2 gutters-row-v-lg-0 gutters-row-v-md-0 gutters-row-v-2 style-455 style-local-5-c12 position-relative\">\n                  <!---->\n                  <div class=\"h-row justify-content-lg-center justify-content-md-center justify-content-center align-items-lg-stretch align-items-md-stretch align-items-stretch gutters-col-lg-0 gutters-col-md-0 gutters-col-2 gutters-col-v-lg-0 gutters-col-v-md-0 gutters-col-v-2\">\n                    <!---->\n                    <div class=\"h-column h-column-container d-flex h-col-lg-auto h-col-md-auto h-col-auto style-456-outer style-local-5-c13-outer\">\n                      <div data-colibri-id=\"5-c13\" class=\"d-flex h-flex-basis h-column__inner h-px-lg-2 h-px-md-3 h-px-2 v-inner-lg-2 v-inner-md-3 v-inner-2 style-456 style-local-5-c13 position-relative\">\n                        <!---->\n                        <!---->\n                        <div class=\"w-100 h-y-container h-column__content h-column__v-align flex-basis-100 align-self-lg-start align-self-md-start align-self-start\">\n                          <!---->\n                          <div data-colibri-id=\"5-c14\" class=\"h-global-transition-all h-heading style-457 style-local-5-c14 position-relative h-element\">\n                            <!---->\n                            <div class=\"h-heading__outer style-457 style-local-5-c14\">\n                              <!---->\n                              <!---->\n                              <a href=\"http:\/\/papelorios.eu\/index.php\/colectivos\/altas-y-bajas\/\" h-use-smooth-scroll=\"true\">\n                                <h4 class=\"\">Altas y bajas<\/h4>\n                              <\/a>\n                            <\/div>\n                          <\/div>\n                          <div data-colibri-id=\"5-c15\" class=\"h-text h-text-component style-458 style-local-5-c15 position-relative h-element\">\n                            <!---->\n                            <!---->\n                            <div class=\"\">\n                              <p>De titulares y beneficiarios. Solicitudes, documentos necesarios y procedimiento<\/p>\n                            <\/div>\n                          <\/div>\n                        <\/div>\n                      <\/div>\n                    <\/div>\n                  <\/div>\n                <\/div>\n              <\/div>\n            <\/div>\n          <\/div>\n          <div class=\"h-column h-column-container d-flex h-col-lg-4 h-col-md-6 h-col-12 style-453-outer style-local-5-c16-outer\">\n            <div data-colibri-id=\"5-c16\" class=\"d-flex h-flex-basis h-column__inner h-px-lg-0 h-px-md-0 h-px-0 v-inner-lg-0 v-inner-md-0 v-inner-0 style-453 style-local-5-c16 position-relative\">\n              <!---->\n              <!---->\n              <div class=\"w-100 h-y-container h-column__content h-column__v-align flex-basis-100 align-self-lg-start align-self-md-start align-self-start\">\n                <!---->\n                <div data-colibri-id=\"5-c17\" class=\"d-block style-454 style-local-5-c17 position-relative h-element\">\n                  <!---->\n                  <div class=\"h-image__frame-container-outer\">\n                    <a href=\"http:\/\/papelorios.eu\/index.php\/colectivos\/tarjeta-sanitaria-europea\/\" h-use-smooth-scroll=\"true\" class=\"image-link\">\n                      <div class=\"h-image__frame-container\">\n                        <!---->\n                        <!---->\n                        <img decoding=\"async\" width=\"699\" height=\"669\" src=\"http:\/\/papelorios.eu\/wp-content\/uploads\/2022\/06\/cropped-SAM_1804-scaled-2.jpg\" class=\"wp-image-193 style-454-image style-local-5-c17-image\" alt=\"\" srcset=\"https:\/\/papelorios.eu\/wp-content\/uploads\/2022\/06\/cropped-SAM_1804-scaled-2.jpg 699w, https:\/\/papelorios.eu\/wp-content\/uploads\/2022\/06\/cropped-SAM_1804-scaled-2-300x287.jpg 300w\" sizes=\"(max-width: 699px) 100vw, 699px\" \/>\n                        <div class=\"h-image__frame h-hide-lg h-hide-md h-hide-sm style-454-frameImage style-local-5-c17-frameImage\"><\/div>\n                      <\/div>\n                    <\/a>\n                  <\/div>\n                <\/div>\n                <div data-colibri-id=\"5-c18\" class=\"h-row-container gutters-row-lg-0 gutters-row-md-0 gutters-row-2 gutters-row-v-lg-0 gutters-row-v-md-0 gutters-row-v-2 style-455 style-local-5-c18 position-relative\">\n                  <!---->\n                  <div class=\"h-row justify-content-lg-center justify-content-md-center justify-content-center align-items-lg-stretch align-items-md-stretch align-items-stretch gutters-col-lg-0 gutters-col-md-0 gutters-col-2 gutters-col-v-lg-0 gutters-col-v-md-0 gutters-col-v-2\">\n                    <!---->\n                    <div class=\"h-column h-column-container d-flex h-col-lg-auto h-col-md-auto h-col-auto style-456-outer style-local-5-c19-outer\">\n                      <div data-colibri-id=\"5-c19\" class=\"d-flex h-flex-basis h-column__inner h-px-lg-2 h-px-md-3 h-px-2 v-inner-lg-2 v-inner-md-3 v-inner-2 style-456 style-local-5-c19 position-relative\">\n                        <!---->\n                        <!---->\n                        <div class=\"w-100 h-y-container h-column__content h-column__v-align flex-basis-100 align-self-lg-start align-self-md-start align-self-start\">\n                          <!---->\n                          <div data-colibri-id=\"5-c20\" class=\"h-global-transition-all h-heading style-457 style-local-5-c20 position-relative h-element\">\n                            <!---->\n                            <div class=\"h-heading__outer style-457 style-local-5-c20\">\n                              <!---->\n                              <!---->\n                              <a href=\"http:\/\/papelorios.eu\/index.php\/colectivos\/tarjeta-sanitaria-europea\/\" h-use-smooth-scroll=\"true\">\n                                <h4 class=\"\">Tarjeta Sanitaria Europea<\/h4>\n                              <\/a>\n                            <\/div>\n                          <\/div>\n                          <div data-colibri-id=\"5-c21\" class=\"h-text h-text-component style-458 style-local-5-c21 position-relative h-element\">\n                            <!---->\n                            <!---->\n                            <div class=\"\">\n                              <p>Solicitud y procedimiento.<\/p>\n                            <\/div>\n                          <\/div>\n                        <\/div>\n                      <\/div>\n                    <\/div>\n                  <\/div>\n                <\/div>\n              <\/div>\n            <\/div>\n          <\/div>\n          <div class=\"h-column h-column-container d-flex h-col-lg-4 h-col-md-6 h-col-12 style-465-outer style-local-5-c22-outer\">\n            <div data-colibri-id=\"5-c22\" class=\"d-flex h-flex-basis h-column__inner h-px-lg-2 h-px-md-2 h-px-2 v-inner-lg-2 v-inner-md-2 v-inner-2 style-465 style-local-5-c22 position-relative\">\n              <!---->\n              <!---->\n              <div class=\"w-100 h-y-container h-column__content h-column__v-align flex-basis-100 align-self-lg-start align-self-md-start align-self-start\">\n                <!---->\n                <div data-colibri-id=\"5-c23\" class=\"d-block style-468 style-local-5-c23 position-relative h-element\">\n                  <!---->\n                  <div class=\"h-image__frame-container-outer\">\n                    <a href=\"http:\/\/papelorios.eu\/index.php\/colectivos\/cambio-de-provincia\/\" h-use-smooth-scroll=\"true\" class=\"image-link\">\n                      <div class=\"h-image__frame-container\">\n                        <!---->\n                        <!---->\n                        <img decoding=\"async\" width=\"665\" height=\"665\" src=\"http:\/\/papelorios.eu\/wp-content\/uploads\/2022\/06\/cropped-meisa.png\" class=\"wp-image-197 style-468-image style-local-5-c23-image\" alt=\"\" srcset=\"https:\/\/papelorios.eu\/wp-content\/uploads\/2022\/06\/cropped-meisa.png 665w, https:\/\/papelorios.eu\/wp-content\/uploads\/2022\/06\/cropped-meisa-300x300.png 300w, https:\/\/papelorios.eu\/wp-content\/uploads\/2022\/06\/cropped-meisa-150x150.png 150w\" sizes=\"(max-width: 665px) 100vw, 665px\" \/>\n                        <div class=\"h-image__frame h-hide-lg h-hide-md h-hide-sm style-468-frameImage style-local-5-c23-frameImage\"><\/div>\n                      <\/div>\n                    <\/a>\n                  <\/div>\n                <\/div>\n                <div data-colibri-id=\"5-c24\" class=\"h-global-transition-all h-heading style-469 style-local-5-c24 position-relative h-element\">\n                  <!---->\n                  <div class=\"h-heading__outer style-469 style-local-5-c24\">\n                    <!---->\n                    <!---->\n                    <a href=\"http:\/\/papelorios.eu\/index.php\/colectivos\/cambio-de-provincia\/\" h-use-smooth-scroll=\"true\">\n                      <h4 class=\"\">Cambio de provincia<\/h4>\n                    <\/a>\n                  <\/div>\n                <\/div>\n                <div data-colibri-id=\"5-c25\" class=\"h-text h-text-component style-470 style-local-5-c25 position-relative h-element\">\n                  <!---->\n                  <!---->\n                  <div class=\"\">\n                    <p>Papelorios y cosas que hacer<\/p>\n                  <\/div>\n                <\/div>\n              <\/div>\n            <\/div>\n          <\/div>\n          <div class=\"h-column h-column-container d-flex h-col-lg-4 h-col-md-6 h-col-12 style-466-outer style-local-5-c26-outer\">\n            <div data-colibri-id=\"5-c26\" class=\"d-flex h-flex-basis h-column__inner h-px-lg-2 h-px-md-2 h-px-2 v-inner-lg-2 v-inner-md-2 v-inner-2 style-466 style-local-5-c26 position-relative\">\n              <!---->\n              <!---->\n              <div class=\"w-100 h-y-container h-column__content h-column__v-align flex-basis-100 align-self-lg-start align-self-md-start align-self-start\">\n                <!---->\n                <div data-colibri-id=\"5-c27\" class=\"d-block style-471 style-local-5-c27 position-relative h-element\">\n                  <!---->\n                  <div class=\"h-image__frame-container-outer\">\n                    <a href=\"http:\/\/papelorios.eu\/index.php\/colectivos\/jubilacion\/\" h-use-smooth-scroll=\"true\" class=\"image-link\">\n                      <div class=\"h-image__frame-container\">\n                        <!---->\n                        <!---->\n                        <img decoding=\"async\" width=\"1536\" height=\"1536\" src=\"http:\/\/papelorios.eu\/wp-content\/uploads\/2022\/06\/cropped-Regula\u0301-enero-64.jpg\" class=\"wp-image-574 style-471-image style-local-5-c27-image\" alt=\"\" srcset=\"https:\/\/papelorios.eu\/wp-content\/uploads\/2022\/06\/cropped-Regula\u0301-enero-64.jpg 1536w, https:\/\/papelorios.eu\/wp-content\/uploads\/2022\/06\/cropped-Regula\u0301-enero-64-300x300.jpg 300w, https:\/\/papelorios.eu\/wp-content\/uploads\/2022\/06\/cropped-Regula\u0301-enero-64-1024x1024.jpg 1024w, https:\/\/papelorios.eu\/wp-content\/uploads\/2022\/06\/cropped-Regula\u0301-enero-64-150x150.jpg 150w, https:\/\/papelorios.eu\/wp-content\/uploads\/2022\/06\/cropped-Regula\u0301-enero-64-768x768.jpg 768w\" sizes=\"(max-width: 1536px) 100vw, 1536px\" \/>\n                        <div class=\"h-image__frame h-hide-lg h-hide-md h-hide-sm style-471-frameImage style-local-5-c27-frameImage\"><\/div>\n                      <\/div>\n                    <\/a>\n                  <\/div>\n                <\/div>\n                <div data-colibri-id=\"5-c28\" class=\"h-global-transition-all h-heading style-472 style-local-5-c28 position-relative h-element\">\n                  <!---->\n                  <div class=\"h-heading__outer style-472 style-local-5-c28\">\n                    <!---->\n                    <!---->\n                    <a href=\"http:\/\/papelorios.eu\/index.php\/colectivos\/jubilacion\/\" h-use-smooth-scroll=\"true\">\n                      <h4 class=\"\">Jubilaci\u00f3n<\/h4>\n                    <\/a>\n                  <\/div>\n                <\/div>\n                <div data-colibri-id=\"5-c29\" class=\"h-text h-text-component style-473 style-local-5-c29 position-relative h-element\">\n                  <!---->\n                  <!---->\n                  <div class=\"\">\n                    <p>Lo que traen, lo que se hace.<\/p>\n                  <\/div>\n                <\/div>\n              <\/div>\n            <\/div>\n          <\/div>\n          <div class=\"h-column h-column-container d-flex h-col-lg-4 h-col-md-6 h-col-12 style-467-outer style-local-5-c30-outer\">\n            <div data-colibri-id=\"5-c30\" class=\"d-flex h-flex-basis h-column__inner h-px-lg-2 h-px-md-2 h-px-2 v-inner-lg-2 v-inner-md-2 v-inner-2 style-467 style-local-5-c30 position-relative\">\n              <!---->\n              <!---->\n              <div class=\"w-100 h-y-container h-column__content h-column__v-align flex-basis-100 align-self-lg-start align-self-md-start align-self-start\">\n                <!---->\n                <div data-colibri-id=\"5-c31\" class=\"d-block style-474 style-local-5-c31 position-relative h-element\">\n                  <!---->\n                  <div class=\"h-image__frame-container-outer\">\n                    <a href=\"http:\/\/papelorios.eu\/index.php\/colectivos\/cambio-de-entidad\/\" h-use-smooth-scroll=\"true\" class=\"image-link\">\n                      <div class=\"h-image__frame-container\">\n                        <!---->\n                        <!---->\n                        <img decoding=\"async\" width=\"798\" height=\"775\" src=\"http:\/\/papelorios.eu\/wp-content\/uploads\/2022\/06\/cropped-CIMG0519.jpg\" class=\"wp-image-198 style-474-image style-local-5-c31-image\" alt=\"\" srcset=\"https:\/\/papelorios.eu\/wp-content\/uploads\/2022\/06\/cropped-CIMG0519.jpg 798w, https:\/\/papelorios.eu\/wp-content\/uploads\/2022\/06\/cropped-CIMG0519-300x291.jpg 300w, https:\/\/papelorios.eu\/wp-content\/uploads\/2022\/06\/cropped-CIMG0519-768x746.jpg 768w\" sizes=\"(max-width: 798px) 100vw, 798px\" \/>\n                        <div class=\"h-image__frame h-hide-lg h-hide-md h-hide-sm style-474-frameImage style-local-5-c31-frameImage\"><\/div>\n                      <\/div>\n                    <\/a>\n                  <\/div>\n                <\/div>\n                <div data-colibri-id=\"5-c32\" class=\"h-global-transition-all h-heading style-475 style-local-5-c32 position-relative h-element\">\n                  <!---->\n                  <div class=\"h-heading__outer style-475 style-local-5-c32\">\n                    <!---->\n                    <!---->\n                    <a href=\"http:\/\/papelorios.eu\/index.php\/colectivos\/cambio-de-entidad\/\" h-use-smooth-scroll=\"true\">\n                      <h4 class=\"\">Cambio de Entidad<\/h4>\n                    <\/a>\n                  <\/div>\n                <\/div>\n                <div data-colibri-id=\"5-c33\" class=\"h-text h-text-component style-476 style-local-5-c33 position-relative h-element\">\n                  <!---->\n                  <!---->\n                  <div class=\"\">\n                    <p>Esto solo, repito,&nbsp; SOLO se hace en enero, as\u00ed que en enero pondr\u00e9 como se hace y ahora solo est\u00e1n los cambios extraordinarios. Motivos y cosas<\/p>\n                  <\/div>\n                <\/div>\n              <\/div>\n            <\/div>\n          <\/div>\n        <\/div>\n      <\/div>\n    <\/div>\n  <\/div>\n<\/div>","protected":false},"excerpt":{"rendered":"<p>Como se hacen las cosicas y qu\u00e9 hace falta En cada uno lo suyo, los papeles que hay que darles, los que tienen que traer ellos, qu\u00e9 se hace con cada cosa. Talonarios La solicitud y qu\u00e9 se hace con ella. Altas y bajas De titulares y beneficiarios. Solicitudes, documentos necesarios y procedimiento Tarjeta Sanitaria [&hellip;]<\/p>\n","protected":false},"author":1,"featured_media":0,"parent":0,"menu_order":0,"comment_status":"closed","ping_status":"closed","template":"page-templates\/full-width-page.php","meta":{"footnotes":""},"_links":{"self":[{"href":"https:\/\/papelorios.eu\/index.php\/wp-json\/wp\/v2\/pages\/5"}],"collection":[{"href":"https:\/\/papelorios.eu\/index.php\/wp-json\/wp\/v2\/pages"}],"about":[{"href":"https:\/\/papelorios.eu\/index.php\/wp-json\/wp\/v2\/types\/page"}],"author":[{"embeddable":true,"href":"https:\/\/papelorios.eu\/index.php\/wp-json\/wp\/v2\/users\/1"}],"replies":[{"embeddable":true,"href":"https:\/\/papelorios.eu\/index.php\/wp-json\/wp\/v2\/comments?post=5"}],"version-history":[{"count":9,"href":"https:\/\/papelorios.eu\/index.php\/wp-json\/wp\/v2\/pages\/5\/revisions"}],"predecessor-version":[{"id":2058,"href":"https:\/\/papelorios.eu\/index.php\/wp-json\/wp\/v2\/pages\/5\/revisions\/2058"}],"wp:attachment":[{"href":"https:\/\/papelorios.eu\/index.php\/wp-json\/wp\/v2\/media?parent=5"}],"curies":[{"name":"wp","href":"https:\/\/api.w.org\/{rel}","templated":true}]}}