{"id":51,"date":"2022-06-12T06:04:14","date_gmt":"2022-06-12T06:04:14","guid":{"rendered":"http:\/\/papelorios.eu\/?page_id=51"},"modified":"2022-08-06T18:32:12","modified_gmt":"2022-08-06T16:32:12","slug":"tarjeta-sanitaria-europea","status":"publish","type":"page","link":"https:\/\/papelorios.eu\/index.php\/colectivos\/tarjeta-sanitaria-europea\/","title":{"rendered":"Tarjeta Sanitaria Europea"},"content":{"rendered":"<div data-colibri-id=\"51-c1\" class=\"style-791 style-local-51-c1 position-relative\">\n  <!---->\n  <div data-colibri-component=\"section\" data-colibri-id=\"51-c2\" id=\"about\" class=\"h-section h-section-global-spacing d-flex align-items-lg-center align-items-md-center align-items-center style-792 style-local-51-c2 position-relative\">\n    <!---->\n    <!---->\n    <div class=\"h-section-grid-container h-section-boxed-container\">\n      <!---->\n      <div data-colibri-id=\"51-c3\" class=\"h-row-container gutters-row-lg-0 gutters-row-md-0 gutters-row-0 gutters-row-v-lg-0 gutters-row-v-md-0 gutters-row-v-0 style-793 style-local-51-c3 position-relative\">\n        <!---->\n        <div class=\"h-row justify-content-lg-center justify-content-md-center justify-content-center align-items-lg-stretch align-items-md-stretch align-items-stretch gutters-col-lg-0 gutters-col-md-0 gutters-col-0 gutters-col-v-lg-0 gutters-col-v-md-0 gutters-col-v-0\">\n          <!---->\n          <div class=\"h-column h-column-container d-flex h-col-lg-auto h-col-md-auto h-col-auto style-794-outer style-local-51-c4-outer\">\n            <div data-colibri-id=\"51-c4\" class=\"d-flex h-flex-basis h-column__inner h-px-lg-0 h-px-md-0 h-px-0 v-inner-lg-0 v-inner-md-0 v-inner-0 style-794 style-local-51-c4 position-relative\">\n              <!---->\n              <!---->\n              <div class=\"w-100 h-y-container h-column__content h-column__v-align flex-basis-100 align-self-lg-start align-self-md-start align-self-start\">\n                <!---->\n                <div data-colibri-id=\"51-c5\" class=\"h-global-transition-all h-heading style-796 style-local-51-c5 position-relative h-element\">\n                  <!---->\n                  <div class=\"h-heading__outer style-796 style-local-51-c5\">\n                    <!---->\n                    <!---->\n                    <h2 class=\"\">Tienen que traer o rellenar la&nbsp;<em style=\"font-family: &quot;Playfair Display&quot;;\">solicitud<\/em><\/h2>\n                  <\/div>\n                <\/div>\n                <div data-colibri-id=\"51-c6\" class=\"h-text h-text-component style-797 style-local-51-c6 position-relative h-element\">\n                  <!---->\n                  <!---->\n                  <div class=\"\">\n                    <p>Se abre colectivos. Modificaci\u00f3n de titulares y gesti\u00f3n de beneficiarios<\/p>\n                    <p>Se graba sin escribir nada<\/p>\n                    <p>Se est\u00e1 de acuerdo en que queremos imprimir algo<\/p>\n                    <p>Se busca la Tarjeta Sanitaria Europea en la impresorita<\/p>\n                    <p>Se marca, se aprueba, le quita uno todas las esperanzas de imprimir algo y OK<\/p>\n                  <\/div>\n                <\/div>\n              <\/div>\n            <\/div>\n          <\/div>\n          <div class=\"h-column h-column-container d-flex h-col-lg-auto h-col-md-auto h-col-auto style-798-outer style-local-51-c7-outer\">\n            <div data-colibri-id=\"51-c7\" class=\"d-flex h-flex-basis h-column__inner h-ui-empty-state-container h-px-lg-2 h-px-md-2 h-px-2 v-inner-lg-2 v-inner-md-2 v-inner-2 style-798 style-local-51-c7 position-relative\">\n              <!---->\n              <!---->\n              <div class=\"w-100 h-y-container h-column__content h-column__v-align flex-basis-100\">\n                <!---->\n              <\/div>\n            <\/div>\n          <\/div>\n        <\/div>\n      <\/div>\n      <div data-colibri-id=\"51-c8\" class=\"h-row-container gutters-row-lg-2 gutters-row-md-2 gutters-row-0 gutters-row-v-lg-2 gutters-row-v-md-2 gutters-row-v-2 style-802 style-local-51-c8 position-relative\">\n        <!---->\n        <div class=\"h-row justify-content-lg-center justify-content-md-center justify-content-center align-items-lg-stretch align-items-md-stretch align-items-stretch gutters-col-lg-2 gutters-col-md-2 gutters-col-0 gutters-col-v-lg-2 gutters-col-v-md-2 gutters-col-v-2\">\n          <!---->\n          <div class=\"h-column h-column-container d-flex h-col-lg-auto h-col-md-auto h-col-auto style-803-outer style-local-51-c9-outer\">\n            <div data-colibri-id=\"51-c9\" class=\"d-flex h-flex-basis h-column__inner h-px-lg-2 h-px-md-2 h-px-2 v-inner-lg-2 v-inner-md-2 v-inner-2 style-803 style-local-51-c9 position-relative\">\n              <!---->\n              <!---->\n              <div class=\"w-100 h-y-container h-column__content h-column__v-align flex-basis-100 align-self-lg-start align-self-md-start align-self-start\">\n                <!---->\n                <div data-colibri-id=\"51-c10\" class=\"h-x-container style-804 style-local-51-c10 position-relative h-element\">\n                  <!---->\n                  <div class=\"h-x-container-inner style-dynamic-51-c10-group style-804-spacing style-local-51-c10-spacing\"><span class=\"h-button__outer style-805-outer style-local-51-c11-outer d-inline-flex h-element\"><a h-use-smooth-scroll=\"true\" href=\"https:\/\/www.google.com\/url?q=https%3A%2F%2Fimg1.wsimg.com%2Fblobby%2Fgo%2F8ad2a2dc-1178-4a74-a74d-aad22b164d9d%2Fdownloads%2FSolicitud_Tarjeta_Sanitaria_Europea.pdf%3Fver%3D1654517549304&amp;sa=D&amp;sntz=1&amp;usg=AOvVaw1wXCE1hw0BE6vEglrXXDrZ\"  data-colibri-id=\"51-c11\" class=\"d-flex w-100 align-items-center h-button justify-content-lg-center justify-content-md-center justify-content-center style-805 style-local-51-c11 position-relative\"><!----><!----> <span>Solicitud<\/span><\/a>\n                    <\/span>\n                  <\/div>\n                <\/div>\n              <\/div>\n            <\/div>\n          <\/div>\n        <\/div>\n      <\/div>\n      <div data-colibri-id=\"51-c12\" class=\"h-row-container gutters-row-lg-2 gutters-row-md-2 gutters-row-0 gutters-row-v-lg-2 gutters-row-v-md-2 gutters-row-v-2 style-799 style-local-51-c12 position-relative\">\n        <!---->\n        <div class=\"h-row justify-content-lg-center justify-content-md-center justify-content-center align-items-lg-stretch align-items-md-stretch align-items-stretch gutters-col-lg-2 gutters-col-md-2 gutters-col-0 gutters-col-v-lg-2 gutters-col-v-md-2 gutters-col-v-2\">\n          <!---->\n          <div class=\"h-column h-column-container d-flex h-col-lg-auto h-col-md-auto h-col-auto style-800-outer style-local-51-c13-outer\">\n            <div data-colibri-id=\"51-c13\" class=\"d-flex h-flex-basis h-column__inner h-px-lg-2 h-px-md-2 h-px-2 v-inner-lg-2 v-inner-md-2 v-inner-2 style-800 style-local-51-c13 position-relative\">\n              <!---->\n              <!---->\n              <div class=\"w-100 h-y-container h-column__content h-column__v-align flex-basis-100 align-self-lg-start align-self-md-start align-self-start\">\n                <!---->\n                <div data-colibri-id=\"51-c14\" class=\"h-text h-text-component style-801 style-local-51-c14 position-relative h-element\">\n                  <!---->\n                  <!---->\n                  <div class=\"\">\n                    <p>Hay que comprobar que tienen bien la direcci\u00f3n (o no les llegar\u00e1 jam\u00e1s de los jamases) y que van a salir en m\u00e1s de diez d\u00edas por si les hace falta el papelorio sustitutivo<\/p>\n                  <\/div>\n                <\/div>\n              <\/div>\n            <\/div>\n          <\/div>\n        <\/div>\n      <\/div>\n    <\/div>\n  <\/div>\n<\/div>","protected":false},"excerpt":{"rendered":"<p>Tienen que traer o rellenar la&nbsp;solicitud Se abre colectivos. Modificaci\u00f3n de titulares y gesti\u00f3n de beneficiarios Se graba sin escribir nada Se est\u00e1 de acuerdo en que queremos imprimir algo Se busca la Tarjeta Sanitaria Europea en la impresorita Se marca, se aprueba, le quita uno todas las esperanzas de imprimir algo y OK Solicitud [&hellip;]<\/p>\n","protected":false},"author":1,"featured_media":0,"parent":5,"menu_order":0,"comment_status":"closed","ping_status":"closed","template":"page-templates\/full-width-page.php","meta":{"footnotes":""},"_links":{"self":[{"href":"https:\/\/papelorios.eu\/index.php\/wp-json\/wp\/v2\/pages\/51"}],"collection":[{"href":"https:\/\/papelorios.eu\/index.php\/wp-json\/wp\/v2\/pages"}],"about":[{"href":"https:\/\/papelorios.eu\/index.php\/wp-json\/wp\/v2\/types\/page"}],"author":[{"embeddable":true,"href":"https:\/\/papelorios.eu\/index.php\/wp-json\/wp\/v2\/users\/1"}],"replies":[{"embeddable":true,"href":"https:\/\/papelorios.eu\/index.php\/wp-json\/wp\/v2\/comments?post=51"}],"version-history":[{"count":5,"href":"https:\/\/papelorios.eu\/index.php\/wp-json\/wp\/v2\/pages\/51\/revisions"}],"predecessor-version":[{"id":2193,"href":"https:\/\/papelorios.eu\/index.php\/wp-json\/wp\/v2\/pages\/51\/revisions\/2193"}],"up":[{"embeddable":true,"href":"https:\/\/papelorios.eu\/index.php\/wp-json\/wp\/v2\/pages\/5"}],"wp:attachment":[{"href":"https:\/\/papelorios.eu\/index.php\/wp-json\/wp\/v2\/media?parent=51"}],"curies":[{"name":"wp","href":"https:\/\/api.w.org\/{rel}","templated":true}]}}