{"id":53,"date":"2022-06-12T06:05:10","date_gmt":"2022-06-12T06:05:10","guid":{"rendered":"http:\/\/papelorios.eu\/?page_id=53"},"modified":"2022-09-20T09:16:50","modified_gmt":"2022-09-20T07:16:50","slug":"jubilacion","status":"publish","type":"page","link":"https:\/\/papelorios.eu\/index.php\/colectivos\/jubilacion\/","title":{"rendered":"Jubilaci\u00f3n"},"content":{"rendered":"<div data-colibri-id=\"53-c1\" class=\"style-782 style-local-53-c1 position-relative\">\r\n  <!---->\r\n  <div data-colibri-component=\"section\" data-colibri-id=\"53-c2\" id=\"custom\" class=\"h-section h-section-global-spacing d-flex align-items-lg-center align-items-md-center align-items-center style-783 style-local-53-c2 position-relative\">\r\n    <!---->\r\n    <!---->\r\n    <div class=\"h-section-grid-container h-section-boxed-container\">\r\n      <!---->\r\n      <div data-colibri-id=\"53-c3\" class=\"h-row-container gutters-row-lg-2 gutters-row-md-2 gutters-row-0 gutters-row-v-lg-2 gutters-row-v-md-2 gutters-row-v-2 style-784 style-local-53-c3 position-relative\">\r\n        <!---->\r\n        <div class=\"h-row justify-content-lg-center justify-content-md-center justify-content-center align-items-lg-stretch align-items-md-stretch align-items-stretch gutters-col-lg-2 gutters-col-md-2 gutters-col-0 gutters-col-v-lg-2 gutters-col-v-md-2 gutters-col-v-2\">\r\n          <!---->\r\n          <div class=\"h-column h-column-container d-flex h-col-lg-auto h-col-md-auto h-col-auto style-785-outer style-local-53-c4-outer\">\r\n            <div data-colibri-id=\"53-c4\" class=\"d-flex h-flex-basis h-column__inner h-px-lg-2 h-px-md-2 h-px-2 v-inner-lg-2 v-inner-md-2 v-inner-2 style-785 style-local-53-c4 position-relative\">\r\n              <!---->\r\n              <!---->\r\n              <div class=\"w-100 h-y-container h-column__content h-column__v-align flex-basis-100 align-self-lg-start align-self-md-start align-self-start\">\r\n                <!---->\r\n                <div data-colibri-id=\"53-c5\" class=\"h-global-transition-all h-heading style-789 style-local-53-c5 position-relative h-element\">\r\n                  <!---->\r\n                  <div class=\"h-heading__outer style-789 style-local-53-c5\">\r\n                    <!---->\r\n                    <!---->\r\n                    <h4 class=\"\">Se presenta<\/h4>\r\n                  <\/div>\r\n                <\/div>\r\n                <div data-colibri-id=\"53-c6\" class=\"h-text h-text-component style-787 style-local-53-c6 position-relative h-element\">\r\n                  <!---->\r\n                  <!---->\r\n                  <div class=\"\">\r\n                    <p>La orden de jubilaci\u00f3n<\/p>\r\n                  <\/div>\r\n                <\/div>\r\n              <\/div>\r\n            <\/div>\r\n          <\/div>\r\n          <div class=\"h-column h-column-container d-flex h-col-lg-auto h-col-md-auto h-col-auto style-786-outer style-local-53-c7-outer\">\r\n            <div data-colibri-id=\"53-c7\" class=\"d-flex h-flex-basis h-column__inner h-px-lg-2 h-px-md-2 h-px-2 v-inner-lg-2 v-inner-md-2 v-inner-2 style-786 style-local-53-c7 position-relative\">\r\n              <!---->\r\n              <!---->\r\n              <div class=\"w-100 h-y-container h-column__content h-column__v-align flex-basis-100 align-self-lg-start align-self-md-start align-self-start\">\r\n                <!---->\r\n                <div data-colibri-id=\"53-c8\" class=\"h-global-transition-all h-heading style-790 style-local-53-c8 position-relative h-element\">\r\n                  <!---->\r\n                  <div class=\"h-heading__outer style-790 style-local-53-c8\">\r\n                    <!---->\r\n                    <!---->\r\n                    <h4 class=\"\">Qu\u00e9 se hace con ello<\/h4>\r\n                  <\/div>\r\n                <\/div>\r\n                <div data-colibri-id=\"53-c9\" class=\"h-text h-text-component style-788 style-local-53-c9 position-relative h-element\">\r\n                  <!---->\r\n                  <!---->\r\n                  <div class=\"\">\r\n                    <p>Se les cambia la situaci\u00f3n administrativa en colectivos<\/p>\r\n                    <p>Se comprueba que el centro de trabajo es el que hay<\/p>\r\n                    <p>Se pone como fecha de alta en la situaci\u00f3n la de la jubilaci\u00f3n<\/p>\r\n                    <p>Se graba<\/p>\r\n                    <p>Se coloca el papelorio en la carpeta de colectivos<\/p>\r\n                  <\/div>\r\n                <\/div>\r\n              <\/div>\r\n            <\/div>\r\n          <\/div>\r\n        <\/div>\r\n      <\/div>\r\n    <\/div>\r\n  <\/div>\r\n<\/div>","protected":false},"excerpt":{"rendered":"<p>Se presenta La orden de jubilaci\u00f3n Qu\u00e9 se hace con ello Se les cambia la situaci\u00f3n administrativa en colectivos Se comprueba que el centro de trabajo es el que hay Se pone como fecha de alta en la situaci\u00f3n la de la jubilaci\u00f3n Se graba Se coloca el papelorio en la carpeta de colectivos<\/p>\n","protected":false},"author":1,"featured_media":0,"parent":5,"menu_order":0,"comment_status":"closed","ping_status":"closed","template":"page-templates\/full-width-page.php","meta":{"footnotes":""},"_links":{"self":[{"href":"https:\/\/papelorios.eu\/index.php\/wp-json\/wp\/v2\/pages\/53"}],"collection":[{"href":"https:\/\/papelorios.eu\/index.php\/wp-json\/wp\/v2\/pages"}],"about":[{"href":"https:\/\/papelorios.eu\/index.php\/wp-json\/wp\/v2\/types\/page"}],"author":[{"embeddable":true,"href":"https:\/\/papelorios.eu\/index.php\/wp-json\/wp\/v2\/users\/1"}],"replies":[{"embeddable":true,"href":"https:\/\/papelorios.eu\/index.php\/wp-json\/wp\/v2\/comments?post=53"}],"version-history":[{"count":6,"href":"https:\/\/papelorios.eu\/index.php\/wp-json\/wp\/v2\/pages\/53\/revisions"}],"predecessor-version":[{"id":1552,"href":"https:\/\/papelorios.eu\/index.php\/wp-json\/wp\/v2\/pages\/53\/revisions\/1552"}],"up":[{"embeddable":true,"href":"https:\/\/papelorios.eu\/index.php\/wp-json\/wp\/v2\/pages\/5"}],"wp:attachment":[{"href":"https:\/\/papelorios.eu\/index.php\/wp-json\/wp\/v2\/media?parent=53"}],"curies":[{"name":"wp","href":"https:\/\/api.w.org\/{rel}","templated":true}]}}