{"id":59,"date":"2022-06-12T06:06:29","date_gmt":"2022-06-12T06:06:29","guid":{"rendered":"http:\/\/papelorios.eu\/?page_id=59"},"modified":"2022-08-06T13:22:08","modified_gmt":"2022-08-06T11:22:08","slug":"talonarios","status":"publish","type":"page","link":"https:\/\/papelorios.eu\/index.php\/colectivos\/talonarios\/","title":{"rendered":"Talonarios"},"content":{"rendered":"<div data-colibri-id=\"59-c1\" class=\"style-1759 style-local-59-c1 position-relative\">\n  <!---->\n  <div data-colibri-component=\"section\" data-colibri-id=\"59-c2\" id=\"custom-2\" class=\"h-section h-section-global-spacing d-flex align-items-lg-center align-items-md-center align-items-center style-1772 style-local-59-c2 position-relative\">\n    <!---->\n    <!---->\n    <div class=\"h-section-grid-container h-section-boxed-container\">\n      <!---->\n      <div data-colibri-id=\"59-c3\" class=\"h-row-container gutters-row-lg-2 gutters-row-md-2 gutters-row-0 gutters-row-v-lg-2 gutters-row-v-md-2 gutters-row-v-2 style-1790 style-local-59-c3 position-relative\">\n        <!---->\n        <div class=\"h-row justify-content-lg-center justify-content-md-center justify-content-center align-items-lg-stretch align-items-md-stretch align-items-stretch gutters-col-lg-2 gutters-col-md-2 gutters-col-0 gutters-col-v-lg-2 gutters-col-v-md-2 gutters-col-v-2\">\n          <!---->\n          <div class=\"h-column h-column-container d-flex h-col-lg-auto h-col-md-auto h-col-auto style-1791-outer style-local-59-c4-outer\">\n            <div data-colibri-id=\"59-c4\" class=\"d-flex h-flex-basis h-column__inner h-px-lg-2 h-px-md-2 h-px-2 v-inner-lg-2 v-inner-md-2 v-inner-2 style-1791 style-local-59-c4 position-relative\">\n              <!---->\n              <!---->\n              <div class=\"w-100 h-y-container h-column__content h-column__v-align flex-basis-100 align-self-lg-start align-self-md-start align-self-start\">\n                <!---->\n                <div data-colibri-id=\"59-c5\" class=\"h-x-container style-1766 style-local-59-c5 position-relative h-element\">\n                  <!---->\n                  <div class=\"h-x-container-inner style-dynamic-59-c5-group style-1766-spacing style-local-59-c5-spacing\"><span class=\"h-button__outer style-1767-outer style-local-59-c6-outer d-inline-flex h-element\"><a h-use-smooth-scroll=\"true\" href=\"https:\/\/www.muface.es\/muface_Home\/dam\/jcr:bfbe9104-87bb-45af-a32b-96f94f165fcb\/Peticion_Talonario_Recetas_correo_postal.pdf\"  data-colibri-id=\"59-c6\" class=\"d-flex w-100 align-items-center h-button justify-content-lg-center justify-content-md-center justify-content-center style-1767 style-local-59-c6 position-relative\"><!----><!----> <span>Solicitud talonarios<\/span><\/a>\n                    <\/span>\n                  <\/div>\n                <\/div>\n              <\/div>\n            <\/div>\n          <\/div>\n        <\/div>\n      <\/div>\n    <\/div>\n  <\/div>\n  <div data-colibri-component=\"section\" data-colibri-id=\"59-c33\" id=\"about\" class=\"h-section h-section-global-spacing d-flex align-items-lg-center align-items-md-center align-items-center style-1807 style-local-59-c33 position-relative\">\n    <!---->\n    <!---->\n    <div class=\"h-section-grid-container h-section-boxed-container\">\n      <!---->\n      <div data-colibri-id=\"59-c34\" class=\"h-row-container gutters-row-lg-0 gutters-row-md-0 gutters-row-0 gutters-row-v-lg-0 gutters-row-v-md-0 gutters-row-v-0 style-1808 style-local-59-c34 position-relative\">\n        <!---->\n        <div class=\"h-row justify-content-lg-center justify-content-md-center justify-content-center align-items-lg-stretch align-items-md-stretch align-items-stretch gutters-col-lg-0 gutters-col-md-0 gutters-col-0 gutters-col-v-lg-0 gutters-col-v-md-0 gutters-col-v-0\">\n          <!---->\n          <div class=\"h-column h-column-container d-flex h-col-lg-auto h-col-md-auto h-col-auto style-1809-outer style-local-59-c35-outer\">\n            <div data-colibri-id=\"59-c35\" class=\"d-flex h-flex-basis h-column__inner h-px-lg-0 h-px-md-0 h-px-0 v-inner-lg-0 v-inner-md-0 v-inner-0 style-1809 style-local-59-c35 position-relative\">\n              <!---->\n              <!---->\n              <div class=\"w-100 h-y-container h-column__content h-column__v-align flex-basis-100 align-self-lg-start align-self-md-start align-self-start\">\n                <!---->\n                <div data-colibri-id=\"59-c36\" class=\"h-global-transition-all h-heading style-1810 style-local-59-c36 position-relative h-element\">\n                  <!---->\n                  <div class=\"h-heading__outer style-1810 style-local-59-c36\">\n                    <!---->\n                    <!---->\n                    <h5 class=\"\">En el ordenador<\/h5>\n                  <\/div>\n                <\/div>\n                <div data-colibri-id=\"59-c37\" class=\"h-global-transition-all h-heading style-1811 style-local-59-c37 position-relative h-element\">\n                  <!---->\n                  <div class=\"h-heading__outer style-1811 style-local-59-c37\">\n                    <!---->\n                    <!---->\n                    <h2 class=\"\">El formulario est\u00e1 en el bot\u00f3n de arriba<\/h2>\n                  <\/div>\n                <\/div>\n                <div data-colibri-id=\"59-c38\" class=\"h-text h-text-component style-1812 style-local-59-c38 position-relative h-element\">\n                  <!---->\n                  <!---->\n                  <div class=\"\">\n                    <p>1.-&nbsp;Se parte del formulario <span style=\"font-weight: 600;\">SOLICITUD DE TALONARIOS<\/span>. Comprobar que est\u00e1n los datos y la firma.<\/p>\n                    <p>2.- Tambi\u00e9n vienen papelitos, servilletas, cartones&#8230; Si se entiende lo que piden y va firmado, nos sirve.<\/p>\n                    <p>3.- En Sigma&nbsp;<span style=\"font-size: 10pt; font-family: Arial, sans-serif;\">\u25ba<\/span> Colectivos&nbsp;&nbsp;<span style=\"font-size: 10pt; font-family: Arial, sans-serif;\">\u25ba<\/span> M\u00f3dulo de Farmacia <span style=\"font-size: 10pt; font-family: Arial, sans-serif;\">\u25ba <\/span>Talonarios&nbsp;\n                      <span\n                        style=\"font-family: Arial, sans-serif; font-size: 10pt;\">\u25ba<\/span>Entrega, anulaci\u00f3n y consulta de talonarios\n                        <br>\n                    <\/p>\n                  <\/div>\n                <\/div>\n              <\/div>\n            <\/div>\n          <\/div>\n          <div class=\"h-column h-column-container d-flex h-col-lg-auto h-col-md-auto h-col-auto style-1813-outer style-local-59-c39-outer\">\n            <div data-colibri-id=\"59-c39\" class=\"d-flex h-flex-basis h-column__inner h-px-lg-2 h-px-md-2 h-px-2 v-inner-lg-2 v-inner-md-2 v-inner-2 style-1813 style-local-59-c39 position-relative\">\n              <!---->\n              <!---->\n              <div class=\"w-100 h-y-container h-column__content h-column__v-align flex-basis-100 align-self-lg-start align-self-md-start align-self-start\">\n                <!---->\n                <div data-colibri-id=\"59-c43\" class=\"d-block style-1816 style-local-59-c43 position-relative h-element\">\n                  <!---->\n                  <div class=\"h-image__frame-container-outer\">\n                    <div class=\"h-image__frame-container\">\n                      <!---->\n                      <!---->\n                      <img decoding=\"async\" width=\"610\" height=\"540\" src=\"http:\/\/papelorios.eu\/wp-content\/uploads\/2022\/08\/image001.png\" class=\"wp-image-2039 style-1816-image style-local-59-c43-image\" alt=\"\" srcset=\"https:\/\/papelorios.eu\/wp-content\/uploads\/2022\/08\/image001.png 610w, https:\/\/papelorios.eu\/wp-content\/uploads\/2022\/08\/image001-300x266.png 300w\" sizes=\"(max-width: 610px) 100vw, 610px\" \/>\n                      <div class=\"h-image__frame h-hide-lg h-hide-md h-hide-sm style-1816-frameImage style-local-59-c43-frameImage\"><\/div>\n                    <\/div>\n                  <\/div>\n                <\/div>\n              <\/div>\n            <\/div>\n          <\/div>\n        <\/div>\n      <\/div>\n      <div data-colibri-id=\"59-c51\" class=\"h-row-container gutters-row-lg-0 gutters-row-md-0 gutters-row-0 gutters-row-v-lg-0 gutters-row-v-md-0 gutters-row-v-0 style-1820 style-local-59-c51 position-relative\">\n        <!---->\n        <div class=\"h-row justify-content-lg-center justify-content-md-center justify-content-center align-items-lg-stretch align-items-md-stretch align-items-stretch gutters-col-lg-0 gutters-col-md-0 gutters-col-0 gutters-col-v-lg-0 gutters-col-v-md-0 gutters-col-v-0\">\n          <!---->\n          <div class=\"h-column h-column-container d-flex h-col-lg-auto h-col-md-auto h-col-auto style-1822-outer style-local-59-c54-outer\">\n            <div data-colibri-id=\"59-c54\" class=\"d-flex h-flex-basis h-column__inner h-px-lg-2 h-px-md-2 h-px-2 v-inner-lg-2 v-inner-md-2 v-inner-2 style-1822 style-local-59-c54 position-relative\">\n              <!---->\n              <!---->\n              <div class=\"w-100 h-y-container h-column__content h-column__v-align flex-basis-100 align-self-lg-start align-self-md-start align-self-start\">\n                <!---->\n                <div data-colibri-id=\"59-c53\" class=\"d-block style-1769 style-local-59-c53 position-relative h-element\">\n                  <!---->\n                  <div class=\"h-image__frame-container-outer\">\n                    <div class=\"h-image__frame-container\">\n                      <!---->\n                      <!---->\n                      <img decoding=\"async\" width=\"186\" height=\"38\" src=\"http:\/\/papelorios.eu\/wp-content\/uploads\/2022\/08\/image003.png\" class=\"wp-image-2040 style-1769-image style-local-59-c53-image\" alt=\"\" \/>\n                      <div class=\"h-image__frame h-hide-lg h-hide-md h-hide-sm style-1769-frameImage style-local-59-c53-frameImage\"><\/div>\n                    <\/div>\n                  <\/div>\n                <\/div>\n                <div data-colibri-id=\"59-c55\" class=\"h-text h-text-component style-1823 style-local-59-c55 position-relative h-element\">\n                  <!---->\n                  <!---->\n                  <div class=\"\">\n                    <p>Para empezar a entregar pulsamos en el bot\u00f3n verde. En el que pone +\n                      <br>\n                    <\/p>\n                  <\/div>\n                <\/div>\n              <\/div>\n            <\/div>\n          <\/div>\n        <\/div>\n      <\/div>\n    <\/div>\n  <\/div>\n  <div data-colibri-component=\"section\" data-colibri-id=\"59-c56\" id=\"about-2\" class=\"h-section h-section-global-spacing d-flex align-items-lg-center align-items-md-center align-items-center style-1824 style-local-59-c56 position-relative\">\n    <!---->\n    <!---->\n    <div class=\"h-section-grid-container h-section-boxed-container\">\n      <!---->\n      <div data-colibri-id=\"59-c57\" class=\"h-row-container gutters-row-lg-0 gutters-row-md-0 gutters-row-0 gutters-row-v-lg-0 gutters-row-v-md-0 gutters-row-v-0 style-1825 style-local-59-c57 position-relative\">\n        <!---->\n        <div class=\"h-row justify-content-lg-center justify-content-md-center justify-content-center align-items-lg-stretch align-items-md-stretch align-items-stretch gutters-col-lg-0 gutters-col-md-0 gutters-col-0 gutters-col-v-lg-0 gutters-col-v-md-0 gutters-col-v-0\">\n          <!---->\n          <div class=\"h-column h-column-container d-flex h-col-lg-auto h-col-md-auto h-col-auto style-1826-outer style-local-59-c58-outer\">\n            <div data-colibri-id=\"59-c58\" class=\"d-flex h-flex-basis h-column__inner h-ui-empty-state-container h-px-lg-0 h-px-md-0 h-px-0 v-inner-lg-0 v-inner-md-0 v-inner-0 style-1826 style-local-59-c58 position-relative\">\n              <!---->\n              <!---->\n              <div class=\"w-100 h-y-container h-column__content h-column__v-align flex-basis-100\">\n                <!---->\n              <\/div>\n            <\/div>\n          <\/div>\n          <div class=\"h-column h-column-container d-flex h-col-lg-auto h-col-md-auto h-col-auto style-1827-outer style-local-59-c59-outer\">\n            <div data-colibri-id=\"59-c59\" class=\"d-flex h-flex-basis h-column__inner h-px-lg-2 h-px-md-2 h-px-2 v-inner-lg-2 v-inner-md-2 v-inner-2 style-1827 style-local-59-c59 position-relative\">\n              <!---->\n              <!---->\n              <div class=\"w-100 h-y-container h-column__content h-column__v-align flex-basis-100 align-self-lg-start align-self-md-start align-self-start\">\n                <!---->\n                <div data-colibri-id=\"59-c62\" class=\"h-text h-text-component style-1830 style-local-59-c62 position-relative h-element\">\n                  <!---->\n                  <!---->\n                  <div class=\"\">\n                    <p>5.- Directamente se pone el cursor en el n\u00famero de afiliaci\u00f3n as\u00ed que podemos empezar a escribir el dato que tengamos (vale el DNI tambi\u00e9n con letra), pulsamos intro y comprobamos que:<\/p>\n                    <ul>\n                      <li>El nombre coincide, por si nos hemos equivocado<\/li>\n                      <li>El mutualista es de compa\u00f1\u00eda privada (puede pedir uno al mes)<\/li>\n                      <li>El mutualista es del INSS (puede pedir uno al a\u00f1o)<\/li>\n                      <li>Abajo se ven los que ha pedido y cuando fue el \u00faltimo\n                        <br>\n                      <\/li>\n                    <\/ul>\n                    <p>\n                      <br>\n                    <\/p>\n                  <\/div>\n                <\/div>\n              <\/div>\n            <\/div>\n          <\/div>\n        <\/div>\n      <\/div>\n    <\/div>\n  <\/div>\n  <div data-colibri-component=\"section\" data-colibri-id=\"59-c82\" id=\"about-3\" class=\"h-section h-section-global-spacing d-flex align-items-lg-center align-items-md-center align-items-center style-1843 style-local-59-c82 position-relative\">\n    <!---->\n    <!---->\n    <div class=\"h-section-grid-container h-section-boxed-container\">\n      <!---->\n      <div data-colibri-id=\"59-c83\" class=\"h-row-container gutters-row-lg-0 gutters-row-md-0 gutters-row-0 gutters-row-v-lg-0 gutters-row-v-md-0 gutters-row-v-0 style-1844 style-local-59-c83 position-relative\">\n        <!---->\n        <div class=\"h-row justify-content-lg-center justify-content-md-center justify-content-center align-items-lg-stretch align-items-md-stretch align-items-stretch gutters-col-lg-0 gutters-col-md-0 gutters-col-0 gutters-col-v-lg-0 gutters-col-v-md-0 gutters-col-v-0\">\n          <!---->\n          <div class=\"h-column h-column-container d-flex h-col-lg-auto h-col-md-auto h-col-auto style-1845-outer style-local-59-c84-outer\">\n            <div data-colibri-id=\"59-c84\" class=\"d-flex h-flex-basis h-column__inner h-px-lg-0 h-px-md-0 h-px-0 v-inner-lg-0 v-inner-md-0 v-inner-0 style-1845 style-local-59-c84 position-relative\">\n              <!---->\n              <!---->\n              <div class=\"w-100 h-y-container h-column__content h-column__v-align flex-basis-100 align-self-lg-start align-self-md-start align-self-start\">\n                <!---->\n                <div data-colibri-id=\"59-c87\" class=\"h-text h-text-component style-1848 style-local-59-c87 position-relative h-element\">\n                  <!---->\n                  <!---->\n                  <div class=\"\">\n                    <ol>\n                      <li>El cursor ha pasado al n\u00famero de talonario, cogemos el que toca y lo pasamos por el escaner, si no va, arrancamos la primera hoja y la pasamos.<\/li>\n                      <li><span style=\"font-weight: 600;\">Muy importante<\/span>, porque cambiarlo es una murga muy gorda, pinchamos en modalidad de entrega y ponemos CORREO ORDINARIO. Lo m\u00e1s f\u00e1cil es TAB&nbsp;<span style=\"font-size: 10pt; font-family: Arial, sans-serif;\">\u25ba<\/span>&nbsp;C&nbsp;\n                        <span\n                          style=\"font-size: 10pt; font-family: Arial, sans-serif;\">\u25ba<\/span>&nbsp;ALT+G&nbsp;<span style=\"font-size: 10pt; font-family: Arial, sans-serif;\">\u25ba<\/span>&nbsp;Intro.<\/li>\n                      <li>Si no hemos hecho ALT+G y intro se le da al disquete para grabar<\/li>\n                    <\/ol>\n                  <\/div>\n                <\/div>\n              <\/div>\n            <\/div>\n          <\/div>\n          <div class=\"h-column h-column-container d-flex h-col-lg-auto h-col-md-auto h-col-auto style-1849-outer style-local-59-c88-outer\">\n            <div data-colibri-id=\"59-c88\" class=\"d-flex h-flex-basis h-column__inner h-ui-empty-state-container h-px-lg-2 h-px-md-2 h-px-2 v-inner-lg-2 v-inner-md-2 v-inner-2 style-1849 style-local-59-c88 position-relative\">\n              <!---->\n              <!---->\n              <div class=\"w-100 h-y-container h-column__content h-column__v-align flex-basis-100\">\n                <!---->\n              <\/div>\n            <\/div>\n          <\/div>\n        <\/div>\n      <\/div>\n      <div data-colibri-id=\"59-c92\" class=\"h-row-container gutters-row-lg-2 gutters-row-md-2 gutters-row-0 gutters-row-v-lg-2 gutters-row-v-md-2 gutters-row-v-2 style-1852 style-local-59-c92 position-relative\">\n        <!---->\n        <div class=\"h-row justify-content-lg-center justify-content-md-center justify-content-center align-items-lg-stretch align-items-md-stretch align-items-stretch gutters-col-lg-2 gutters-col-md-2 gutters-col-0 gutters-col-v-lg-2 gutters-col-v-md-2 gutters-col-v-2\">\n          <!---->\n          <div class=\"h-column h-column-container d-flex h-col-lg-auto h-col-md-auto h-col-auto style-1853-outer style-local-59-c93-outer\">\n            <div data-colibri-id=\"59-c93\" class=\"d-flex h-flex-basis h-column__inner h-px-lg-2 h-px-md-2 h-px-2 v-inner-lg-2 v-inner-md-2 v-inner-2 style-1853 style-local-59-c93 position-relative\">\n              <!---->\n              <!---->\n              <div class=\"w-100 h-y-container h-column__content h-column__v-align flex-basis-100 align-self-lg-start align-self-md-start align-self-start\">\n                <!---->\n                <div data-colibri-id=\"59-c94\" class=\"h-text h-text-component style-1789 style-local-59-c94 position-relative h-element\">\n                  <!---->\n                  <!---->\n                  <div class=\"\">\n                    <p><span style=\"color: rgb(153, 153, 153); font-family: Arial, sans-serif; font-size: 11pt;\">.9.&nbsp;&nbsp;&nbsp;&nbsp;&nbsp;Como no ten\u00eda talonario para grabar no puedo poner m\u00e1s im\u00e1genes pero es f\u00e1cil porque va preguntando, justo seguido tiene que decir que se ha entregado el talonario. Despues pregunta si queremos imprimir la direcci\u00f3n, le decimos que s\u00ed.<\/span><\/p>\n                    <p><span style=\"color: rgb(153, 153, 153); font-family: Arial, sans-serif; font-size: 11pt;\">&nbsp;<\/span><\/p>\n                    <p><span style=\"color: rgb(153, 153, 153); font-family: Arial, sans-serif; font-size: 11pt;\">10.&nbsp;&nbsp;Abre un PDF que tiene una impresorita arriba, le damos a la impresorita, escogemos una impresora en blanco y negro y a print.<\/span><\/p>\n                    <p><span style=\"color: rgb(153, 153, 153); font-family: Arial, sans-serif; font-size: 11pt;\">&nbsp;<\/span><\/p>\n                    <p><span style=\"color: rgb(153, 153, 153); font-family: Arial, sans-serif; font-size: 11pt;\">11.&nbsp;&nbsp;En el talonario que hemos entregado ponemos la fecha con el fechador en la tapa y en la primera p\u00e1gina, a\u00f1adimos el n\u00famero de afiliaci\u00f3n a esa primera p\u00e1gina y lo grapamos al formulario\/petici\u00f3n, los doblamos y lo ponemos debajo de la pantalla.<\/span><\/p>\n                    <p><span style=\"color: rgb(153, 153, 153); font-family: Arial, sans-serif; font-size: 11pt;\">&nbsp;<\/span><\/p>\n                    <p><span style=\"color: rgb(153, 153, 153); font-family: Arial, sans-serif; font-size: 11pt;\">12.&nbsp;&nbsp;Nos vamos a la impresora a por la direcci\u00f3n y la metemos en un sobre con el talonario.<\/span><\/p>\n                    <p><span style=\"color: rgb(153, 153, 153); font-family: Arial, sans-serif; font-size: 11pt;\">&nbsp;<\/span><\/p>\n                    <p><span style=\"color: rgb(153, 153, 153); font-family: Arial, sans-serif; font-size: 11pt;\">13.&nbsp;&nbsp;Al final de la ma\u00f1ana se recogen todas las peticiones, se les pone una goma y se echan en una caja que hay en la cuevita a la entrada a la izquierda arriba.<\/span><\/p>\n                    <p><span style=\"color: rgb(153, 153, 153); font-family: Arial, sans-serif; font-size: 11pt;\">&nbsp;<\/span><\/p>\n                    <p><strong style=\"color: rgb(153, 153, 153); font-family: Arial, sans-serif; font-size: 11pt;\">MUY IMPORTANTE<\/strong><\/p>\n                    <p><span style=\"color: rgb(153, 153, 153); font-family: Arial, sans-serif; font-size: 11pt;\">Los talonarios se cogen siempre de la caja abierta y en orden (llevan un n\u00famero). Si no hay caja abierta preguntar a alguien de&nbsp;<\/span>\n                      <strong\n                        style=\"color: rgb(153, 153, 153); font-family: Arial, sans-serif; font-size: 11pt;\">colectivos<\/strong><span style=\"color: rgb(153, 153, 153); font-family: Arial, sans-serif; font-size: 11pt;\">&nbsp;(la gente m\u00e1s cerca del despacho de Maria del Mar).<\/span><\/p>\n                  <\/div>\n                <\/div>\n              <\/div>\n            <\/div>\n          <\/div>\n        <\/div>\n      <\/div>\n    <\/div>\n  <\/div>\n<\/div>","protected":false},"excerpt":{"rendered":"<p>Solicitud talonarios En el ordenador El formulario est\u00e1 en el bot\u00f3n de arriba 1.-&nbsp;Se parte del formulario SOLICITUD DE TALONARIOS. Comprobar que est\u00e1n los datos y la firma. 2.- Tambi\u00e9n vienen papelitos, servilletas, cartones&#8230; Si se entiende lo que piden y va firmado, nos sirve. 3.- En Sigma&nbsp;\u25ba Colectivos&nbsp;&nbsp;\u25ba M\u00f3dulo de Farmacia \u25ba Talonarios&nbsp; \u25baEntrega, [&hellip;]<\/p>\n","protected":false},"author":1,"featured_media":0,"parent":5,"menu_order":0,"comment_status":"closed","ping_status":"closed","template":"page-templates\/full-width-page.php","meta":{"footnotes":""},"_links":{"self":[{"href":"https:\/\/papelorios.eu\/index.php\/wp-json\/wp\/v2\/pages\/59"}],"collection":[{"href":"https:\/\/papelorios.eu\/index.php\/wp-json\/wp\/v2\/pages"}],"about":[{"href":"https:\/\/papelorios.eu\/index.php\/wp-json\/wp\/v2\/types\/page"}],"author":[{"embeddable":true,"href":"https:\/\/papelorios.eu\/index.php\/wp-json\/wp\/v2\/users\/1"}],"replies":[{"embeddable":true,"href":"https:\/\/papelorios.eu\/index.php\/wp-json\/wp\/v2\/comments?post=59"}],"version-history":[{"count":10,"href":"https:\/\/papelorios.eu\/index.php\/wp-json\/wp\/v2\/pages\/59\/revisions"}],"predecessor-version":[{"id":2136,"href":"https:\/\/papelorios.eu\/index.php\/wp-json\/wp\/v2\/pages\/59\/revisions\/2136"}],"up":[{"embeddable":true,"href":"https:\/\/papelorios.eu\/index.php\/wp-json\/wp\/v2\/pages\/5"}],"wp:attachment":[{"href":"https:\/\/papelorios.eu\/index.php\/wp-json\/wp\/v2\/media?parent=59"}],"curies":[{"name":"wp","href":"https:\/\/api.w.org\/{rel}","templated":true}]}}