{"id":821,"date":"2022-06-13T12:28:01","date_gmt":"2022-06-13T12:28:01","guid":{"rendered":"https:\/\/papelorios.es\/?page_id=821"},"modified":"2023-04-04T06:40:15","modified_gmt":"2023-04-04T04:40:15","slug":"mantenimiento-capacidad-residual","status":"publish","type":"page","link":"https:\/\/papelorios.eu\/index.php\/prestaciones\/sociosanitarias\/autonomia-personal\/mantenimiento-capacidad-residual\/","title":{"rendered":"Mantenimiento Capacidad Residual"},"content":{"rendered":"<div data-colibri-id=\"821-c1\" class=\"style-1137 style-local-821-c1 position-relative\">\n  <!---->\n  <div data-colibri-component=\"section\" data-colibri-id=\"821-c2\" id=\"custom\" class=\"h-section h-section-global-spacing d-flex align-items-lg-center align-items-md-center align-items-center style-1138 style-local-821-c2 position-relative\">\n    <!---->\n    <!---->\n    <div class=\"h-section-grid-container h-section-boxed-container\">\n      <!---->\n      <div data-colibri-id=\"821-c3\" class=\"h-row-container gutters-row-lg-2 gutters-row-md-2 gutters-row-0 gutters-row-v-lg-2 gutters-row-v-md-2 gutters-row-v-2 style-1139 style-local-821-c3 position-relative\">\n        <!---->\n        <div class=\"h-row justify-content-lg-center justify-content-md-center justify-content-center align-items-lg-stretch align-items-md-stretch align-items-stretch gutters-col-lg-2 gutters-col-md-2 gutters-col-0 gutters-col-v-lg-2 gutters-col-v-md-2 gutters-col-v-2\">\n          <!---->\n          <div class=\"h-column h-column-container d-flex h-col-lg-auto h-col-md-auto h-col-auto style-1140-outer style-local-821-c4-outer\">\n            <div data-colibri-id=\"821-c4\" class=\"d-flex h-flex-basis h-column__inner h-px-lg-2 h-px-md-2 h-px-2 v-inner-lg-2 v-inner-md-2 v-inner-2 style-1140 style-local-821-c4 position-relative\">\n              <!---->\n              <!---->\n              <div class=\"w-100 h-y-container h-column__content h-column__v-align flex-basis-100 align-self-lg-center align-self-md-center align-self-center\">\n                <!---->\n                <div data-colibri-id=\"821-c5\" class=\"h-x-container style-1141 style-local-821-c5 position-relative h-element\">\n                  <!---->\n                  <div class=\"h-x-container-inner style-dynamic-821-c5-group style-1141-spacing style-local-821-c5-spacing\"><span class=\"h-button__outer style-1142-outer style-local-821-c6-outer d-inline-flex h-element\"><a h-use-smooth-scroll=\"true\" href=\"https:\/\/www.muface.es\/dam\/jcr:2a13955b-2fe4-41fc-964a-4c1c36246a47\/solicitud_autonomia_personal_DPS_34301.pdf\"  data-colibri-id=\"821-c6\" class=\"d-flex w-100 align-items-center h-button justify-content-lg-center justify-content-md-center justify-content-center style-1142 style-local-821-c6 position-relative\"><!----><!----> <span>Solicitud<\/span><\/a>\n                    <\/span>\n                  <\/div>\n                <\/div>\n              <\/div>\n            <\/div>\n          <\/div>\n          <div class=\"h-column h-column-container d-flex h-col-lg-auto h-col-md-auto h-col-auto style-1151-outer style-local-821-c7-outer\">\n            <div data-colibri-id=\"821-c7\" class=\"d-flex h-flex-basis h-column__inner h-px-lg-2 h-px-md-2 h-px-2 v-inner-lg-2 v-inner-md-2 v-inner-2 style-1151 style-local-821-c7 position-relative\">\n              <!---->\n              <!---->\n              <div class=\"w-100 h-y-container h-column__content h-column__v-align flex-basis-100 align-self-lg-center align-self-md-center align-self-center\">\n                <!---->\n                <div data-colibri-id=\"821-c8\" class=\"h-x-container style-1147 style-local-821-c8 position-relative h-element\">\n                  <!---->\n                  <div class=\"h-x-container-inner style-dynamic-821-c8-group style-1147-spacing style-local-821-c8-spacing\"><span class=\"h-button__outer style-1148-outer style-local-821-c9-outer d-inline-flex h-element\"><a h-use-smooth-scroll=\"true\" href=\"https:\/\/www.muface.es\/dam\/jcr:02800e8d-c844-4d93-a784-7bce4ca9d2cc\/DECLARAC_RESPONSABLE_SOCIOSANITARIAS.pdf\"  data-colibri-id=\"821-c9\" class=\"d-flex w-100 align-items-center h-button justify-content-lg-center justify-content-md-center justify-content-center style-1148 style-local-821-c9 position-relative\"><!----><!----> <span>Declaraci\u00f3n Responsable<\/span><\/a>\n                    <\/span>\n                  <\/div>\n                <\/div>\n              <\/div>\n            <\/div>\n          <\/div>\n          <div class=\"h-column h-column-container d-flex h-col-lg-auto h-col-md-auto h-col-auto style-1152-outer style-local-821-c10-outer\">\n            <div data-colibri-id=\"821-c10\" class=\"d-flex h-flex-basis h-column__inner h-px-lg-2 h-px-md-2 h-px-2 v-inner-lg-2 v-inner-md-2 v-inner-2 style-1152 style-local-821-c10 position-relative\">\n              <!---->\n              <!---->\n              <div class=\"w-100 h-y-container h-column__content h-column__v-align flex-basis-100 align-self-lg-center align-self-md-center align-self-center\">\n                <!---->\n                <div data-colibri-id=\"821-c11\" class=\"h-x-container style-1149 style-local-821-c11 position-relative h-element\">\n                  <!---->\n                  <div class=\"h-x-container-inner style-dynamic-821-c11-group style-1149-spacing style-local-821-c11-spacing\"><span class=\"h-button__outer style-1150-outer style-local-821-c12-outer d-inline-flex h-element\"><a h-use-smooth-scroll=\"true\" href=\"https:\/\/www.muface.es\/dam\/jcr:976eef55-2b1d-4e57-a9b9-b400b22fbdfa\/declaracion_de_rendimientos_DPS_34911.pdf\"  data-colibri-id=\"821-c12\" class=\"d-flex w-100 align-items-center h-button justify-content-lg-center justify-content-md-center justify-content-center style-1150 style-local-821-c12 position-relative\"><!----><!----> <span>Declaraci\u00f3n de rendimientos<\/span><\/a>\n                    <\/span>\n                  <\/div>\n                <\/div>\n              <\/div>\n            <\/div>\n          <\/div>\n          <div class=\"h-column h-column-container d-flex h-col-lg-auto h-col-md-auto h-col-auto style-1153-outer style-local-821-c13-outer\">\n            <div data-colibri-id=\"821-c13\" class=\"d-flex h-flex-basis h-column__inner h-px-lg-2 h-px-md-2 h-px-2 v-inner-lg-2 v-inner-md-2 v-inner-2 style-1153 style-local-821-c13 position-relative\">\n              <!---->\n              <!---->\n              <div class=\"w-100 h-y-container h-column__content h-column__v-align flex-basis-100 align-self-lg-center align-self-md-center align-self-center\">\n                <!---->\n                <div data-colibri-id=\"821-c14\" class=\"h-x-container style-1145 style-local-821-c14 position-relative h-element\">\n                  <!---->\n                  <div class=\"h-x-container-inner style-dynamic-821-c14-group style-1145-spacing style-local-821-c14-spacing\"><span class=\"h-button__outer style-1146-outer style-local-821-c15-outer d-inline-flex h-element\"><a h-use-smooth-scroll=\"true\" href=\"https:\/\/www.muface.es\/dam\/jcr:7a0a6bd9-1d59-4b5e-ad63-0a237aa5d627\/declaracion_pensiones_y_prest_DPS_34912.pdf\"  data-colibri-id=\"821-c15\" class=\"d-flex w-100 align-items-center h-button justify-content-lg-center justify-content-md-center justify-content-center style-1146 style-local-821-c15 position-relative\"><!----><!----> <span>Declaraci\u00f3n de Pensiones o Prestaciones<\/span><\/a>\n                    <\/span>\n                  <\/div>\n                <\/div>\n              <\/div>\n            <\/div>\n          <\/div>\n        <\/div>\n      <\/div>\n    <\/div>\n  <\/div>\n  <div data-colibri-component=\"section\" data-colibri-id=\"821-c16\" id=\"custom-2\" class=\"h-section h-section-global-spacing d-flex align-items-lg-center align-items-md-center align-items-center style-1156 style-local-821-c16 position-relative\">\n    <!---->\n    <!---->\n    <div class=\"h-section-grid-container h-section-boxed-container\">\n      <!---->\n      <div data-colibri-id=\"821-c17\" class=\"h-row-container gutters-row-lg-2 gutters-row-md-2 gutters-row-0 gutters-row-v-lg-2 gutters-row-v-md-2 gutters-row-v-2 style-1160 style-local-821-c17 position-relative\">\n        <!---->\n        <div class=\"h-row justify-content-lg-center justify-content-md-center justify-content-center align-items-lg-stretch align-items-md-stretch align-items-stretch gutters-col-lg-2 gutters-col-md-2 gutters-col-0 gutters-col-v-lg-2 gutters-col-v-md-2 gutters-col-v-2\">\n          <!---->\n          <div class=\"h-column h-column-container d-flex h-col-lg-auto h-col-md-auto h-col-auto style-1161-outer style-local-821-c18-outer\">\n            <div data-colibri-id=\"821-c18\" class=\"d-flex h-flex-basis h-column__inner h-px-lg-2 h-px-md-2 h-px-2 v-inner-lg-2 v-inner-md-2 v-inner-2 style-1161 style-local-821-c18 position-relative\">\n              <!---->\n              <!---->\n              <div class=\"w-100 h-y-container h-column__content h-column__v-align flex-basis-100 align-self-lg-start align-self-md-start align-self-start\">\n                <!---->\n                <div data-colibri-id=\"821-c19\" class=\"h-text h-text-component style-1162 style-local-821-c19 position-relative h-element\">\n                  <!---->\n                  <!---->\n                  <div class=\"\">\n                    <p>Se paga una cantidad mensual en funci\u00f3n de la capacidad econ\u00f3mica del mutualista (IPREM) entre 330,94 euros al m\u00e9s la m\u00e1xima y 132,37 euros al mes la m\u00ednima. Las ayudas tienen como fin ayudar a pagar el coste de servicios o actividades\n                      que necesiten las personas con discapacidad y\/o dependencia seg\u00fan lo que pida cada convocatoria (es convocatoria anual) mediante un pago mensual. Se puede solicitar cada mes o acumular varias facturas.<\/p>\n                  <\/div>\n                <\/div>\n              <\/div>\n            <\/div>\n          <\/div>\n        <\/div>\n      <\/div>\n      <div data-colibri-id=\"821-c20\" class=\"h-row-container gutters-row-lg-2 gutters-row-md-2 gutters-row-0 gutters-row-v-lg-2 gutters-row-v-md-2 gutters-row-v-2 style-1157 style-local-821-c20 position-relative\">\n        <!---->\n        <div class=\"h-row justify-content-lg-center justify-content-md-center justify-content-center align-items-lg-stretch align-items-md-stretch align-items-stretch gutters-col-lg-2 gutters-col-md-2 gutters-col-0 gutters-col-v-lg-2 gutters-col-v-md-2 gutters-col-v-2\">\n          <!---->\n          <div class=\"h-column h-column-container d-flex h-col-lg-auto h-col-md-auto h-col-auto style-1158-outer style-local-821-c21-outer\">\n            <div data-colibri-id=\"821-c21\" class=\"d-flex h-flex-basis h-column__inner h-ui-empty-state-container h-px-lg-2 h-px-md-2 h-px-2 v-inner-lg-2 v-inner-md-2 v-inner-2 style-1158 style-local-821-c21 position-relative\">\n              <!---->\n              <!---->\n              <div class=\"w-100 h-y-container h-column__content h-column__v-align flex-basis-100\">\n                <!---->\n              <\/div>\n            <\/div>\n          <\/div>\n          <div class=\"h-column h-column-container d-flex h-col-lg-auto h-col-md-auto h-col-auto style-1159-outer style-local-821-c22-outer\">\n            <div data-colibri-id=\"821-c22\" class=\"d-flex h-flex-basis h-column__inner h-px-lg-2 h-px-md-2 h-px-2 v-inner-lg-2 v-inner-md-2 v-inner-2 style-1159 style-local-821-c22 position-relative\">\n              <div class=\"background-wrapper\">\n                <div class=\"background-layer background-layer-media-container-lg\">\n                  <!---->\n                  <div class=\"overlay-layer\">\n                    <div class=\"overlay-image-layer\"><\/div>\n                    <div class=\"shape-layer colibri-shape-10degree-stripes\" style=\"background-position: center center; background-size: cover; background-repeat: no-repeat; filter: invert(0%);\"><\/div>\n                  <\/div>\n                <\/div>\n                <div class=\"background-layer background-layer-media-container-md\">\n                  <!---->\n                  <div class=\"overlay-layer\">\n                    <div class=\"overlay-image-layer\"><\/div>\n                    <div class=\"shape-layer colibri-shape-10degree-stripes\" style=\"background-position: center center; background-size: cover; background-repeat: no-repeat; filter: invert(0%);\"><\/div>\n                  <\/div>\n                <\/div>\n                <div class=\"background-layer background-layer-media-container\">\n                  <!---->\n                  <div class=\"overlay-layer\">\n                    <div class=\"overlay-image-layer\"><\/div>\n                    <div class=\"shape-layer colibri-shape-10degree-stripes\" style=\"background-position: center center; background-size: cover; background-repeat: no-repeat; filter: invert(0%);\"><\/div>\n                  <\/div>\n                <\/div>\n              <\/div>\n              <!---->\n              <div class=\"w-100 h-y-container h-column__content h-column__v-align flex-basis-100 align-self-lg-start align-self-md-start align-self-start\">\n                <!---->\n                <div data-colibri-id=\"821-c23\" class=\"h-global-transition-all h-heading style-1164 style-local-821-c23 position-relative h-element\">\n                  <!---->\n                  <div class=\"h-heading__outer style-1164 style-local-821-c23\">\n                    <!---->\n                    <!---->\n                    <h4 class=\"\"><span style=\"color: rgb(70, 112, 127); font-size: 155%;\">Papeles que tienen que traer<\/span><\/h4>\n                  <\/div>\n                <\/div>\n                <div data-colibri-id=\"821-c24\" class=\"h-text h-text-component style-1165 style-local-821-c24 position-relative h-element\">\n                  <!---->\n                  <!---->\n                  <div class=\"\">\n                    <p><strong style=\"font-size: 12pt; font-family: Calibri; color: rgb(70, 112, 127);\">Solicitud<\/strong><span style=\"font-size: 12pt; font-family: Calibri; color: rgb(70, 112, 127);\">. Que lleve la fecha de inicio de los efectos (1\/1\/22 o desde la declaraci\u00f3n de discapacidad o la jubilaci\u00f3n por incapacidad). La cuenta bancaria y que est\u00e9 relleno y firmado lo de los convivientes que computan a efectos de IRPF. Que autorice a que miremos:<\/span><\/p>\n                  <\/div>\n                <\/div>\n                <div data-colibri-id=\"821-c25\" class=\"h-row-container gutters-row-lg-0 gutters-row-md-0 gutters-row-0 gutters-row-v-lg-0 gutters-row-v-md-0 gutters-row-v-0 style-1168 style-local-821-c25 position-relative\">\n                  <!---->\n                  <div class=\"h-row justify-content-lg-center justify-content-md-center justify-content-center align-items-lg-stretch align-items-md-stretch align-items-stretch gutters-col-lg-0 gutters-col-md-0 gutters-col-0 gutters-col-v-lg-0 gutters-col-v-md-0 gutters-col-v-0\">\n                    <!---->\n                    <div class=\"h-column h-column-container d-flex h-col-lg-auto h-col-md-auto h-col-auto style-1169-outer style-local-821-c26-outer\">\n                      <div data-colibri-id=\"821-c26\" class=\"d-flex h-flex-basis h-column__inner h-ui-empty-state-container h-px-lg-0 h-px-md-0 h-px-0 v-inner-lg-0 v-inner-md-0 v-inner-0 style-1169 style-local-821-c26 position-relative\">\n                        <!---->\n                        <!---->\n                        <div class=\"w-100 h-y-container h-column__content h-column__v-align flex-basis-100\">\n                          <!---->\n                        <\/div>\n                      <\/div>\n                    <\/div>\n                    <div class=\"h-column h-column-container d-flex h-col-lg-auto h-col-md-auto h-col-auto style-1170-outer style-local-821-c27-outer\">\n                      <div data-colibri-id=\"821-c27\" class=\"d-flex h-flex-basis h-column__inner h-px-lg-0 h-px-md-0 h-px-0 v-inner-lg-0 v-inner-md-0 v-inner-0 style-1170 style-local-821-c27 position-relative\">\n                        <!---->\n                        <!---->\n                        <div class=\"w-100 h-y-container h-column__content h-column__v-align flex-basis-100 align-self-lg-start align-self-md-start align-self-start\">\n                          <!---->\n                          <div data-colibri-id=\"821-c28\" class=\"h-text h-text-component style-1171 style-local-821-c28 position-relative h-element\">\n                            <!---->\n                            <!---->\n                            <div class=\"\">\n                              <p><span style=\"font-size: 12pt; font-family: Calibri;\">AEAT del 2020<\/span><\/p>\n                              <p><span style=\"font-size: 12pt; font-family: Calibri;\">IMAS<\/span><\/p>\n                              <p><span style=\"font-size: 12pt; font-family: Calibri;\">\u00d3rgano de personal para acci\u00f3n social<\/span><\/p>\n                              <p><span style=\"font-size: 12pt; font-family: Calibri;\">Identidad y residencia en consulta y explotaci\u00f3n de la informaci\u00f3n<\/span><\/p>\n                            <\/div>\n                          <\/div>\n                        <\/div>\n                      <\/div>\n                    <\/div>\n                  <\/div>\n                <\/div>\n                <div data-colibri-id=\"821-c29\" class=\"h-text h-text-component style-1172 style-local-821-c29 position-relative h-element\">\n                  <!---->\n                  <!---->\n                  <div class=\"\">\n                    <p><strong style=\"font-family: Calibri; font-size: 12pt;\">Informe m\u00e9dico actualizado<\/strong><span style=\"font-family: Calibri; font-size: 12pt;\">.- Expedido por el facultativo responsable de la asistencia al beneficiario de la prestaci\u00f3n, con diagn\u00f3stico, posibilidades de recuperaci\u00f3n y acreditaci\u00f3n de los extremos se\u00f1alados para cada modalidad de ayuda. Ser\u00e1 necesario que especifique que <\/span>\n                      <strong\n                        style=\"font-family: Calibri; font-size: 12pt;\">las \u201ct\u00e9cnicas a emplear no est\u00e1n incluidas en los Conciertos o Convenios suscritos por MUFACE para la prestaci\u00f3n de la asistencia sanitaria\u201d, <\/strong><span style=\"font-family: Calibri; font-size: 12pt;\">salvo que:<\/span><\/p>\n                    <p><span style=\"font-family: Calibri; font-size: 12pt;\">Se trate de estimulaci\u00f3n precoz. <\/span><\/p>\n                    <p><span style=\"font-family: Calibri; font-size: 12pt;\">Se solicite a efectos de aplicar id\u00e9nticas t\u00e9cnicas para las que se obtuvo ayuda en la convocatoria anterior.<\/span><\/p>\n                    <p><strong style=\"font-family: Calibri; font-size: 12pt;\">Certificaci\u00f3n del IMAS<\/strong><span style=\"font-family: Calibri; font-size: 12pt;\"> acreditativo del<\/span><strong style=\"font-family: Calibri; font-size: 12pt;\"> grado de discapacidad o dependencia<\/strong>\n                      <span\n                        style=\"font-family: Calibri; font-size: 12pt;\"> y, en su caso, <\/span><strong style=\"font-family: Calibri; font-size: 12pt;\">nivel <\/strong><span style=\"font-family: Calibri; font-size: 12pt;\">de esta \u00faltima<\/span><\/p>\n                    <p><span style=\"font-family: Calibri; font-size: 12pt;\">Si no es por discapacidad sino por<\/span><strong style=\"font-family: Calibri; font-size: 12pt;\"> jubilaci\u00f3n por incapacidad<\/strong><span style=\"font-family: Calibri; font-size: 12pt;\"> el documento donde conste el car\u00e1cter de la jubilaci\u00f3n<\/span><\/p>\n                    <p><strong style=\"font-family: Calibri; font-size: 12pt;\">Declaraci\u00f3n responsable de pensiones y prestaciones <\/strong><span style=\"font-family: Calibri; font-size: 12pt;\">en nombre del mutualista y de todos los miembros de la Unidad Familiar<\/span><\/p>\n                    <p><strong style=\"font-family: Calibri; font-size: 12pt;\">Certificaci\u00f3n de acci\u00f3n socia<\/strong><span style=\"font-family: Calibri; font-size: 12pt;\">l<\/span><\/p>\n                    <p><strong style=\"color: rgb(42, 100, 118); font-family: Calibri; font-size: 12pt;\">Certificaciones de pensiones o prestaciones<\/strong><span style=\"color: rgb(42, 100, 118); font-family: Calibri; font-size: 12pt;\"> expedidas por las oportunas Entidades acreditativas de los ingresos incluidos en dicha declaraci\u00f3n (no ser\u00e1n precisas cuando la declaraci\u00f3n sea negativa en todos sus extremos, ni para las pensiones o prestaciones abonadas por MUFACE)<\/span><\/p>\n                    <p><strong style=\"font-family: Calibri; font-size: 12pt;\">Declaraci\u00f3n responsable<\/strong><\/p>\n                  <\/div>\n                <\/div>\n              <\/div>\n            <\/div>\n          <\/div>\n        <\/div>\n      <\/div>\n    <\/div>\n  <\/div>\n  <div data-colibri-component=\"section\" data-colibri-id=\"821-c30\" id=\"custom-3\" class=\"h-section h-section-global-spacing d-flex align-items-lg-center align-items-md-center align-items-center style-1583 style-local-821-c30 position-relative\">\n    <!---->\n    <!---->\n    <div class=\"h-section-grid-container h-section-boxed-container\">\n      <!---->\n      <div data-colibri-id=\"821-c31\" class=\"h-row-container gutters-row-lg-2 gutters-row-md-2 gutters-row-0 gutters-row-v-lg-2 gutters-row-v-md-2 gutters-row-v-2 style-1590 style-local-821-c31 position-relative\">\n        <!---->\n        <div class=\"h-row justify-content-lg-center justify-content-md-center justify-content-center align-items-lg-stretch align-items-md-stretch align-items-stretch gutters-col-lg-2 gutters-col-md-2 gutters-col-0 gutters-col-v-lg-2 gutters-col-v-md-2 gutters-col-v-2\">\n          <!---->\n          <div class=\"h-column h-column-container d-flex h-col-lg-auto h-col-md-auto h-col-auto style-1591-outer style-local-821-c32-outer\">\n            <div data-colibri-id=\"821-c32\" class=\"d-flex h-flex-basis h-column__inner h-px-lg-2 h-px-md-2 h-px-2 v-inner-lg-2 v-inner-md-2 v-inner-2 style-1591 style-local-821-c32 position-relative\">\n              <!---->\n              <!---->\n              <div class=\"w-100 h-y-container h-column__content h-column__v-align flex-basis-100 align-self-lg-start align-self-md-start align-self-start\">\n                <!---->\n                <div data-colibri-id=\"821-c33\" class=\"h-global-transition-all h-heading style-1592 style-local-821-c33 position-relative h-element\">\n                  <!---->\n                  <div class=\"h-heading__outer style-1592 style-local-821-c33\">\n                    <!---->\n                    <!---->\n                    <h4 class=\"\">Llega gente con facturas<\/h4>\n                  <\/div>\n                <\/div>\n              <\/div>\n            <\/div>\n          <\/div>\n        <\/div>\n      <\/div>\n      <div data-colibri-id=\"821-c34\" class=\"h-row-container gutters-row-lg-2 gutters-row-md-2 gutters-row-0 gutters-row-v-lg-2 gutters-row-v-md-2 gutters-row-v-2 style-1587 style-local-821-c34 position-relative\">\n        <!---->\n        <div class=\"h-row justify-content-lg-center justify-content-md-center justify-content-center align-items-lg-stretch align-items-md-stretch align-items-stretch gutters-col-lg-2 gutters-col-md-2 gutters-col-0 gutters-col-v-lg-2 gutters-col-v-md-2 gutters-col-v-2\">\n          <!---->\n          <div class=\"h-column h-column-container d-flex h-col-lg-auto h-col-md-auto h-col-auto style-1588-outer style-local-821-c35-outer\">\n            <div data-colibri-id=\"821-c35\" class=\"d-flex h-flex-basis h-column__inner h-px-lg-2 h-px-md-2 h-px-2 v-inner-lg-2 v-inner-md-2 v-inner-2 style-1588 style-local-821-c35 position-relative\">\n              <!---->\n              <!---->\n              <div class=\"w-100 h-y-container h-column__content h-column__v-align flex-basis-100 align-self-lg-start align-self-md-start align-self-start\">\n                <!---->\n                <div data-colibri-id=\"821-c36\" class=\"h-text h-text-component style-1589 style-local-821-c36 position-relative h-element\">\n                  <!---->\n                  <!---->\n                  <div class=\"\">\n                    <p>Las facturas con todos los requisitos legales y del a\u00f1o en curso.<\/p>\n                    <p>Pueden traerlas de una en una o las de varios meses a la vez<\/p>\n                    <p>Cuando las traen se recogen sin m\u00e1s, se les pone el sello y fecha por detr\u00e1s y se apunta el n\u00famero de expediente por delante<\/p>\n                    <p>Pueden traer las del a\u00f1o anterior siempre que:<\/p>\n                    <ul>\n                      <li>Haga menos de un a\u00f1o de la resoluci\u00f3n<\/li>\n                      <li>Que no se haya pagado nada de los meses que trae<\/li>\n                    <\/ul>\n                    <p>\n                      <br>\n                    <\/p>\n                    <p>Dice una se\u00f1ora que present\u00f3 un a\u00f1o las de poquito dinero porque las ten\u00eda ya y entonces no pudo presentar cuando le dieron las mucho m\u00e1s caras porque eran los mismos meses.<\/p>\n                  <\/div>\n                <\/div>\n              <\/div>\n            <\/div>\n          <\/div>\n        <\/div>\n      <\/div>\n    <\/div>\n  <\/div>\n<\/div>","protected":false},"excerpt":{"rendered":"<p>Solicitud Declaraci\u00f3n Responsable Declaraci\u00f3n de rendimientos Declaraci\u00f3n de Pensiones o Prestaciones Se paga una cantidad mensual en funci\u00f3n de la capacidad econ\u00f3mica del mutualista (IPREM) entre 330,94 euros al m\u00e9s la m\u00e1xima y 132,37 euros al mes la m\u00ednima. Las ayudas tienen como fin ayudar a pagar el coste de servicios o actividades que necesiten [&hellip;]<\/p>\n","protected":false},"author":1,"featured_media":0,"parent":834,"menu_order":0,"comment_status":"closed","ping_status":"closed","template":"page-templates\/full-width-page.php","meta":{"footnotes":""},"_links":{"self":[{"href":"https:\/\/papelorios.eu\/index.php\/wp-json\/wp\/v2\/pages\/821"}],"collection":[{"href":"https:\/\/papelorios.eu\/index.php\/wp-json\/wp\/v2\/pages"}],"about":[{"href":"https:\/\/papelorios.eu\/index.php\/wp-json\/wp\/v2\/types\/page"}],"author":[{"embeddable":true,"href":"https:\/\/papelorios.eu\/index.php\/wp-json\/wp\/v2\/users\/1"}],"replies":[{"embeddable":true,"href":"https:\/\/papelorios.eu\/index.php\/wp-json\/wp\/v2\/comments?post=821"}],"version-history":[{"count":14,"href":"https:\/\/papelorios.eu\/index.php\/wp-json\/wp\/v2\/pages\/821\/revisions"}],"predecessor-version":[{"id":2964,"href":"https:\/\/papelorios.eu\/index.php\/wp-json\/wp\/v2\/pages\/821\/revisions\/2964"}],"up":[{"embeddable":true,"href":"https:\/\/papelorios.eu\/index.php\/wp-json\/wp\/v2\/pages\/834"}],"wp:attachment":[{"href":"https:\/\/papelorios.eu\/index.php\/wp-json\/wp\/v2\/media?parent=821"}],"curies":[{"name":"wp","href":"https:\/\/api.w.org\/{rel}","templated":true}]}}