{"id":823,"date":"2022-06-13T12:28:52","date_gmt":"2022-06-13T12:28:52","guid":{"rendered":"https:\/\/papelorios.es\/?page_id=823"},"modified":"2022-06-16T10:09:22","modified_gmt":"2022-06-16T10:09:22","slug":"eliminacion-barreras-arquitectonica","status":"publish","type":"page","link":"https:\/\/papelorios.eu\/index.php\/prestaciones\/sociosanitarias\/autonomia-personal\/eliminacion-barreras-arquitectonica\/","title":{"rendered":"Eliminaci\u00f3n Barreras Arquitect\u00f3nica"},"content":{"rendered":"<div data-colibri-id=\"823-c1\" class=\"style-1173 style-local-823-c1 position-relative\">\n  <!---->\n  <div data-colibri-component=\"section\" data-colibri-id=\"823-c2\" id=\"custom\" class=\"h-section h-section-global-spacing d-flex align-items-lg-center align-items-md-center align-items-center style-1174 style-local-823-c2 position-relative\">\n    <!---->\n    <!---->\n    <div class=\"h-section-grid-container h-section-boxed-container\">\n      <!---->\n      <div data-colibri-id=\"823-c3\" class=\"h-row-container gutters-row-lg-2 gutters-row-md-2 gutters-row-0 gutters-row-v-lg-2 gutters-row-v-md-2 gutters-row-v-2 style-1175 style-local-823-c3 position-relative\">\n        <!---->\n        <div class=\"h-row justify-content-lg-center justify-content-md-center justify-content-center align-items-lg-stretch align-items-md-stretch align-items-stretch gutters-col-lg-2 gutters-col-md-2 gutters-col-0 gutters-col-v-lg-2 gutters-col-v-md-2 gutters-col-v-2\">\n          <!---->\n          <div class=\"h-column h-column-container d-flex h-col-lg-auto h-col-md-auto h-col-auto style-1176-outer style-local-823-c4-outer\">\n            <div data-colibri-id=\"823-c4\" class=\"d-flex h-flex-basis h-column__inner h-px-lg-2 h-px-md-2 h-px-2 v-inner-lg-2 v-inner-md-2 v-inner-2 style-1176 style-local-823-c4 position-relative\">\n              <!---->\n              <!---->\n              <div class=\"w-100 h-y-container h-column__content h-column__v-align flex-basis-100 align-self-lg-center align-self-md-center align-self-center\">\n                <!---->\n                <div data-colibri-id=\"823-c8\" class=\"h-x-container style-1180 style-local-823-c8 position-relative h-element\">\n                  <!---->\n                  <div class=\"h-x-container-inner style-dynamic-823-c8-group style-1180-spacing style-local-823-c8-spacing\"><span class=\"h-button__outer style-1181-outer style-local-823-c9-outer d-inline-flex h-element\"><a h-use-smooth-scroll=\"true\" href=\"https:\/\/www.muface.es\/dam\/jcr:2a13955b-2fe4-41fc-964a-4c1c36246a47\/solicitud_autonomia_personal_DPS_34301.pdf\"  data-colibri-id=\"823-c9\" class=\"d-flex w-100 align-items-center h-button justify-content-lg-center justify-content-md-center justify-content-center style-1181 style-local-823-c9 position-relative\"><!----><!----> <span>Solicitud<\/span><\/a>\n                    <\/span>\n                  <\/div>\n                <\/div>\n              <\/div>\n            <\/div>\n          <\/div>\n          <div class=\"h-column h-column-container d-flex h-col-lg-auto h-col-md-auto h-col-auto style-1177-outer style-local-823-c5-outer\">\n            <div data-colibri-id=\"823-c5\" class=\"d-flex h-flex-basis h-column__inner h-px-lg-2 h-px-md-2 h-px-2 v-inner-lg-2 v-inner-md-2 v-inner-2 style-1177 style-local-823-c5 position-relative\">\n              <!---->\n              <!---->\n              <div class=\"w-100 h-y-container h-column__content h-column__v-align flex-basis-100 align-self-lg-center align-self-md-center align-self-center\">\n                <!---->\n                <div data-colibri-id=\"823-c10\" class=\"h-x-container style-1182 style-local-823-c10 position-relative h-element\">\n                  <!---->\n                  <div class=\"h-x-container-inner style-dynamic-823-c10-group style-1182-spacing style-local-823-c10-spacing\"><span class=\"h-button__outer style-1183-outer style-local-823-c11-outer d-inline-flex h-element\"><a h-use-smooth-scroll=\"true\" href=\"https:\/\/www.muface.es\/dam\/jcr:976eef55-2b1d-4e57-a9b9-b400b22fbdfa\/declaracion_de_rendimientos_DPS_34911.pdf\"  data-colibri-id=\"823-c11\" class=\"d-flex w-100 align-items-center h-button justify-content-lg-center justify-content-md-center justify-content-center style-1183 style-local-823-c11 position-relative\"><!----><!----> <span>Declaraci\u00f3n de Rendimientos<\/span><\/a>\n                    <\/span>\n                  <\/div>\n                <\/div>\n              <\/div>\n            <\/div>\n          <\/div>\n          <div class=\"h-column h-column-container d-flex h-col-lg-auto h-col-md-auto h-col-auto style-1178-outer style-local-823-c6-outer\">\n            <div data-colibri-id=\"823-c6\" class=\"d-flex h-flex-basis h-column__inner h-px-lg-2 h-px-md-2 h-px-2 v-inner-lg-2 v-inner-md-2 v-inner-2 style-1178 style-local-823-c6 position-relative\">\n              <!---->\n              <!---->\n              <div class=\"w-100 h-y-container h-column__content h-column__v-align flex-basis-100 align-self-lg-center align-self-md-center align-self-center\">\n                <!---->\n                <div data-colibri-id=\"823-c12\" class=\"h-x-container style-1184 style-local-823-c12 position-relative h-element\">\n                  <!---->\n                  <div class=\"h-x-container-inner style-dynamic-823-c12-group style-1184-spacing style-local-823-c12-spacing\"><span class=\"h-button__outer style-1185-outer style-local-823-c13-outer d-inline-flex h-element\"><a h-use-smooth-scroll=\"true\" href=\"https:\/\/www.muface.es\/dam\/jcr:7a0a6bd9-1d59-4b5e-ad63-0a237aa5d627\/declaracion_pensiones_y_prest_DPS_34912.pdf\"  data-colibri-id=\"823-c13\" class=\"d-flex w-100 align-items-center h-button justify-content-lg-center justify-content-md-center justify-content-center style-1185 style-local-823-c13 position-relative\"><!----><!----> <span>Declaraci\u00f3n de Pensiones o Prestaciones<\/span><\/a>\n                    <\/span>\n                  <\/div>\n                <\/div>\n              <\/div>\n            <\/div>\n          <\/div>\n          <div class=\"h-column h-column-container d-flex h-col-lg-auto h-col-md-auto h-col-auto style-1179-outer style-local-823-c7-outer\">\n            <div data-colibri-id=\"823-c7\" class=\"d-flex h-flex-basis h-column__inner h-px-lg-2 h-px-md-2 h-px-2 v-inner-lg-2 v-inner-md-2 v-inner-2 style-1179 style-local-823-c7 position-relative\">\n              <!---->\n              <!---->\n              <div class=\"w-100 h-y-container h-column__content h-column__v-align flex-basis-100 align-self-lg-center align-self-md-center align-self-center\">\n                <!---->\n                <div data-colibri-id=\"823-c14\" class=\"h-x-container style-1186 style-local-823-c14 position-relative h-element\">\n                  <!---->\n                  <div class=\"h-x-container-inner style-dynamic-823-c14-group style-1186-spacing style-local-823-c14-spacing\"><span class=\"h-button__outer style-1187-outer style-local-823-c15-outer d-inline-flex h-element\"><a h-use-smooth-scroll=\"true\" href=\"https:\/\/www.muface.es\/dam\/jcr:02800e8d-c844-4d93-a784-7bce4ca9d2cc\/DECLARAC_RESPONSABLE_SOCIOSANITARIAS.pdf\"  data-colibri-id=\"823-c15\" class=\"d-flex w-100 align-items-center h-button justify-content-lg-center justify-content-md-center justify-content-center style-1187 style-local-823-c15 position-relative\"><!----><!----> <span>Declaraci\u00f3n Responsable<\/span><\/a>\n                    <\/span>\n                  <\/div>\n                <\/div>\n              <\/div>\n            <\/div>\n          <\/div>\n        <\/div>\n      <\/div>\n      <div data-colibri-id=\"823-c16\" class=\"h-row-container gutters-row-lg-2 gutters-row-md-2 gutters-row-0 gutters-row-v-lg-2 gutters-row-v-md-2 gutters-row-v-2 style-1188 style-local-823-c16 position-relative\">\n        <!---->\n        <div class=\"h-row justify-content-lg-center justify-content-md-center justify-content-center align-items-lg-stretch align-items-md-stretch align-items-stretch gutters-col-lg-2 gutters-col-md-2 gutters-col-0 gutters-col-v-lg-2 gutters-col-v-md-2 gutters-col-v-2\">\n          <!---->\n          <div class=\"h-column h-column-container d-flex h-col-lg-auto h-col-md-auto h-col-auto style-1189-outer style-local-823-c17-outer\">\n            <div data-colibri-id=\"823-c17\" class=\"d-flex h-flex-basis h-column__inner h-px-lg-2 h-px-md-2 h-px-2 v-inner-lg-2 v-inner-md-2 v-inner-2 style-1189 style-local-823-c17 position-relative\">\n              <!---->\n              <!---->\n              <div class=\"w-100 h-y-container h-column__content h-column__v-align flex-basis-100 align-self-lg-start align-self-md-start align-self-start\">\n                <!---->\n                <div data-colibri-id=\"823-c18\" class=\"h-text h-text-component style-1190 style-local-823-c18 position-relative h-element\">\n                  <!---->\n                  <!---->\n                  <div class=\"\">\n                    <p>Al a\u00f1o 1.985,61 euros la m\u00e1xima y de 330,94 euros la m\u00ednima.<\/p>\n                  <\/div>\n                <\/div>\n              <\/div>\n            <\/div>\n          <\/div>\n        <\/div>\n      <\/div>\n      <div data-colibri-id=\"823-c19\" class=\"h-row-container gutters-row-lg-2 gutters-row-md-2 gutters-row-0 gutters-row-v-lg-2 gutters-row-v-md-2 gutters-row-v-2 style-1191 style-local-823-c19 position-relative\">\n        <!---->\n        <div class=\"h-row justify-content-lg-center justify-content-md-center justify-content-center align-items-lg-stretch align-items-md-stretch align-items-stretch gutters-col-lg-2 gutters-col-md-2 gutters-col-0 gutters-col-v-lg-2 gutters-col-v-md-2 gutters-col-v-2\">\n          <!---->\n          <div class=\"h-column h-column-container d-flex h-col-lg-auto h-col-md-auto h-col-auto style-1192-outer style-local-823-c20-outer\">\n            <div data-colibri-id=\"823-c20\" class=\"d-flex h-flex-basis h-column__inner h-ui-empty-state-container h-px-lg-2 h-px-md-2 h-px-2 v-inner-lg-2 v-inner-md-2 v-inner-2 style-1192 style-local-823-c20 position-relative\">\n              <!---->\n              <!---->\n              <div class=\"w-100 h-y-container h-column__content h-column__v-align flex-basis-100\">\n                <!---->\n              <\/div>\n            <\/div>\n          <\/div>\n          <div class=\"h-column h-column-container d-flex h-col-lg-auto h-col-md-auto h-col-auto style-1193-outer style-local-823-c21-outer\">\n            <div data-colibri-id=\"823-c21\" class=\"d-flex h-flex-basis h-column__inner h-px-lg-2 h-px-md-2 h-px-2 v-inner-lg-2 v-inner-md-2 v-inner-2 style-1193 style-local-823-c21 position-relative\">\n              <!---->\n              <!---->\n              <div class=\"w-100 h-y-container h-column__content h-column__v-align flex-basis-100 align-self-lg-start align-self-md-start align-self-start\">\n                <!---->\n                <div data-colibri-id=\"823-c22\" class=\"h-global-transition-all h-heading style-1194 style-local-823-c22 position-relative h-element\">\n                  <!---->\n                  <div class=\"h-heading__outer style-1194 style-local-823-c22\">\n                    <!---->\n                    <!---->\n                    <h3 class=\"\">Papeles que tienen que&nbsp;traer.\n                      <br>\n                    <\/h3>\n                  <\/div>\n                <\/div>\n                <div data-colibri-id=\"823-c23\" class=\"h-text h-text-component style-1195 style-local-823-c23 position-relative h-element\">\n                  <!---->\n                  <!---->\n                  <div class=\"\">\n                    <p><strong style=\"font-size: 12pt; font-family: Arial; color: rgb(33, 33, 33);\">Solicitud<\/strong><span style=\"font-size: 12pt; font-family: Arial; color: rgb(33, 33, 33);\">. Que lleve la fecha de inicio de los efectos (1\/1\/22 o desde la declaraci\u00f3n de discapacidad o la jubilaci\u00f3n por incapacidad).  La cuenta bancaria y que est\u00e9 relleno y firmado lo de los convivientes que computan a efectos de IRPF. Que autorice a que miremos:<\/span><\/p>\n                  <\/div>\n                <\/div>\n                <div data-colibri-id=\"823-c24\" class=\"h-row-container gutters-row-lg-2 gutters-row-md-2 gutters-row-0 gutters-row-v-lg-2 gutters-row-v-md-2 gutters-row-v-2 style-1196 style-local-823-c24 position-relative\">\n                  <!---->\n                  <div class=\"h-row justify-content-lg-center justify-content-md-center justify-content-center align-items-lg-stretch align-items-md-stretch align-items-stretch gutters-col-lg-2 gutters-col-md-2 gutters-col-0 gutters-col-v-lg-2 gutters-col-v-md-2 gutters-col-v-2\">\n                    <!---->\n                    <div class=\"h-column h-column-container d-flex h-col-lg-auto h-col-md-auto h-col-auto style-1197-outer style-local-823-c25-outer\">\n                      <div data-colibri-id=\"823-c25\" class=\"d-flex h-flex-basis h-column__inner h-ui-empty-state-container h-px-lg-2 h-px-md-2 h-px-2 v-inner-lg-2 v-inner-md-2 v-inner-2 style-1197 style-local-823-c25 position-relative\">\n                        <!---->\n                        <!---->\n                        <div class=\"w-100 h-y-container h-column__content h-column__v-align flex-basis-100\">\n                          <!---->\n                        <\/div>\n                      <\/div>\n                    <\/div>\n                    <div class=\"h-column h-column-container d-flex h-col-lg-auto h-col-md-auto h-col-auto style-1198-outer style-local-823-c26-outer\">\n                      <div data-colibri-id=\"823-c26\" class=\"d-flex h-flex-basis h-column__inner h-px-lg-2 h-px-md-2 h-px-2 v-inner-lg-2 v-inner-md-2 v-inner-2 style-1198 style-local-823-c26 position-relative\">\n                        <!---->\n                        <!---->\n                        <div class=\"w-100 h-y-container h-column__content h-column__v-align flex-basis-100 align-self-lg-start align-self-md-start align-self-start\">\n                          <!---->\n                          <div data-colibri-id=\"823-c28\" class=\"h-text h-text-component style-1200 style-local-823-c28 position-relative h-element\">\n                            <!---->\n                            <!---->\n                            <div class=\"\">\n                              <p><span style=\"font-size: 12pt; font-family: Arial;\">AEAT del 2020<\/span><\/p>\n                              <p><span style=\"font-size: 12pt; font-family: Arial;\">IMAS<\/span><\/p>\n                              <p><span style=\"font-size: 12pt; font-family: Arial;\">\u00d3rgano de personal para acci\u00f3n social<\/span><\/p>\n                              <p><span style=\"font-size: 12pt; font-family: Arial;\">Identidad y residencia en consulta y explotaci\u00f3n de la informaci\u00f3n<\/span><\/p>\n                            <\/div>\n                          <\/div>\n                        <\/div>\n                      <\/div>\n                    <\/div>\n                  <\/div>\n                <\/div>\n                <div data-colibri-id=\"823-c27\" class=\"h-text h-text-component style-1199 style-local-823-c27 position-relative h-element\">\n                  <!---->\n                  <!---->\n                  <div class=\"\">\n                    <p><strong style=\"font-size: 12pt; font-family: Arial; color: rgb(33, 33, 33);\">Informe <\/strong><span style=\"font-size: 12pt; font-family: Arial; color: rgb(33, 33, 33);\">m\u00e9dico actualizado.- Expedido por el facultativo responsable de la asistencia al beneficiario de la prestaci\u00f3n, con diagn\u00f3stico, posibilidades de recuperaci\u00f3n y acreditaci\u00f3n de los extremos se\u00f1alados para cada modalidad de ayuda.<\/span>\n                      <span\n                        style=\"font-size: 12pt; font-family: Arial; color: rgb(0, 0, 0);\"> <\/span>\n                    <\/p>\n                    <p><strong style=\"font-size: 12pt; font-family: Arial;\">Certificaci\u00f3n del IMAS<\/strong><span style=\"font-size: 12pt; font-family: Arial;\"> acreditativo del <\/span><strong style=\"font-size: 12pt; font-family: Arial;\">grado de discapacidad <\/strong>\n                      <span\n                        style=\"font-size: 12pt; font-family: Arial;\">o <\/span><strong style=\"font-size: 12pt; font-family: Arial;\">dependencia<\/strong><span style=\"font-size: 12pt; font-family: Arial;\"> y, en su caso, <\/span><strong style=\"font-size: 12pt; font-family: Arial;\">nivel <\/strong>\n                        <span\n                          style=\"font-size: 12pt; font-family: Arial;\">de esta \u00faltima<\/span>\n                    <\/p>\n                    <p><span style=\"font-size: 12pt; font-family: Arial;\">Si no es por discapacidad sino por <\/span><strong style=\"font-size: 12pt; font-family: Arial;\">jubilaci\u00f3n por incapacidad <\/strong><span style=\"font-size: 12pt; font-family: Arial;\">el documento donde conste el car\u00e1cter de la jubilaci\u00f3n<\/span><\/p>\n                    <p><strong style=\"font-size: 12pt; font-family: Arial; color: rgb(33, 33, 33);\">Declaraci\u00f3n responsable de pensiones y prestaciones<\/strong><span style=\"font-size: 12pt; font-family: Arial; color: rgb(33, 33, 33);\"> en nombre del mutualista y de todos los miembros de la Unidad Familiar<\/span><\/p>\n                    <p><strong style=\"font-size: 12pt; font-family: Arial; color: rgb(0, 0, 0);\">Certificaciones de pensiones o prestaciones<\/strong><span style=\"font-size: 12pt; font-family: Arial; color: rgb(0, 0, 0);\"> expedidas por las oportunas Entidades acreditativas de los ingresos incluidos en dicha declaraci\u00f3n (no ser\u00e1n precisas cuando la declaraci\u00f3n sea negativa en todos sus extremos, ni para las pensiones o prestaciones abonadas por MUFACE)<\/span><\/p>\n                    <p><span style=\"font-size: 12pt; font-family: Arial;\">Certificaci\u00f3n de <\/span><strong style=\"font-size: 12pt; font-family: Arial;\">acci\u00f3n social<\/strong><\/p>\n                    <p><strong style=\"font-size: 12pt; font-family: Arial;\">Declaraci\u00f3n responsable<\/strong><\/p>\n                    <p><span style=\"font-size: 12pt; font-family: Arial; color: rgb(33, 33, 33);\">M<\/span><strong style=\"font-size: 12pt; font-family: Arial; color: rgb(33, 33, 33);\">emoria razonada y valoraci\u00f3n<\/strong><span style=\"font-size: 12pt; font-family: Arial; color: rgb(33, 33, 33);\">.- De la ejecuci\u00f3n <\/span>\n                      <strong\n                        style=\"font-size: 12pt; font-family: Arial; color: rgb(33, 33, 33);\">de la obra o reforma,<\/strong><span style=\"font-size: 12pt; font-family: Arial; color: rgb(33, 33, 33);\"> con detalle de las modificaciones a efectuar, suscrita por el contratista, con indicaci\u00f3n de su denominaci\u00f3n e identificaci\u00f3n fiscal<\/span><\/p>\n                    <p><span style=\"font-size: 12pt; font-family: Arial;\">las <\/span><strong style=\"font-size: 12pt; font-family: Arial;\">facturas<\/strong><span style=\"font-size: 12pt; font-family: Arial;\"> con todos los requisitos legales y del a\u00f1o en curso<\/span><\/p>\n                    <p>\n                      <br>\n                    <\/p>\n                  <\/div>\n                <\/div>\n              <\/div>\n            <\/div>\n          <\/div>\n        <\/div>\n      <\/div>\n    <\/div>\n  <\/div>\n<\/div>","protected":false},"excerpt":{"rendered":"<p>Solicitud Declaraci\u00f3n de Rendimientos Declaraci\u00f3n de Pensiones o Prestaciones Declaraci\u00f3n Responsable Al a\u00f1o 1.985,61 euros la m\u00e1xima y de 330,94 euros la m\u00ednima. Papeles que tienen que&nbsp;traer. Solicitud. Que lleve la fecha de inicio de los efectos (1\/1\/22 o desde la declaraci\u00f3n de discapacidad o la jubilaci\u00f3n por incapacidad). La cuenta bancaria y que est\u00e9 [&hellip;]<\/p>\n","protected":false},"author":1,"featured_media":0,"parent":834,"menu_order":0,"comment_status":"closed","ping_status":"closed","template":"page-templates\/full-width-page.php","meta":{"footnotes":""},"_links":{"self":[{"href":"https:\/\/papelorios.eu\/index.php\/wp-json\/wp\/v2\/pages\/823"}],"collection":[{"href":"https:\/\/papelorios.eu\/index.php\/wp-json\/wp\/v2\/pages"}],"about":[{"href":"https:\/\/papelorios.eu\/index.php\/wp-json\/wp\/v2\/types\/page"}],"author":[{"embeddable":true,"href":"https:\/\/papelorios.eu\/index.php\/wp-json\/wp\/v2\/users\/1"}],"replies":[{"embeddable":true,"href":"https:\/\/papelorios.eu\/index.php\/wp-json\/wp\/v2\/comments?post=823"}],"version-history":[{"count":3,"href":"https:\/\/papelorios.eu\/index.php\/wp-json\/wp\/v2\/pages\/823\/revisions"}],"predecessor-version":[{"id":959,"href":"https:\/\/papelorios.eu\/index.php\/wp-json\/wp\/v2\/pages\/823\/revisions\/959"}],"up":[{"embeddable":true,"href":"https:\/\/papelorios.eu\/index.php\/wp-json\/wp\/v2\/pages\/834"}],"wp:attachment":[{"href":"https:\/\/papelorios.eu\/index.php\/wp-json\/wp\/v2\/media?parent=823"}],"curies":[{"name":"wp","href":"https:\/\/api.w.org\/{rel}","templated":true}]}}