{"id":825,"date":"2022-06-13T12:29:19","date_gmt":"2022-06-13T12:29:19","guid":{"rendered":"https:\/\/papelorios.es\/?page_id=825"},"modified":"2022-06-23T11:34:18","modified_gmt":"2022-06-23T11:34:18","slug":"medios-tecnicos","status":"publish","type":"page","link":"https:\/\/papelorios.eu\/index.php\/prestaciones\/sociosanitarias\/autonomia-personal\/medios-tecnicos\/","title":{"rendered":"Medios T\u00e9cnicos"},"content":{"rendered":"<div data-colibri-id=\"825-c1\" class=\"style-1201 style-local-825-c1 position-relative\">\n  <!---->\n  <div data-colibri-component=\"section\" data-colibri-id=\"825-c2\" id=\"custom\" class=\"h-section h-section-global-spacing d-flex align-items-lg-center align-items-md-center align-items-center style-1202 style-local-825-c2 position-relative\">\n    <!---->\n    <!---->\n    <div class=\"h-section-grid-container h-section-boxed-container\">\n      <!---->\n      <div data-colibri-id=\"825-c3\" class=\"h-row-container gutters-row-lg-2 gutters-row-md-2 gutters-row-0 gutters-row-v-lg-2 gutters-row-v-md-2 gutters-row-v-2 style-1203 style-local-825-c3 position-relative\">\n        <!---->\n        <div class=\"h-row justify-content-lg-center justify-content-md-center justify-content-center align-items-lg-stretch align-items-md-stretch align-items-stretch gutters-col-lg-2 gutters-col-md-2 gutters-col-0 gutters-col-v-lg-2 gutters-col-v-md-2 gutters-col-v-2\">\n          <!---->\n          <div class=\"h-column h-column-container d-flex h-col-lg-auto h-col-md-auto h-col-auto style-1204-outer style-local-825-c4-outer\">\n            <div data-colibri-id=\"825-c4\" class=\"d-flex h-flex-basis h-column__inner h-px-lg-2 h-px-md-2 h-px-2 v-inner-lg-2 v-inner-md-2 v-inner-2 style-1204 style-local-825-c4 position-relative\">\n              <!---->\n              <!---->\n              <div class=\"w-100 h-y-container h-column__content h-column__v-align flex-basis-100 align-self-lg-center align-self-md-center align-self-center\">\n                <!---->\n                <div data-colibri-id=\"825-c5\" class=\"h-x-container style-1208 style-local-825-c5 position-relative h-element\">\n                  <!---->\n                  <div class=\"h-x-container-inner style-dynamic-825-c5-group style-1208-spacing style-local-825-c5-spacing\"><span class=\"h-button__outer style-1209-outer style-local-825-c6-outer d-inline-flex h-element\"><a h-use-smooth-scroll=\"true\" href=\"https:\/\/www.muface.es\/dam\/jcr:2a13955b-2fe4-41fc-964a-4c1c36246a47\/solicitud_autonomia_personal_DPS_34301.pdf\"  data-colibri-id=\"825-c6\" class=\"d-flex w-100 align-items-center h-button justify-content-lg-center justify-content-md-center justify-content-center style-1209 style-local-825-c6 position-relative\"><!----><!----> <span>solicitud<\/span><\/a>\n                    <\/span>\n                  <\/div>\n                <\/div>\n              <\/div>\n            <\/div>\n          <\/div>\n          <div class=\"h-column h-column-container d-flex h-col-lg-auto h-col-md-auto h-col-auto style-1205-outer style-local-825-c7-outer\">\n            <div data-colibri-id=\"825-c7\" class=\"d-flex h-flex-basis h-column__inner h-px-lg-2 h-px-md-2 h-px-2 v-inner-lg-2 v-inner-md-2 v-inner-2 style-1205 style-local-825-c7 position-relative\">\n              <!---->\n              <!---->\n              <div class=\"w-100 h-y-container h-column__content h-column__v-align flex-basis-100 align-self-lg-center align-self-md-center align-self-center\">\n                <!---->\n                <div data-colibri-id=\"825-c8\" class=\"h-x-container style-1210 style-local-825-c8 position-relative h-element\">\n                  <!---->\n                  <div class=\"h-x-container-inner style-dynamic-825-c8-group style-1210-spacing style-local-825-c8-spacing\"><span class=\"h-button__outer style-1211-outer style-local-825-c9-outer d-inline-flex h-element\"><a h-use-smooth-scroll=\"true\" href=\"https:\/\/www.muface.es\/dam\/jcr:976eef55-2b1d-4e57-a9b9-b400b22fbdfa\/declaracion_de_rendimientos_DPS_34911.pdf\"  data-colibri-id=\"825-c9\" class=\"d-flex w-100 align-items-center h-button justify-content-lg-center justify-content-md-center justify-content-center style-1211 style-local-825-c9 position-relative\"><!----><!----> <span>declaraci\u00f3n de rendimientos<\/span><\/a>\n                    <\/span>\n                  <\/div>\n                <\/div>\n              <\/div>\n            <\/div>\n          <\/div>\n          <div class=\"h-column h-column-container d-flex h-col-lg-auto h-col-md-auto h-col-auto style-1206-outer style-local-825-c10-outer\">\n            <div data-colibri-id=\"825-c10\" class=\"d-flex h-flex-basis h-column__inner h-px-lg-2 h-px-md-2 h-px-2 v-inner-lg-2 v-inner-md-2 v-inner-2 style-1206 style-local-825-c10 position-relative\">\n              <!---->\n              <!---->\n              <div class=\"w-100 h-y-container h-column__content h-column__v-align flex-basis-100 align-self-lg-center align-self-md-center align-self-center\">\n                <!---->\n                <div data-colibri-id=\"825-c11\" class=\"h-x-container style-1212 style-local-825-c11 position-relative h-element\">\n                  <!---->\n                  <div class=\"h-x-container-inner style-dynamic-825-c11-group style-1212-spacing style-local-825-c11-spacing\"><span class=\"h-button__outer style-1213-outer style-local-825-c12-outer d-inline-flex h-element\"><a h-use-smooth-scroll=\"true\" href=\"https:\/\/www.muface.es\/dam\/jcr:7a0a6bd9-1d59-4b5e-ad63-0a237aa5d627\/declaracion_pensiones_y_prest_DPS_34912.pdf\"  data-colibri-id=\"825-c12\" class=\"d-flex w-100 align-items-center h-button justify-content-lg-center justify-content-md-center justify-content-center style-1213 style-local-825-c12 position-relative\"><!----><!----> <span>Declaraci\u00f3n de pensiones o prestaciones<\/span><\/a>\n                    <\/span>\n                  <\/div>\n                <\/div>\n              <\/div>\n            <\/div>\n          <\/div>\n          <div class=\"h-column h-column-container d-flex h-col-lg-auto h-col-md-auto h-col-auto style-1207-outer style-local-825-c13-outer\">\n            <div data-colibri-id=\"825-c13\" class=\"d-flex h-flex-basis h-column__inner h-px-lg-2 h-px-md-2 h-px-2 v-inner-lg-2 v-inner-md-2 v-inner-2 style-1207 style-local-825-c13 position-relative\">\n              <!---->\n              <!---->\n              <div class=\"w-100 h-y-container h-column__content h-column__v-align flex-basis-100 align-self-lg-center align-self-md-center align-self-center\">\n                <!---->\n                <div data-colibri-id=\"825-c14\" class=\"h-x-container style-1214 style-local-825-c14 position-relative h-element\">\n                  <!---->\n                  <div class=\"h-x-container-inner style-dynamic-825-c14-group style-1214-spacing style-local-825-c14-spacing\"><span class=\"h-button__outer style-1215-outer style-local-825-c15-outer d-inline-flex h-element\"><a h-use-smooth-scroll=\"true\" href=\"https:\/\/www.muface.es\/dam\/jcr:02800e8d-c844-4d93-a784-7bce4ca9d2cc\/DECLARAC_RESPONSABLE_SOCIOSANITARIAS.pdf\"  data-colibri-id=\"825-c15\" class=\"d-flex w-100 align-items-center h-button justify-content-lg-center justify-content-md-center justify-content-center style-1215 style-local-825-c15 position-relative\"><!----><!----> <span>declaraci\u00f3n responsable<\/span><\/a>\n                    <\/span>\n                  <\/div>\n                <\/div>\n              <\/div>\n            <\/div>\n          <\/div>\n        <\/div>\n      <\/div>\n      <div data-colibri-id=\"825-c16\" class=\"h-row-container gutters-row-lg-0 gutters-row-md-0 gutters-row-0 gutters-row-v-lg-0 gutters-row-v-md-0 gutters-row-v-0 style-1216 style-local-825-c16 position-relative\">\n        <!---->\n        <div class=\"h-row justify-content-lg-center justify-content-md-center justify-content-center align-items-lg-stretch align-items-md-stretch align-items-stretch gutters-col-lg-0 gutters-col-md-0 gutters-col-0 gutters-col-v-lg-0 gutters-col-v-md-0 gutters-col-v-0\">\n          <!---->\n          <div class=\"h-column h-column-container d-flex h-col-lg-auto h-col-md-auto h-col-auto style-1217-outer style-local-825-c17-outer\">\n            <div data-colibri-id=\"825-c17\" class=\"d-flex h-flex-basis h-column__inner h-px-lg-1 h-px-md-1 h-px-1 v-inner-lg-1 v-inner-md-1 v-inner-1 style-1217 style-local-825-c17 position-relative\">\n              <!---->\n              <!---->\n              <div class=\"w-100 h-y-container h-column__content h-column__v-align flex-basis-100 align-self-lg-start align-self-md-start align-self-start\">\n                <!---->\n                <div data-colibri-id=\"825-c18\" class=\"h-text h-text-component style-1218 style-local-825-c18 position-relative h-element\">\n                  <!---->\n                  <!---->\n                  <div class=\"\">\n                    <p><span style=\"font-weight: 400; font-size: 16px; font-family: &quot;Open Sans&quot;; color: rgb(70, 112, 127);\">Anual. 661,88 de m\u00e1xima y 165, 47 la m\u00ednima. Camas articuladas, gr\u00faas, sillitas de escalera, aparaticos de seguir visi\u00f3n para ELA&#8230;<\/span><\/p>\n                  <\/div>\n                <\/div>\n                <div data-colibri-id=\"825-c19\" class=\"h-row-container gutters-row-lg-2 gutters-row-md-2 gutters-row-0 gutters-row-v-lg-2 gutters-row-v-md-2 gutters-row-v-2 style-1219 style-local-825-c19 position-relative\">\n                  <!---->\n                  <div class=\"h-row justify-content-lg-center justify-content-md-center justify-content-center align-items-lg-stretch align-items-md-stretch align-items-stretch gutters-col-lg-2 gutters-col-md-2 gutters-col-0 gutters-col-v-lg-2 gutters-col-v-md-2 gutters-col-v-2\">\n                    <!---->\n                    <div class=\"h-column h-column-container d-flex h-col-lg-auto h-col-md-auto h-col-auto style-1220-outer style-local-825-c20-outer\">\n                      <div data-colibri-id=\"825-c20\" class=\"d-flex h-flex-basis h-column__inner h-ui-empty-state-container h-px-lg-2 h-px-md-2 h-px-2 v-inner-lg-2 v-inner-md-2 v-inner-2 style-1220 style-local-825-c20 position-relative\">\n                        <!---->\n                        <!---->\n                        <div class=\"w-100 h-y-container h-column__content h-column__v-align flex-basis-100\">\n                          <!---->\n                        <\/div>\n                      <\/div>\n                    <\/div>\n                    <div class=\"h-column h-column-container d-flex h-col-lg-auto h-col-md-auto h-col-auto style-1221-outer style-local-825-c21-outer\">\n                      <div data-colibri-id=\"825-c21\" class=\"d-flex h-flex-basis h-column__inner h-px-lg-2 h-px-md-2 h-px-2 v-inner-lg-2 v-inner-md-2 v-inner-2 style-1221 style-local-825-c21 position-relative\">\n                        <!---->\n                        <!---->\n                        <div class=\"w-100 h-y-container h-column__content h-column__v-align flex-basis-100 align-self-lg-start align-self-md-start align-self-start\">\n                          <!---->\n                          <div data-colibri-id=\"825-c22\" class=\"h-text h-text-component style-1222 style-local-825-c22 position-relative h-element\">\n                            <!---->\n                            <!---->\n                            <div class=\"\">\n                              <p><strong style=\"color: rgb(33, 33, 33); font-family: Roboto; font-size: 12pt;\">Solicitud<\/strong><span style=\"color: rgb(33, 33, 33); font-family: Roboto; font-size: 12pt;\">. <\/span>Que lleve la fecha de inicio de los efectos\n                                (01\/01\/2022 o desde la declaraci\u00f3n de discapacidad&nbsp;o la jubilaci\u00f3n por incapacidad si es posterior). La cuenta bancaria y que est\u00e9 relleno y firmado lo de los convivientes que computan a efectos de IRPF. Que autorice\n                                a que miremos:<\/p>\n                            <\/div>\n                          <\/div>\n                          <div data-colibri-id=\"825-c23\" class=\"h-row-container gutters-row-lg-2 gutters-row-md-2 gutters-row-0 gutters-row-v-lg-2 gutters-row-v-md-2 gutters-row-v-2 style-1223 style-local-825-c23 position-relative\">\n                            <!---->\n                            <div class=\"h-row justify-content-lg-center justify-content-md-center justify-content-center align-items-lg-stretch align-items-md-stretch align-items-stretch gutters-col-lg-2 gutters-col-md-2 gutters-col-0 gutters-col-v-lg-2 gutters-col-v-md-2 gutters-col-v-2\">\n                              <!---->\n                              <div class=\"h-column h-column-container d-flex h-col-lg-auto h-col-md-auto h-col-auto style-1224-outer style-local-825-c24-outer\">\n                                <div data-colibri-id=\"825-c24\" class=\"d-flex h-flex-basis h-column__inner h-ui-empty-state-container h-px-lg-2 h-px-md-2 h-px-2 v-inner-lg-2 v-inner-md-2 v-inner-2 style-1224 style-local-825-c24 position-relative\">\n                                  <!---->\n                                  <!---->\n                                  <div class=\"w-100 h-y-container h-column__content h-column__v-align flex-basis-100\">\n                                    <!---->\n                                  <\/div>\n                                <\/div>\n                              <\/div>\n                              <div class=\"h-column h-column-container d-flex h-col-lg-auto h-col-md-auto h-col-auto style-1225-outer style-local-825-c25-outer\">\n                                <div data-colibri-id=\"825-c25\" class=\"d-flex h-flex-basis h-column__inner h-px-lg-2 h-px-md-2 h-px-2 v-inner-lg-2 v-inner-md-2 v-inner-2 style-1225 style-local-825-c25 position-relative\">\n                                  <!---->\n                                  <!---->\n                                  <div class=\"w-100 h-y-container h-column__content h-column__v-align flex-basis-100 align-self-lg-start align-self-md-start align-self-start\">\n                                    <!---->\n                                    <div data-colibri-id=\"825-c26\" class=\"h-text h-text-component style-1228 style-local-825-c26 position-relative h-element\">\n                                      <!---->\n                                      <!---->\n                                      <div class=\"\">\n                                        <p><span style=\"font-family: Roboto; font-size: 12pt;\">AEAT del 2020<\/span><\/p>\n                                        <p><span style=\"font-family: Roboto; font-size: 12pt;\">IMAS<\/span><\/p>\n                                        <p><span style=\"font-family: Roboto; font-size: 12pt;\">\u00d3rgano de personal para acci\u00f3n social<\/span><\/p>\n                                        <p><span style=\"font-family: Roboto; font-size: 12pt;\">Identidad y residencia en consulta y explotaci\u00f3n de la informaci\u00f3n<\/span><\/p>\n                                      <\/div>\n                                    <\/div>\n                                  <\/div>\n                                <\/div>\n                              <\/div>\n                            <\/div>\n                          <\/div>\n                          <div data-colibri-id=\"825-c27\" class=\"h-text h-text-component style-1229 style-local-825-c27 position-relative h-element\">\n                            <!---->\n                            <!---->\n                            <div class=\"\">\n                              <p><strong style=\"font-family: Roboto; font-size: 12pt;\">Informe <\/strong><span style=\"font-family: Roboto; font-size: 12pt;\">del facultativo responsable de la asistencia que acredite la necesidad de los servicios o actividades objeto de esa ayuda<\/span><\/p>\n                              <p><strong style=\"font-family: Roboto; font-size: 12pt;\">Certificaci\u00f3n del IMAS <\/strong><span style=\"font-family: Roboto; font-size: 12pt;\">acreditativo del grado de discapacidad o dependencia y, en su caso, nivel de esta \u00faltima<\/span><\/p>\n                              <p><span style=\"font-family: Roboto; font-size: 12pt;\">Si no es por discapacidad sino por<\/span><strong style=\"font-family: Roboto; font-size: 12pt;\"> jubilaci\u00f3n por incapacidad <\/strong><span style=\"font-family: Roboto; font-size: 12pt;\">el documento donde conste el car\u00e1cter de la jubilaci\u00f3n<\/span><\/p>\n                              <p><strong style=\"font-family: Roboto; font-size: 12pt;\">Declaraci\u00f3n responsable<\/strong><span style=\"font-family: Roboto; font-size: 12pt;\"> <\/span><strong style=\"font-family: Roboto; font-size: 12pt;\">de pensiones y prestaciones<\/strong><\/p>\n                              <p><span style=\"font-family: Roboto; font-size: 12pt;\">Certificaci\u00f3n de <\/span><strong style=\"font-family: Roboto; font-size: 12pt;\">acci\u00f3n social<\/strong><\/p>\n                              <p><strong style=\"font-family: Roboto; font-size: 12pt;\">Declaraci\u00f3n responsable<\/strong><\/p>\n                              <p><strong style=\"color: rgb(0, 0, 0); font-family: Roboto; font-size: 12pt;\">Certificaciones de pensiones o prestaciones <\/strong><span style=\"color: rgb(0, 0, 0); font-family: Roboto; font-size: 12pt;\">expedidas por las oportunas Entidades acreditativas de los ingresos incluidos en dicha declaraci\u00f3n (Si declara que no tiene ning\u00fan ingreso o si el que tiene se lo pagamos nosotros no hace falta).<\/span><\/p>\n                              <p><span style=\"color: rgb(0, 0, 0); font-family: Roboto; font-size: 12pt;\">Las pensiones de clases pasivas y esas cosicas<\/span><\/p>\n                              <p><span style=\"font-family: Roboto; font-size: 12pt;\">las <\/span><strong style=\"font-family: Roboto; font-size: 12pt;\">facturas <\/strong><span style=\"font-family: Roboto; font-size: 12pt;\">con todos los requisitos legales y del a\u00f1o en curso<\/span><\/p>\n                            <\/div>\n                          <\/div>\n                        <\/div>\n                      <\/div>\n                    <\/div>\n                  <\/div>\n                <\/div>\n                <div data-colibri-id=\"825-c28\" class=\"h-text h-text-component style-1227 style-local-825-c28 position-relative h-element\">\n                  <!---->\n                  <!---->\n                  <div class=\"\">\n                    <p>En el caso de ayuda para medios t\u00e9cnicos, acreditaci\u00f3n expresa de la necesidad de adquisici\u00f3n de un segundo medio t\u00e9cnico, si se ha subvencionado en los dos a\u00f1os anteriores a la convocatoria actual, otro id\u00e9ntico o an\u00e1logo o de similares\n                      caracter\u00edsticas al solicitado.<span style=\"font-weight: 500; font-size: 14.6667px; font-family: &quot;Roboto Mono&quot;; color: rgb(33, 33, 33);\"> <\/span><\/p>\n                  <\/div>\n                <\/div>\n              <\/div>\n            <\/div>\n          <\/div>\n        <\/div>\n      <\/div>\n    <\/div>\n  <\/div>\n<\/div>","protected":false},"excerpt":{"rendered":"<p>solicitud declaraci\u00f3n de rendimientos Declaraci\u00f3n de pensiones o prestaciones declaraci\u00f3n responsable Anual. 661,88 de m\u00e1xima y 165, 47 la m\u00ednima. Camas articuladas, gr\u00faas, sillitas de escalera, aparaticos de seguir visi\u00f3n para ELA&#8230; Solicitud. Que lleve la fecha de inicio de los efectos (01\/01\/2022 o desde la declaraci\u00f3n de discapacidad&nbsp;o la jubilaci\u00f3n por incapacidad si es [&hellip;]<\/p>\n","protected":false},"author":1,"featured_media":0,"parent":834,"menu_order":0,"comment_status":"closed","ping_status":"closed","template":"page-templates\/full-width-page.php","meta":{"footnotes":""},"_links":{"self":[{"href":"https:\/\/papelorios.eu\/index.php\/wp-json\/wp\/v2\/pages\/825"}],"collection":[{"href":"https:\/\/papelorios.eu\/index.php\/wp-json\/wp\/v2\/pages"}],"about":[{"href":"https:\/\/papelorios.eu\/index.php\/wp-json\/wp\/v2\/types\/page"}],"author":[{"embeddable":true,"href":"https:\/\/papelorios.eu\/index.php\/wp-json\/wp\/v2\/users\/1"}],"replies":[{"embeddable":true,"href":"https:\/\/papelorios.eu\/index.php\/wp-json\/wp\/v2\/comments?post=825"}],"version-history":[{"count":3,"href":"https:\/\/papelorios.eu\/index.php\/wp-json\/wp\/v2\/pages\/825\/revisions"}],"predecessor-version":[{"id":1159,"href":"https:\/\/papelorios.eu\/index.php\/wp-json\/wp\/v2\/pages\/825\/revisions\/1159"}],"up":[{"embeddable":true,"href":"https:\/\/papelorios.eu\/index.php\/wp-json\/wp\/v2\/pages\/834"}],"wp:attachment":[{"href":"https:\/\/papelorios.eu\/index.php\/wp-json\/wp\/v2\/media?parent=825"}],"curies":[{"name":"wp","href":"https:\/\/api.w.org\/{rel}","templated":true}]}}