{"id":834,"date":"2022-06-16T04:05:24","date_gmt":"2022-06-16T04:05:24","guid":{"rendered":"https:\/\/papelorios.es\/?page_id=834"},"modified":"2022-06-16T05:07:07","modified_gmt":"2022-06-16T05:07:07","slug":"autonomia-personal","status":"publish","type":"page","link":"https:\/\/papelorios.eu\/index.php\/prestaciones\/sociosanitarias\/autonomia-personal\/","title":{"rendered":"Autonom\u00eda Personal"},"content":{"rendered":"<div data-colibri-id=\"834-c1\" class=\"style-1122 style-local-834-c1 position-relative\">\n  <!---->\n  <div data-colibri-component=\"section\" data-colibri-id=\"834-c2\" id=\"custom\" class=\"h-section h-section-global-spacing d-flex align-items-lg-center align-items-md-center align-items-center style-1123 style-local-834-c2 position-relative\">\n    <!---->\n    <!---->\n    <div class=\"h-section-grid-container h-section-boxed-container\">\n      <!---->\n      <div data-colibri-id=\"834-c3\" class=\"h-row-container gutters-row-lg-2 gutters-row-md-2 gutters-row-0 gutters-row-v-lg-2 gutters-row-v-md-2 gutters-row-v-2 style-1124 style-local-834-c3 position-relative\">\n        <!---->\n        <div class=\"h-row justify-content-lg-center justify-content-md-center justify-content-center align-items-lg-stretch align-items-md-stretch align-items-stretch gutters-col-lg-2 gutters-col-md-2 gutters-col-0 gutters-col-v-lg-2 gutters-col-v-md-2 gutters-col-v-2\">\n          <!---->\n          <div class=\"h-column h-column-container d-flex h-col-lg-auto h-col-md-auto h-col-auto style-1125-outer style-local-834-c4-outer\">\n            <div data-colibri-id=\"834-c4\" class=\"d-flex h-flex-basis h-column__inner h-px-lg-0 h-px-md-0 h-px-0 v-inner-lg-0 v-inner-md-0 v-inner-0 style-1125 style-local-834-c4 position-relative\">\n              <!---->\n              <!---->\n              <div class=\"w-100 h-y-container h-column__content h-column__v-align flex-basis-100 align-self-lg-start align-self-md-start align-self-start\">\n                <!---->\n                <div data-colibri-id=\"834-c5\" class=\"d-block style-1128 style-local-834-c5 position-relative h-element\">\n                  <!---->\n                  <div class=\"h-image__frame-container-outer\">\n                    <a href=\"http:\/\/papelorios.eu\/index.php\/prestaciones\/sociosanitarias\/autonomia-personal\/mantenimiento-capacidad-residual\/\" h-use-smooth-scroll=\"true\" class=\"image-link\">\n                      <div class=\"h-image__frame-container\">\n                        <!---->\n                        <!---->\n                        <img decoding=\"async\" width=\"1922\" height=\"2560\" src=\"http:\/\/papelorios.eu\/wp-content\/uploads\/2022\/06\/IMG_20220401_072843-1-scaled.jpg\" class=\"wp-image-890 style-1128-image style-local-834-c5-image\" alt=\"\" srcset=\"https:\/\/papelorios.eu\/wp-content\/uploads\/2022\/06\/IMG_20220401_072843-1-scaled.jpg 1922w, https:\/\/papelorios.eu\/wp-content\/uploads\/2022\/06\/IMG_20220401_072843-1-225x300.jpg 225w, https:\/\/papelorios.eu\/wp-content\/uploads\/2022\/06\/IMG_20220401_072843-1-769x1024.jpg 769w, https:\/\/papelorios.eu\/wp-content\/uploads\/2022\/06\/IMG_20220401_072843-1-768x1023.jpg 768w, https:\/\/papelorios.eu\/wp-content\/uploads\/2022\/06\/IMG_20220401_072843-1-1153x1536.jpg 1153w, https:\/\/papelorios.eu\/wp-content\/uploads\/2022\/06\/IMG_20220401_072843-1-1538x2048.jpg 1538w\" sizes=\"(max-width: 1922px) 100vw, 1922px\" \/>\n                        <div class=\"h-image__frame h-hide-lg h-hide-md h-hide-sm style-1128-frameImage style-local-834-c5-frameImage\"><\/div>\n                      <\/div>\n                    <\/a>\n                  <\/div>\n                <\/div>\n                <div data-colibri-id=\"834-c6\" class=\"h-global-transition-all h-heading style-1131 style-local-834-c6 position-relative h-element\">\n                  <!---->\n                  <div class=\"h-heading__outer style-1131 style-local-834-c6\">\n                    <!---->\n                    <!---->\n                    <a href=\"http:\/\/papelorios.eu\/index.php\/prestaciones\/sociosanitarias\/autonomia-personal\/mantenimiento-capacidad-residual\/\" h-use-smooth-scroll=\"true\">\n                      <h4 class=\"\">Mantenimiento Capacidad Residual<\/h4>\n                    <\/a>\n                  <\/div>\n                <\/div>\n                <div data-colibri-id=\"834-c7\" class=\"h-text h-text-component style-1134 style-local-834-c7 position-relative h-element\">\n                  <!---->\n                  <!---->\n                  <div class=\"\">\n                    <p>En funci\u00f3n de la capacidad econ\u00f3mica, al mes entre 330,94 de m\u00e1xima y 132,37 de m\u00ednima.<\/p>\n                  <\/div>\n                <\/div>\n              <\/div>\n            <\/div>\n          <\/div>\n          <div class=\"h-column h-column-container d-flex h-col-lg-auto h-col-md-auto h-col-auto style-1126-outer style-local-834-c8-outer\">\n            <div data-colibri-id=\"834-c8\" class=\"d-flex h-flex-basis h-column__inner h-px-lg-0 h-px-md-0 h-px-0 v-inner-lg-0 v-inner-md-0 v-inner-0 style-1126 style-local-834-c8 position-relative\">\n              <!---->\n              <!---->\n              <div class=\"w-100 h-y-container h-column__content h-column__v-align flex-basis-100 align-self-lg-start align-self-md-start align-self-start\">\n                <!---->\n                <div data-colibri-id=\"834-c9\" class=\"d-block style-1129 style-local-834-c9 position-relative h-element\">\n                  <!---->\n                  <div class=\"h-image__frame-container-outer\">\n                    <a href=\"http:\/\/papelorios.eu\/index.php\/prestaciones\/sociosanitarias\/autonomia-personal\/eliminacion-barreras-arquitectonica\/\" h-use-smooth-scroll=\"true\" class=\"image-link\">\n                      <div class=\"h-image__frame-container\">\n                        <!---->\n                        <!---->\n                        <img decoding=\"async\" width=\"1922\" height=\"2560\" src=\"http:\/\/papelorios.eu\/wp-content\/uploads\/2022\/06\/IMG_20220615_072440-scaled.jpg\" class=\"wp-image-888 style-1129-image style-local-834-c9-image\" alt=\"\" srcset=\"https:\/\/papelorios.eu\/wp-content\/uploads\/2022\/06\/IMG_20220615_072440-scaled.jpg 1922w, https:\/\/papelorios.eu\/wp-content\/uploads\/2022\/06\/IMG_20220615_072440-225x300.jpg 225w, https:\/\/papelorios.eu\/wp-content\/uploads\/2022\/06\/IMG_20220615_072440-769x1024.jpg 769w, https:\/\/papelorios.eu\/wp-content\/uploads\/2022\/06\/IMG_20220615_072440-768x1023.jpg 768w, https:\/\/papelorios.eu\/wp-content\/uploads\/2022\/06\/IMG_20220615_072440-1153x1536.jpg 1153w, https:\/\/papelorios.eu\/wp-content\/uploads\/2022\/06\/IMG_20220615_072440-1538x2048.jpg 1538w\" sizes=\"(max-width: 1922px) 100vw, 1922px\" \/>\n                        <div class=\"h-image__frame h-hide-lg h-hide-md h-hide-sm style-1129-frameImage style-local-834-c9-frameImage\"><\/div>\n                      <\/div>\n                    <\/a>\n                  <\/div>\n                <\/div>\n                <div data-colibri-id=\"834-c10\" class=\"h-global-transition-all h-heading style-1132 style-local-834-c10 position-relative h-element\">\n                  <!---->\n                  <div class=\"h-heading__outer style-1132 style-local-834-c10\">\n                    <!---->\n                    <!---->\n                    <a href=\"http:\/\/papelorios.eu\/index.php\/prestaciones\/sociosanitarias\/autonomia-personal\/eliminacion-barreras-arquitectonica\/\" h-use-smooth-scroll=\"true\">\n                      <h4 class=\"\">Eliminaci\u00f3n Barreras arquitect\u00f3nicas<\/h4>\n                    <\/a>\n                  <\/div>\n                <\/div>\n                <div data-colibri-id=\"834-c11\" class=\"h-text h-text-component style-1135 style-local-834-c11 position-relative h-element\">\n                  <!---->\n                  <!---->\n                  <div class=\"\">\n                    <p>Al a\u00f1o y con factura 1.985,61 de m\u00e1ximo y 330,61 de m\u00ednimo.<\/p>\n                  <\/div>\n                <\/div>\n              <\/div>\n            <\/div>\n          <\/div>\n          <div class=\"h-column h-column-container d-flex h-col-lg-auto h-col-md-auto h-col-auto style-1127-outer style-local-834-c12-outer\">\n            <div data-colibri-id=\"834-c12\" class=\"d-flex h-flex-basis h-column__inner h-px-lg-0 h-px-md-0 h-px-0 v-inner-lg-0 v-inner-md-0 v-inner-0 style-1127 style-local-834-c12 position-relative\">\n              <!---->\n              <!---->\n              <div class=\"w-100 h-y-container h-column__content h-column__v-align flex-basis-100 align-self-lg-start align-self-md-start align-self-start\">\n                <!---->\n                <div data-colibri-id=\"834-c13\" class=\"d-block style-1130 style-local-834-c13 position-relative h-element\">\n                  <!---->\n                  <div class=\"h-image__frame-container-outer\">\n                    <a href=\"http:\/\/papelorios.eu\/index.php\/prestaciones\/sociosanitarias\/autonomia-personal\/medios-tecnicos\/\" h-use-smooth-scroll=\"true\" class=\"image-link\">\n                      <div class=\"h-image__frame-container\">\n                        <!---->\n                        <!---->\n                        <img decoding=\"async\" width=\"1922\" height=\"2560\" src=\"http:\/\/papelorios.eu\/wp-content\/uploads\/2022\/06\/IMG_20220603_072834-scaled.jpg\" class=\"wp-image-886 style-1130-image style-local-834-c13-image\" alt=\"\" srcset=\"https:\/\/papelorios.eu\/wp-content\/uploads\/2022\/06\/IMG_20220603_072834-scaled.jpg 1922w, https:\/\/papelorios.eu\/wp-content\/uploads\/2022\/06\/IMG_20220603_072834-225x300.jpg 225w, https:\/\/papelorios.eu\/wp-content\/uploads\/2022\/06\/IMG_20220603_072834-769x1024.jpg 769w, https:\/\/papelorios.eu\/wp-content\/uploads\/2022\/06\/IMG_20220603_072834-768x1023.jpg 768w, https:\/\/papelorios.eu\/wp-content\/uploads\/2022\/06\/IMG_20220603_072834-1153x1536.jpg 1153w, https:\/\/papelorios.eu\/wp-content\/uploads\/2022\/06\/IMG_20220603_072834-1538x2048.jpg 1538w\" sizes=\"(max-width: 1922px) 100vw, 1922px\" \/>\n                        <div class=\"h-image__frame h-hide-lg h-hide-md h-hide-sm style-1130-frameImage style-local-834-c13-frameImage\"><\/div>\n                      <\/div>\n                    <\/a>\n                  <\/div>\n                <\/div>\n                <div data-colibri-id=\"834-c14\" class=\"h-global-transition-all h-heading style-1133 style-local-834-c14 position-relative h-element\">\n                  <!---->\n                  <div class=\"h-heading__outer style-1133 style-local-834-c14\">\n                    <!---->\n                    <!---->\n                    <a href=\"http:\/\/papelorios.eu\/index.php\/prestaciones\/sociosanitarias\/autonomia-personal\/medios-tecnicos\/\" h-use-smooth-scroll=\"true\">\n                      <h4 class=\"\">Medios T\u00e9cnicos<\/h4>\n                    <\/a>\n                  <\/div>\n                <\/div>\n                <div data-colibri-id=\"834-c15\" class=\"h-text h-text-component style-1136 style-local-834-c15 position-relative h-element\">\n                  <!---->\n                  <!---->\n                  <div class=\"\">\n                    <p>Al a\u00f1o y con factura 661,88 de m\u00e1xima y 165,47 de m\u00ednima.<span style=\"font-weight: 400; font-size: 14.6667px; font-family: Arial; color: rgb(0, 0, 0);\"> <\/span><\/p>\n                  <\/div>\n                <\/div>\n              <\/div>\n            <\/div>\n          <\/div>\n        <\/div>\n      <\/div>\n    <\/div>\n  <\/div>\n<\/div>","protected":false},"excerpt":{"rendered":"<p>Mantenimiento Capacidad Residual En funci\u00f3n de la capacidad econ\u00f3mica, al mes entre 330,94 de m\u00e1xima y 132,37 de m\u00ednima. Eliminaci\u00f3n Barreras arquitect\u00f3nicas Al a\u00f1o y con factura 1.985,61 de m\u00e1ximo y 330,61 de m\u00ednimo. Medios T\u00e9cnicos Al a\u00f1o y con factura 661,88 de m\u00e1xima y 165,47 de m\u00ednima.<\/p>\n","protected":false},"author":1,"featured_media":0,"parent":220,"menu_order":0,"comment_status":"closed","ping_status":"closed","template":"page-templates\/full-width-page.php","meta":{"footnotes":""},"_links":{"self":[{"href":"https:\/\/papelorios.eu\/index.php\/wp-json\/wp\/v2\/pages\/834"}],"collection":[{"href":"https:\/\/papelorios.eu\/index.php\/wp-json\/wp\/v2\/pages"}],"about":[{"href":"https:\/\/papelorios.eu\/index.php\/wp-json\/wp\/v2\/types\/page"}],"author":[{"embeddable":true,"href":"https:\/\/papelorios.eu\/index.php\/wp-json\/wp\/v2\/users\/1"}],"replies":[{"embeddable":true,"href":"https:\/\/papelorios.eu\/index.php\/wp-json\/wp\/v2\/comments?post=834"}],"version-history":[{"count":3,"href":"https:\/\/papelorios.eu\/index.php\/wp-json\/wp\/v2\/pages\/834\/revisions"}],"predecessor-version":[{"id":899,"href":"https:\/\/papelorios.eu\/index.php\/wp-json\/wp\/v2\/pages\/834\/revisions\/899"}],"up":[{"embeddable":true,"href":"https:\/\/papelorios.eu\/index.php\/wp-json\/wp\/v2\/pages\/220"}],"wp:attachment":[{"href":"https:\/\/papelorios.eu\/index.php\/wp-json\/wp\/v2\/media?parent=834"}],"curies":[{"name":"wp","href":"https:\/\/api.w.org\/{rel}","templated":true}]}}