{"id":836,"date":"2022-06-16T04:05:50","date_gmt":"2022-06-16T04:05:50","guid":{"rendered":"https:\/\/papelorios.es\/?page_id=836"},"modified":"2022-06-17T07:23:03","modified_gmt":"2022-06-17T07:23:03","slug":"psiquiatricos-cronicos","status":"publish","type":"page","link":"https:\/\/papelorios.eu\/index.php\/prestaciones\/sociosanitarias\/psiquiatricos-cronicos\/","title":{"rendered":"Psiqui\u00e1tricos Cr\u00f3nicos"},"content":{"rendered":"<div data-colibri-id=\"836-c1\" class=\"style-1230 style-local-836-c1 position-relative\">\n  <!---->\n  <div data-colibri-component=\"section\" data-colibri-id=\"836-c2\" id=\"custom\" class=\"h-section h-section-global-spacing d-flex align-items-lg-center align-items-md-center align-items-center style-1231 style-local-836-c2 position-relative\">\n    <!---->\n    <!---->\n    <div class=\"h-section-grid-container h-section-boxed-container\">\n      <!---->\n      <div data-colibri-id=\"836-c3\" class=\"h-row-container gutters-row-lg-2 gutters-row-md-2 gutters-row-0 gutters-row-v-lg-2 gutters-row-v-md-2 gutters-row-v-2 style-1252 style-local-836-c3 position-relative\">\n        <!---->\n        <div class=\"h-row justify-content-lg-center justify-content-md-center justify-content-center align-items-lg-stretch align-items-md-stretch align-items-stretch gutters-col-lg-2 gutters-col-md-2 gutters-col-0 gutters-col-v-lg-2 gutters-col-v-md-2 gutters-col-v-2\">\n          <!---->\n          <div class=\"h-column h-column-container d-flex h-col-lg-auto h-col-md-auto h-col-auto style-1253-outer style-local-836-c4-outer\">\n            <div data-colibri-id=\"836-c4\" class=\"d-flex h-flex-basis h-column__inner h-px-lg-2 h-px-md-2 h-px-2 v-inner-lg-2 v-inner-md-2 v-inner-2 style-1253 style-local-836-c4 position-relative\">\n              <!---->\n              <!---->\n              <div class=\"w-100 h-y-container h-column__content h-column__v-align flex-basis-100 align-self-lg-start align-self-md-start align-self-start\">\n                <!---->\n                <div data-colibri-id=\"836-c5\" class=\"h-text h-text-component style-1254 style-local-836-c5 position-relative h-element\">\n                  <!---->\n                  <!---->\n                  <div class=\"\">\n                    <p>Para ingresos en Sanatorios siempre que no los cubra nadie<\/p>\n                  <\/div>\n                <\/div>\n                <div data-colibri-id=\"836-c6\" class=\"h-row-container gutters-row-lg-2 gutters-row-md-2 gutters-row-0 gutters-row-v-lg-2 gutters-row-v-md-2 gutters-row-v-2 style-1255 style-local-836-c6 position-relative\">\n                  <!---->\n                  <div class=\"h-row justify-content-lg-center justify-content-md-center justify-content-center align-items-lg-stretch align-items-md-stretch align-items-stretch gutters-col-lg-2 gutters-col-md-2 gutters-col-0 gutters-col-v-lg-2 gutters-col-v-md-2 gutters-col-v-2\">\n                    <!---->\n                    <div class=\"h-column h-column-container d-flex h-col-lg-auto h-col-md-auto h-col-auto style-1257-outer style-local-836-c7-outer\">\n                      <div data-colibri-id=\"836-c7\" class=\"d-flex h-flex-basis h-column__inner h-px-lg-2 h-px-md-2 h-px-2 v-inner-lg-2 v-inner-md-2 v-inner-2 style-1257 style-local-836-c7 position-relative\">\n                        <!---->\n                        <!---->\n                        <div class=\"w-100 h-y-container h-column__content h-column__v-align flex-basis-100 align-self-lg-start align-self-md-start align-self-start\">\n                          <!---->\n                          <div data-colibri-id=\"836-c8\" class=\"h-text h-text-component style-1258 style-local-836-c8 position-relative h-element\">\n                            <!---->\n                            <!---->\n                            <div class=\"\">\n                              <p>M\u00e1ximo 87 euros por d\u00eda. Se pueden presentar un mes solo o varios juntos<\/p>\n                            <\/div>\n                          <\/div>\n                        <\/div>\n                      <\/div>\n                    <\/div>\n                  <\/div>\n                <\/div>\n              <\/div>\n            <\/div>\n          <\/div>\n        <\/div>\n      <\/div>\n      <div data-colibri-id=\"836-c9\" class=\"h-row-container gutters-row-lg-2 gutters-row-md-2 gutters-row-0 gutters-row-v-lg-2 gutters-row-v-md-2 gutters-row-v-2 style-1232 style-local-836-c9 position-relative\">\n        <!---->\n        <div class=\"h-row justify-content-lg-center justify-content-md-center justify-content-center align-items-lg-stretch align-items-md-stretch align-items-stretch gutters-col-lg-2 gutters-col-md-2 gutters-col-0 gutters-col-v-lg-2 gutters-col-v-md-2 gutters-col-v-2\">\n          <!---->\n          <div class=\"h-column h-column-container d-flex h-col-lg-auto h-col-md-auto h-col-auto style-1233-outer style-local-836-c10-outer\">\n            <div data-colibri-id=\"836-c10\" class=\"d-flex h-flex-basis h-column__inner h-px-lg-2 h-px-md-2 h-px-2 v-inner-lg-2 v-inner-md-2 v-inner-2 style-1233 style-local-836-c10 position-relative\">\n              <!---->\n              <!---->\n              <div class=\"w-100 h-y-container h-column__content h-column__v-align flex-basis-100 align-self-lg-center align-self-md-center align-self-center\">\n                <!---->\n                <div data-colibri-id=\"836-c11\" class=\"h-x-container style-1237 style-local-836-c11 position-relative h-element\">\n                  <!---->\n                  <div class=\"h-x-container-inner style-dynamic-836-c11-group style-1237-spacing style-local-836-c11-spacing\"><span class=\"h-button__outer style-1238-outer style-local-836-c12-outer d-inline-flex h-element\"><a h-use-smooth-scroll=\"true\" href=\"https:\/\/www.muface.es\/dam\/jcr:1d86e478-5e9e-405f-9a3d-e057a6308328\/enfermos_psiquiatricos_cronicos_DPS_34201.pdf\"  data-colibri-id=\"836-c12\" class=\"d-flex w-100 align-items-center h-button justify-content-lg-center justify-content-md-center justify-content-center style-1238 style-local-836-c12 position-relative\"><!----><!----> <span>solicitud<\/span><\/a>\n                    <\/span>\n                  <\/div>\n                <\/div>\n              <\/div>\n            <\/div>\n          <\/div>\n          <div class=\"h-column h-column-container d-flex h-col-lg-auto h-col-md-auto h-col-auto style-1234-outer style-local-836-c13-outer\">\n            <div data-colibri-id=\"836-c13\" class=\"d-flex h-flex-basis h-column__inner h-px-lg-2 h-px-md-2 h-px-2 v-inner-lg-2 v-inner-md-2 v-inner-2 style-1234 style-local-836-c13 position-relative\">\n              <!---->\n              <!---->\n              <div class=\"w-100 h-y-container h-column__content h-column__v-align flex-basis-100 align-self-lg-center align-self-md-center align-self-center\">\n                <!---->\n                <div data-colibri-id=\"836-c14\" class=\"h-x-container style-1239 style-local-836-c14 position-relative h-element\">\n                  <!---->\n                  <div class=\"h-x-container-inner style-dynamic-836-c14-group style-1239-spacing style-local-836-c14-spacing\"><span class=\"h-button__outer style-1240-outer style-local-836-c15-outer d-inline-flex h-element\"><a h-use-smooth-scroll=\"true\" href=\"https:\/\/www.muface.es\/dam\/jcr:55545401-62ee-4a51-8807-eb6d224461c0\/informe_enfermos_psiquiatricos_DPS_34202.pdf\"  data-colibri-id=\"836-c15\" class=\"d-flex w-100 align-items-center h-button justify-content-lg-center justify-content-md-center justify-content-center style-1240 style-local-836-c15 position-relative\"><!----><!----> <span>informe m\u00e9dico<\/span><\/a>\n                    <\/span>\n                  <\/div>\n                <\/div>\n              <\/div>\n            <\/div>\n          <\/div>\n          <div class=\"h-column h-column-container d-flex h-col-lg-auto h-col-md-auto h-col-auto style-1235-outer style-local-836-c16-outer\">\n            <div data-colibri-id=\"836-c16\" class=\"d-flex h-flex-basis h-column__inner h-px-lg-2 h-px-md-2 h-px-2 v-inner-lg-2 v-inner-md-2 v-inner-2 style-1235 style-local-836-c16 position-relative\">\n              <!---->\n              <!---->\n              <div class=\"w-100 h-y-container h-column__content h-column__v-align flex-basis-100 align-self-lg-center align-self-md-center align-self-center\">\n                <!---->\n                <div data-colibri-id=\"836-c17\" class=\"h-x-container style-1241 style-local-836-c17 position-relative h-element\">\n                  <!---->\n                  <div class=\"h-x-container-inner style-dynamic-836-c17-group style-1241-spacing style-local-836-c17-spacing\"><span class=\"h-button__outer style-1242-outer style-local-836-c18-outer d-inline-flex h-element\"><a h-use-smooth-scroll=\"true\" href=\"https:\/\/www.muface.es\/dam\/jcr:02800e8d-c844-4d93-a784-7bce4ca9d2cc\/DECLARAC_RESPONSABLE_SOCIOSANITARIAS.pdf\"  data-colibri-id=\"836-c18\" class=\"d-flex w-100 align-items-center h-button justify-content-lg-center justify-content-md-center justify-content-center style-1242 style-local-836-c18 position-relative\"><!----><!----> <span>declaraci\u00f3n responsable<\/span><\/a>\n                    <\/span>\n                  <\/div>\n                <\/div>\n              <\/div>\n            <\/div>\n          <\/div>\n          <div class=\"h-column h-column-container d-flex h-col-lg-auto h-col-md-auto h-col-auto style-1236-outer style-local-836-c19-outer\">\n            <div data-colibri-id=\"836-c19\" class=\"d-flex h-flex-basis h-column__inner h-px-lg-2 h-px-md-2 h-px-2 v-inner-lg-2 v-inner-md-2 v-inner-2 style-1236 style-local-836-c19 position-relative\">\n              <!---->\n              <!---->\n              <div class=\"w-100 h-y-container h-column__content h-column__v-align flex-basis-100 align-self-lg-center align-self-md-center align-self-center\">\n                <!---->\n                <div data-colibri-id=\"836-c20\" class=\"h-x-container style-1245 style-local-836-c20 position-relative h-element\">\n                  <!---->\n                  <div class=\"h-x-container-inner style-dynamic-836-c20-group style-1245-spacing style-local-836-c20-spacing\"><span class=\"h-button__outer style-1246-outer style-local-836-c21-outer d-inline-flex h-element\"><a h-use-smooth-scroll=\"true\" href=\"https:\/\/www.muface.es\/dam\/jcr:6e495d76-0ffa-4af5-8489-f1d4a29e2f40\/DECLARAC_RESPONSABLE_PSIQUIATRICOS.pdf\"  data-colibri-id=\"836-c21\" class=\"d-flex w-100 align-items-center h-button justify-content-lg-center justify-content-md-center justify-content-center style-1246 style-local-836-c21 position-relative\"><!----><!----> <span>declaraci\u00f3n espec\u00edfica psiqui\u00e1tricoss cr\u00f3nicos<\/span><\/a>\n                    <\/span>\n                  <\/div>\n                <\/div>\n              <\/div>\n            <\/div>\n          <\/div>\n        <\/div>\n      <\/div>\n    <\/div>\n  <\/div>\n  <div data-colibri-component=\"section\" data-colibri-id=\"836-c22\" id=\"custom-2\" class=\"h-section h-section-global-spacing d-flex align-items-lg-center align-items-md-center align-items-center style-1259 style-local-836-c22 position-relative\">\n    <!---->\n    <!---->\n    <div class=\"h-section-grid-container h-section-boxed-container\">\n      <!---->\n      <div data-colibri-id=\"836-c23\" class=\"h-row-container gutters-row-lg-2 gutters-row-md-2 gutters-row-0 gutters-row-v-lg-2 gutters-row-v-md-2 gutters-row-v-2 style-1260 style-local-836-c23 position-relative\">\n        <!---->\n        <div class=\"h-row justify-content-lg-center justify-content-md-center justify-content-center align-items-lg-stretch align-items-md-stretch align-items-stretch gutters-col-lg-2 gutters-col-md-2 gutters-col-0 gutters-col-v-lg-2 gutters-col-v-md-2 gutters-col-v-2\">\n          <!---->\n          <div class=\"h-column h-column-container d-flex h-col-lg-auto h-col-md-auto h-col-auto style-1261-outer style-local-836-c24-outer\">\n            <div data-colibri-id=\"836-c24\" class=\"d-flex h-flex-basis h-column__inner h-px-lg-2 h-px-md-2 h-px-2 v-inner-lg-2 v-inner-md-2 v-inner-2 style-1261 style-local-836-c24 position-relative\">\n              <!---->\n              <!---->\n              <div class=\"w-100 h-y-container h-column__content h-column__v-align flex-basis-100 align-self-lg-start align-self-md-start align-self-start\">\n                <!---->\n                <div data-colibri-id=\"836-c27\" class=\"h-global-transition-all h-heading style-1264 style-local-836-c27 position-relative h-element\">\n                  <!---->\n                  <div class=\"h-heading__outer style-1264 style-local-836-c27\">\n                    <!---->\n                    <!---->\n                    <h4 class=\"\">Papelorios que traer<\/h4>\n                  <\/div>\n                <\/div>\n                <div data-colibri-id=\"836-c26\" class=\"h-text h-text-component style-1263 style-local-836-c26 position-relative h-element\">\n                  <!---->\n                  <!---->\n                  <div class=\"\">\n                    <p>Certificaci\u00f3n del IMAS de que no cobra por eso o lo que cobra por eso<\/p>\n                    <p>Certificaci\u00f3n de acci\u00f3n social o documento similar o declaraci\u00f3n responsable<\/p>\n                    <p>La otra declaraci\u00f3n responsable que dice que no tiene derecho a asistencia sanitaria para este caso<\/p>\n                  <\/div>\n                <\/div>\n              <\/div>\n            <\/div>\n          <\/div>\n          <div class=\"h-column h-column-container d-flex h-col-lg-auto h-col-md-auto h-col-auto style-1262-outer style-local-836-c25-outer\">\n            <div data-colibri-id=\"836-c25\" class=\"d-flex h-flex-basis h-column__inner h-ui-empty-state-container h-px-lg-2 h-px-md-2 h-px-2 v-inner-lg-2 v-inner-md-2 v-inner-2 style-1262 style-local-836-c25 position-relative\">\n              <!---->\n              <!---->\n              <div class=\"w-100 h-y-container h-column__content h-column__v-align flex-basis-100\">\n                <!---->\n              <\/div>\n            <\/div>\n          <\/div>\n        <\/div>\n      <\/div>\n    <\/div>\n  <\/div>\n<\/div>","protected":false},"excerpt":{"rendered":"<p>Para ingresos en Sanatorios siempre que no los cubra nadie M\u00e1ximo 87 euros por d\u00eda. Se pueden presentar un mes solo o varios juntos solicitud informe m\u00e9dico declaraci\u00f3n responsable declaraci\u00f3n espec\u00edfica psiqui\u00e1tricoss cr\u00f3nicos Papelorios que traer Certificaci\u00f3n del IMAS de que no cobra por eso o lo que cobra por eso Certificaci\u00f3n de acci\u00f3n social [&hellip;]<\/p>\n","protected":false},"author":1,"featured_media":0,"parent":220,"menu_order":0,"comment_status":"closed","ping_status":"closed","template":"page-templates\/full-width-page.php","meta":{"footnotes":""},"_links":{"self":[{"href":"https:\/\/papelorios.eu\/index.php\/wp-json\/wp\/v2\/pages\/836"}],"collection":[{"href":"https:\/\/papelorios.eu\/index.php\/wp-json\/wp\/v2\/pages"}],"about":[{"href":"https:\/\/papelorios.eu\/index.php\/wp-json\/wp\/v2\/types\/page"}],"author":[{"embeddable":true,"href":"https:\/\/papelorios.eu\/index.php\/wp-json\/wp\/v2\/users\/1"}],"replies":[{"embeddable":true,"href":"https:\/\/papelorios.eu\/index.php\/wp-json\/wp\/v2\/comments?post=836"}],"version-history":[{"count":3,"href":"https:\/\/papelorios.eu\/index.php\/wp-json\/wp\/v2\/pages\/836\/revisions"}],"predecessor-version":[{"id":980,"href":"https:\/\/papelorios.eu\/index.php\/wp-json\/wp\/v2\/pages\/836\/revisions\/980"}],"up":[{"embeddable":true,"href":"https:\/\/papelorios.eu\/index.php\/wp-json\/wp\/v2\/pages\/220"}],"wp:attachment":[{"href":"https:\/\/papelorios.eu\/index.php\/wp-json\/wp\/v2\/media?parent=836"}],"curies":[{"name":"wp","href":"https:\/\/api.w.org\/{rel}","templated":true}]}}