{"id":838,"date":"2022-06-16T04:06:17","date_gmt":"2022-06-16T04:06:17","guid":{"rendered":"https:\/\/papelorios.es\/?page_id=838"},"modified":"2022-06-17T08:47:10","modified_gmt":"2022-06-17T08:47:10","slug":"drogodependientes","status":"publish","type":"page","link":"https:\/\/papelorios.eu\/index.php\/prestaciones\/sociosanitarias\/drogodependientes\/","title":{"rendered":"Drogodependientes"},"content":{"rendered":"<div data-colibri-id=\"838-c1\" class=\"style-1265 style-local-838-c1 position-relative\">\n  <!---->\n  <div data-colibri-component=\"section\" data-colibri-id=\"838-c2\" id=\"custom\" class=\"h-section h-section-global-spacing d-flex align-items-lg-center align-items-md-center align-items-center style-1266 style-local-838-c2 position-relative\">\n    <!---->\n    <!---->\n    <div class=\"h-section-grid-container h-section-boxed-container\">\n      <!---->\n      <div data-colibri-id=\"838-c3\" class=\"h-row-container gutters-row-lg-2 gutters-row-md-2 gutters-row-0 gutters-row-v-lg-2 gutters-row-v-md-2 gutters-row-v-2 style-1267 style-local-838-c3 position-relative\">\n        <!---->\n        <div class=\"h-row justify-content-lg-center justify-content-md-center justify-content-center align-items-lg-stretch align-items-md-stretch align-items-stretch gutters-col-lg-2 gutters-col-md-2 gutters-col-0 gutters-col-v-lg-2 gutters-col-v-md-2 gutters-col-v-2\">\n          <!---->\n          <div class=\"h-column h-column-container d-flex h-col-lg-auto h-col-md-auto h-col-auto style-1268-outer style-local-838-c4-outer\">\n            <div data-colibri-id=\"838-c4\" class=\"d-flex h-flex-basis h-column__inner h-px-lg-2 h-px-md-2 h-px-2 v-inner-lg-2 v-inner-md-2 v-inner-2 style-1268 style-local-838-c4 position-relative\">\n              <!---->\n              <!---->\n              <div class=\"w-100 h-y-container h-column__content h-column__v-align flex-basis-100 align-self-lg-center align-self-md-center align-self-center\">\n                <!---->\n                <div data-colibri-id=\"838-c7\" class=\"h-x-container style-1271 style-local-838-c7 position-relative h-element\">\n                  <!---->\n                  <div class=\"h-x-container-inner style-dynamic-838-c7-group style-1271-spacing style-local-838-c7-spacing\"><span class=\"h-button__outer style-1272-outer style-local-838-c8-outer d-inline-flex h-element\"><a h-use-smooth-scroll=\"true\" href=\"https:\/\/www.muface.es\/dam\/jcr:e12af785-2d14-4a63-94f8-19a62eb7237c\/personas_drogodependientes_DPS_34401.pdf\"  data-colibri-id=\"838-c8\" class=\"d-flex w-100 align-items-center h-button justify-content-lg-center justify-content-md-center justify-content-center style-1272 style-local-838-c8 position-relative\"><!----><!----> <span>solicitud<\/span><\/a>\n                    <\/span>\n                  <\/div>\n                <\/div>\n              <\/div>\n            <\/div>\n          <\/div>\n          <div class=\"h-column h-column-container d-flex h-col-lg-auto h-col-md-auto h-col-auto style-1269-outer style-local-838-c5-outer\">\n            <div data-colibri-id=\"838-c5\" class=\"d-flex h-flex-basis h-column__inner h-px-lg-2 h-px-md-2 h-px-2 v-inner-lg-2 v-inner-md-2 v-inner-2 style-1269 style-local-838-c5 position-relative\">\n              <!---->\n              <!---->\n              <div class=\"w-100 h-y-container h-column__content h-column__v-align flex-basis-100 align-self-lg-center align-self-md-center align-self-center\">\n                <!---->\n                <div data-colibri-id=\"838-c9\" class=\"h-x-container style-1273 style-local-838-c9 position-relative h-element\">\n                  <!---->\n                  <div class=\"h-x-container-inner style-dynamic-838-c9-group style-1273-spacing style-local-838-c9-spacing\"><span class=\"h-button__outer style-1274-outer style-local-838-c10-outer d-inline-flex h-element\"><a h-use-smooth-scroll=\"true\" href=\"https:\/\/www.muface.es\/dam\/jcr:832dea18-e782-4431-a87f-a43bd8213aec\/informe_drogodependientes_DPS_34402.pdf\"  data-colibri-id=\"838-c10\" class=\"d-flex w-100 align-items-center h-button justify-content-lg-center justify-content-md-center justify-content-center style-1274 style-local-838-c10 position-relative\"><!----><!----> <span>Informe especialista<\/span><\/a>\n                    <\/span>\n                  <\/div>\n                <\/div>\n              <\/div>\n            <\/div>\n          <\/div>\n          <div class=\"h-column h-column-container d-flex h-col-lg-auto h-col-md-auto h-col-auto style-1270-outer style-local-838-c6-outer\">\n            <div data-colibri-id=\"838-c6\" class=\"d-flex h-flex-basis h-column__inner h-px-lg-2 h-px-md-2 h-px-2 v-inner-lg-2 v-inner-md-2 v-inner-2 style-1270 style-local-838-c6 position-relative\">\n              <!---->\n              <!---->\n              <div class=\"w-100 h-y-container h-column__content h-column__v-align flex-basis-100 align-self-lg-center align-self-md-center align-self-center\">\n                <!---->\n                <div data-colibri-id=\"838-c11\" class=\"h-x-container style-1275 style-local-838-c11 position-relative h-element\">\n                  <!---->\n                  <div class=\"h-x-container-inner style-dynamic-838-c11-group style-1275-spacing style-local-838-c11-spacing\"><span class=\"h-button__outer style-1276-outer style-local-838-c12-outer d-inline-flex h-element\"><a h-use-smooth-scroll=\"true\" href=\"https:\/\/www.muface.es\/dam\/jcr:02800e8d-c844-4d93-a784-7bce4ca9d2cc\/DECLARAC_RESPONSABLE_SOCIOSANITARIAS.pdf\"  data-colibri-id=\"838-c12\" class=\"d-flex w-100 align-items-center h-button justify-content-lg-center justify-content-md-center justify-content-center style-1276 style-local-838-c12 position-relative\"><!----><!----> <span>Declaraci\u00f3n Responsable<\/span><\/a>\n                    <\/span>\n                  <\/div>\n                <\/div>\n              <\/div>\n            <\/div>\n          <\/div>\n        <\/div>\n      <\/div>\n      <div data-colibri-id=\"838-c13\" class=\"h-row-container gutters-row-lg-2 gutters-row-md-2 gutters-row-0 gutters-row-v-lg-2 gutters-row-v-md-2 gutters-row-v-2 style-1277 style-local-838-c13 position-relative\">\n        <!---->\n        <div class=\"h-row justify-content-lg-center justify-content-md-center justify-content-center align-items-lg-stretch align-items-md-stretch align-items-stretch gutters-col-lg-2 gutters-col-md-2 gutters-col-0 gutters-col-v-lg-2 gutters-col-v-md-2 gutters-col-v-2\">\n          <!---->\n          <div class=\"h-column h-column-container d-flex h-col-lg-auto h-col-md-auto h-col-auto style-1278-outer style-local-838-c14-outer\">\n            <div data-colibri-id=\"838-c14\" class=\"d-flex h-flex-basis h-column__inner h-px-lg-2 h-px-md-2 h-px-2 v-inner-lg-2 v-inner-md-2 v-inner-2 style-1278 style-local-838-c14 position-relative\">\n              <!---->\n              <!---->\n              <div class=\"w-100 h-y-container h-column__content h-column__v-align flex-basis-100 align-self-lg-start align-self-md-start align-self-start\">\n                <!---->\n                <div data-colibri-id=\"838-c15\" class=\"h-text h-text-component style-1279 style-local-838-c15 position-relative h-element\">\n                  <!---->\n                  <!---->\n                  <div class=\"\">\n                    <p>Tienen que ser tratamientos dirigidos a la rehabilitaci\u00f3n y la reinserci\u00f3n laboral. No cuentan las desintoxicaciones y no entra el tabaquismo porque no hay programas para dejarte el tabaco que te reinserten laboralmente.&nbsp;Se puede\n                      solicitar mensualmente o acumulando varios recibos. Es un m\u00e1ximo de 220,26 euros al mes.<\/p>\n                  <\/div>\n                <\/div>\n                <div data-colibri-id=\"838-c16\" class=\"h-row-container gutters-row-lg-2 gutters-row-md-2 gutters-row-0 gutters-row-v-lg-2 gutters-row-v-md-2 gutters-row-v-2 style-1280 style-local-838-c16 position-relative\">\n                  <!---->\n                  <div class=\"h-row justify-content-lg-center justify-content-md-center justify-content-center align-items-lg-stretch align-items-md-stretch align-items-stretch gutters-col-lg-2 gutters-col-md-2 gutters-col-0 gutters-col-v-lg-2 gutters-col-v-md-2 gutters-col-v-2\">\n                    <!---->\n                    <div class=\"h-column h-column-container d-flex h-col-lg-auto h-col-md-auto h-col-auto style-1281-outer style-local-838-c17-outer\">\n                      <div data-colibri-id=\"838-c17\" class=\"d-flex h-flex-basis h-column__inner h-px-lg-2 h-px-md-2 h-px-2 v-inner-lg-2 v-inner-md-2 v-inner-2 style-1281 style-local-838-c17 position-relative\">\n                        <!---->\n                        <!---->\n                        <div class=\"w-100 h-y-container h-column__content h-column__v-align flex-basis-100 align-self-lg-center align-self-md-center align-self-center\">\n                          <!---->\n                          <div data-colibri-id=\"838-c19\" class=\"h-global-transition-all h-heading style-1283 style-local-838-c19 position-relative h-element\">\n                            <!---->\n                            <div class=\"h-heading__outer style-1283 style-local-838-c19\">\n                              <!---->\n                              <!---->\n                              <h4 class=\"\">Que traigan<\/h4>\n                            <\/div>\n                          <\/div>\n                          <div data-colibri-id=\"838-c20\" class=\"h-text h-text-component style-1284 style-local-838-c20 position-relative h-element\">\n                            <!---->\n                            <!---->\n                            <div class=\"\">\n                              <p><strong style=\"font-family: &quot;Gentium Basic&quot;;\">Solicitud<\/strong><\/p>\n                              <p><strong style=\"font-family: &quot;Gentium Basic&quot;;\">Informe Psicol\u00f3gico o m\u00e9dico<\/strong> actualizado de especialista (psic\u00f3logo o facultativo) con juicio diagn\u00f3stico relativo a la dependencia y la recomendaci\u00f3n del tratamiento<\/p>\n                              <p><strong style=\"font-family: &quot;Gentium Basic&quot;;\">Declaraci\u00f3n responsable<\/strong><\/p>\n                              <p>Para la justificaci\u00f3n del <strong style=\"font-family: &quot;Gentium Basic&quot;;\">pago <\/strong>el interesado deber\u00e1 presentar el certificado expedido bien por el terapeuta individual especializado o bien por la direcci\u00f3n\n                                del Centro especializado en el que conste:<\/p>\n                            <\/div>\n                          <\/div>\n                          <div data-colibri-id=\"838-c21\" class=\"h-row-container gutters-row-lg-2 gutters-row-md-2 gutters-row-0 gutters-row-v-lg-2 gutters-row-v-md-2 gutters-row-v-2 style-1285 style-local-838-c21 position-relative\">\n                            <!---->\n                            <div class=\"h-row justify-content-lg-center justify-content-md-center justify-content-center align-items-lg-stretch align-items-md-stretch align-items-stretch gutters-col-lg-2 gutters-col-md-2 gutters-col-0 gutters-col-v-lg-2 gutters-col-v-md-2 gutters-col-v-2\">\n                              <!---->\n                              <div class=\"h-column h-column-container d-flex h-col-lg-auto h-col-md-auto h-col-auto style-1286-outer style-local-838-c22-outer\">\n                                <div data-colibri-id=\"838-c22\" class=\"d-flex h-flex-basis h-column__inner h-ui-empty-state-container h-px-lg-2 h-px-md-2 h-px-2 v-inner-lg-2 v-inner-md-2 v-inner-2 style-1286 style-local-838-c22 position-relative\">\n                                  <!---->\n                                  <!---->\n                                  <div class=\"w-100 h-y-container h-column__content h-column__v-align flex-basis-100\">\n                                    <!---->\n                                  <\/div>\n                                <\/div>\n                              <\/div>\n                              <div class=\"h-column h-column-container d-flex h-col-lg-auto h-col-md-auto h-col-auto style-1287-outer style-local-838-c23-outer\">\n                                <div data-colibri-id=\"838-c23\" class=\"d-flex h-flex-basis h-column__inner h-px-lg-2 h-px-md-2 h-px-2 v-inner-lg-2 v-inner-md-2 v-inner-2 style-1287 style-local-838-c23 position-relative\">\n                                  <!---->\n                                  <!---->\n                                  <div class=\"w-100 h-y-container h-column__content h-column__v-align flex-basis-100 align-self-lg-start align-self-md-start align-self-start\">\n                                    <!---->\n                                    <div data-colibri-id=\"838-c25\" class=\"h-text h-text-component style-1289 style-local-838-c25 position-relative h-element\">\n                                      <!---->\n                                      <!---->\n                                      <div class=\"\">\n                                        <p><strong style=\"font-family: &quot;Gentium Basic&quot;;\">Relaci\u00f3n de los meses <\/strong>en los que el afectado ha recibido tratamiento.<\/p>\n                                        <p><strong style=\"font-family: &quot;Gentium Basic&quot;;\">N\u00famero de sesiones<\/strong> en las que se ha aplicado el tratamiento.<\/p>\n                                        <p><strong style=\"font-family: &quot;Gentium Basic&quot;;\">Tipo o tipos de terapia<\/strong> utilizada.<\/p>\n                                        <p><strong style=\"font-family: &quot;Gentium Basic&quot;;\">Cualificaci\u00f3n profesional<\/strong> del especialista responsable del tratamiento aplicado.<\/p>\n                                        <p>\n                                          <br>\n                                        <\/p>\n                                      <\/div>\n                                    <\/div>\n                                  <\/div>\n                                <\/div>\n                              <\/div>\n                            <\/div>\n                          <\/div>\n                          <div data-colibri-id=\"838-c24\" class=\"h-text h-text-component style-1288 style-local-838-c24 position-relative h-element\">\n                            <!---->\n                            <!---->\n                            <div class=\"\">\n                              <p><strong style=\"font-family: &quot;Gentium Basic&quot;;\">Certificaci\u00f3n <\/strong>de la Comisi\u00f3n <strong style=\"font-family: &quot;Gentium Basic&quot;;\">Acci\u00f3n Social <\/strong>o documento administrativo similar o declaraci\u00f3n\n                                responsable, seg\u00fan modelo DPS-34916).<\/p>\n                              <p><strong style=\"font-family: &quot;Gentium Basic&quot;;\">Facturas <\/strong>que deber\u00e1n reunir los requisitos legales y reglamentariamente exigibles para su validez.<\/p>\n                            <\/div>\n                          <\/div>\n                        <\/div>\n                      <\/div>\n                    <\/div>\n                    <div class=\"h-column h-column-container d-flex h-col-lg-auto h-col-md-auto h-col-auto style-1282-outer style-local-838-c18-outer\">\n                      <div data-colibri-id=\"838-c18\" class=\"d-flex h-flex-basis h-column__inner h-ui-empty-state-container h-px-lg-2 h-px-md-2 h-px-2 v-inner-lg-2 v-inner-md-2 v-inner-2 style-1282 style-local-838-c18 position-relative\">\n                        <!---->\n                        <!---->\n                        <div class=\"w-100 h-y-container h-column__content h-column__v-align flex-basis-100\">\n                          <!---->\n                        <\/div>\n                      <\/div>\n                    <\/div>\n                  <\/div>\n                <\/div>\n              <\/div>\n            <\/div>\n          <\/div>\n        <\/div>\n      <\/div>\n    <\/div>\n  <\/div>\n<\/div>","protected":false},"excerpt":{"rendered":"<p>solicitud Informe especialista Declaraci\u00f3n Responsable Tienen que ser tratamientos dirigidos a la rehabilitaci\u00f3n y la reinserci\u00f3n laboral. No cuentan las desintoxicaciones y no entra el tabaquismo porque no hay programas para dejarte el tabaco que te reinserten laboralmente.&nbsp;Se puede solicitar mensualmente o acumulando varios recibos. Es un m\u00e1ximo de 220,26 euros al mes. Que traigan [&hellip;]<\/p>\n","protected":false},"author":1,"featured_media":0,"parent":220,"menu_order":0,"comment_status":"closed","ping_status":"closed","template":"page-templates\/full-width-page.php","meta":{"footnotes":""},"_links":{"self":[{"href":"https:\/\/papelorios.eu\/index.php\/wp-json\/wp\/v2\/pages\/838"}],"collection":[{"href":"https:\/\/papelorios.eu\/index.php\/wp-json\/wp\/v2\/pages"}],"about":[{"href":"https:\/\/papelorios.eu\/index.php\/wp-json\/wp\/v2\/types\/page"}],"author":[{"embeddable":true,"href":"https:\/\/papelorios.eu\/index.php\/wp-json\/wp\/v2\/users\/1"}],"replies":[{"embeddable":true,"href":"https:\/\/papelorios.eu\/index.php\/wp-json\/wp\/v2\/comments?post=838"}],"version-history":[{"count":2,"href":"https:\/\/papelorios.eu\/index.php\/wp-json\/wp\/v2\/pages\/838\/revisions"}],"predecessor-version":[{"id":989,"href":"https:\/\/papelorios.eu\/index.php\/wp-json\/wp\/v2\/pages\/838\/revisions\/989"}],"up":[{"embeddable":true,"href":"https:\/\/papelorios.eu\/index.php\/wp-json\/wp\/v2\/pages\/220"}],"wp:attachment":[{"href":"https:\/\/papelorios.eu\/index.php\/wp-json\/wp\/v2\/media?parent=838"}],"curies":[{"name":"wp","href":"https:\/\/api.w.org\/{rel}","templated":true}]}}