{"id":842,"date":"2022-06-16T04:07:24","date_gmt":"2022-06-16T04:07:24","guid":{"rendered":"https:\/\/papelorios.es\/?page_id=842"},"modified":"2023-04-02T19:35:01","modified_gmt":"2023-04-02T17:35:01","slug":"oncologicos","status":"publish","type":"page","link":"https:\/\/papelorios.eu\/index.php\/prestaciones\/sociosanitarias\/oncologicos\/","title":{"rendered":"Oncol\u00f3gicos"},"content":{"rendered":"<div data-colibri-id=\"842-c1\" class=\"style-1343 style-local-842-c1 position-relative\">\n  <!---->\n  <div data-colibri-component=\"section\" data-colibri-id=\"842-c2\" id=\"custom\" class=\"h-section h-section-global-spacing d-flex align-items-lg-center align-items-md-center align-items-center style-1344 style-local-842-c2 position-relative\">\n    <!---->\n    <!---->\n    <div class=\"h-section-grid-container h-section-boxed-container\">\n      <!---->\n      <div data-colibri-id=\"842-c3\" class=\"h-row-container gutters-row-lg-2 gutters-row-md-2 gutters-row-0 gutters-row-v-lg-2 gutters-row-v-md-2 gutters-row-v-2 style-1345 style-local-842-c3 position-relative\">\n        <!---->\n        <div class=\"h-row justify-content-lg-center justify-content-md-center justify-content-center align-items-lg-stretch align-items-md-stretch align-items-stretch gutters-col-lg-2 gutters-col-md-2 gutters-col-0 gutters-col-v-lg-2 gutters-col-v-md-2 gutters-col-v-2\">\n          <!---->\n          <div class=\"h-column h-column-container d-flex h-col-lg-auto h-col-md-auto h-col-auto style-1346-outer style-local-842-c4-outer\">\n            <div data-colibri-id=\"842-c4\" class=\"d-flex h-flex-basis h-column__inner h-px-lg-2 h-px-md-2 h-px-2 v-inner-lg-2 v-inner-md-2 v-inner-2 style-1346 style-local-842-c4 position-relative\">\n              <!---->\n              <!---->\n              <div class=\"w-100 h-y-container h-column__content h-column__v-align flex-basis-100 align-self-lg-start align-self-md-start align-self-start\">\n                <!---->\n                <div data-colibri-id=\"842-c5\" class=\"h-text h-text-component style-1347 style-local-842-c5 position-relative h-element\">\n                  <!---->\n                  <!---->\n                  <div class=\"\">\n                    <p>enfermos de c\u00e1ncer, para ayudarles con gastos relacionados con la enfermedad. Tienen que ser de MUFACE (daaah), acreditar que padecen la enfermendad y presentar las facturas.<\/p>\n                  <\/div>\n                <\/div>\n              <\/div>\n            <\/div>\n          <\/div>\n        <\/div>\n      <\/div>\n      <div data-colibri-id=\"842-c6\" class=\"h-row-container gutters-row-lg-2 gutters-row-md-2 gutters-row-0 gutters-row-v-lg-2 gutters-row-v-md-2 gutters-row-v-2 style-1348 style-local-842-c6 position-relative\">\n        <!---->\n        <div class=\"h-row justify-content-lg-center justify-content-md-center justify-content-center align-items-lg-stretch align-items-md-stretch align-items-stretch gutters-col-lg-2 gutters-col-md-2 gutters-col-0 gutters-col-v-lg-2 gutters-col-v-md-2 gutters-col-v-2\">\n          <!---->\n          <div class=\"h-column h-column-container d-flex h-col-lg-auto h-col-md-auto h-col-auto style-1349-outer style-local-842-c7-outer\">\n            <div data-colibri-id=\"842-c7\" class=\"d-flex h-flex-basis h-column__inner h-px-lg-2 h-px-md-2 h-px-2 v-inner-lg-2 v-inner-md-2 v-inner-2 style-1349 style-local-842-c7 position-relative\">\n              <!---->\n              <!---->\n              <div class=\"w-100 h-y-container h-column__content h-column__v-align flex-basis-100 align-self-lg-center align-self-md-center align-self-center\">\n                <!---->\n                <div data-colibri-id=\"842-c8\" class=\"h-x-container style-1358 style-local-842-c8 position-relative h-element\">\n                  <!---->\n                  <div class=\"h-x-container-inner style-dynamic-842-c8-group style-1358-spacing style-local-842-c8-spacing\"><span class=\"h-button__outer style-1359-outer style-local-842-c9-outer d-inline-flex h-element\"><a h-use-smooth-scroll=\"true\" href=\"https:\/\/www.muface.es\/dam\/jcr:7244f3f1-2673-4407-8354-c1865f476ad6\/enfermos_oncologicos_DPS_34701.pdf\"  data-colibri-id=\"842-c9\" class=\"d-flex w-100 align-items-center h-button justify-content-lg-center justify-content-md-center justify-content-center style-1359 style-local-842-c9 position-relative\"><!----><!----> <span>solicitud<\/span><\/a>\n                    <\/span>\n                  <\/div>\n                <\/div>\n              <\/div>\n            <\/div>\n          <\/div>\n          <div class=\"h-column h-column-container d-flex h-col-lg-auto h-col-md-auto h-col-auto style-1350-outer style-local-842-c10-outer\">\n            <div data-colibri-id=\"842-c10\" class=\"d-flex h-flex-basis h-column__inner h-px-lg-2 h-px-md-2 h-px-2 v-inner-lg-2 v-inner-md-2 v-inner-2 style-1350 style-local-842-c10 position-relative\">\n              <!---->\n              <!---->\n              <div class=\"w-100 h-y-container h-column__content h-column__v-align flex-basis-100 align-self-lg-center align-self-md-center align-self-center\">\n                <!---->\n                <div data-colibri-id=\"842-c11\" class=\"h-x-container style-1360 style-local-842-c11 position-relative h-element\">\n                  <!---->\n                  <div class=\"h-x-container-inner style-dynamic-842-c11-group style-1360-spacing style-local-842-c11-spacing\"><span class=\"h-button__outer style-1361-outer style-local-842-c12-outer d-inline-flex h-element\"><a h-use-smooth-scroll=\"true\" href=\"https:\/\/www.muface.es\/dam\/jcr:b1cc73ef-41e3-457b-a6f6-5497b21ffb35\/informe_enfermos_oncologicos_DPS_34702.pdf\"  data-colibri-id=\"842-c12\" class=\"d-flex w-100 align-items-center h-button justify-content-lg-center justify-content-md-center justify-content-center style-1361 style-local-842-c12 position-relative\"><!----><!----> <span>informe m\u00e9dico<\/span><\/a>\n                    <\/span>\n                  <\/div>\n                <\/div>\n              <\/div>\n            <\/div>\n          <\/div>\n          <div class=\"h-column h-column-container d-flex h-col-lg-auto h-col-md-auto h-col-auto style-1351-outer style-local-842-c13-outer\">\n            <div data-colibri-id=\"842-c13\" class=\"d-flex h-flex-basis h-column__inner h-px-lg-2 h-px-md-2 h-px-2 v-inner-lg-2 v-inner-md-2 v-inner-2 style-1351 style-local-842-c13 position-relative\">\n              <!---->\n              <!---->\n              <div class=\"w-100 h-y-container h-column__content h-column__v-align flex-basis-100 align-self-lg-center align-self-md-center align-self-center\">\n                <!---->\n                <div data-colibri-id=\"842-c14\" class=\"h-x-container style-1362 style-local-842-c14 position-relative h-element\">\n                  <!---->\n                  <div class=\"h-x-container-inner style-dynamic-842-c14-group style-1362-spacing style-local-842-c14-spacing\"><span class=\"h-button__outer style-1363-outer style-local-842-c15-outer d-inline-flex h-element\"><a h-use-smooth-scroll=\"true\" href=\"https:\/\/www.muface.es\/dam\/jcr:02800e8d-c844-4d93-a784-7bce4ca9d2cc\/DECLARAC_RESPONSABLE_SOCIOSANITARIAS.pdf\"  data-colibri-id=\"842-c15\" class=\"d-flex w-100 align-items-center h-button justify-content-lg-center justify-content-md-center justify-content-center style-1363 style-local-842-c15 position-relative\"><!----><!----> <span>Declaraci\u00f3n Responsable<\/span><\/a>\n                    <\/span>\n                  <\/div>\n                <\/div>\n              <\/div>\n            <\/div>\n          <\/div>\n        <\/div>\n      <\/div>\n      <div data-colibri-id=\"842-c16\" class=\"h-row-container gutters-row-lg-0 gutters-row-md-0 gutters-row-0 gutters-row-v-lg-0 gutters-row-v-md-0 gutters-row-v-0 style-1352 style-local-842-c16 position-relative\">\n        <!---->\n        <div class=\"h-row justify-content-lg-center justify-content-md-center justify-content-center align-items-lg-stretch align-items-md-stretch align-items-stretch gutters-col-lg-0 gutters-col-md-0 gutters-col-0 gutters-col-v-lg-0 gutters-col-v-md-0 gutters-col-v-0\">\n          <!---->\n          <div class=\"h-column h-column-container d-flex h-col-lg-auto h-col-md-auto h-col-auto style-1353-outer style-local-842-c17-outer\">\n            <div data-colibri-id=\"842-c17\" class=\"d-flex h-flex-basis h-column__inner h-px-lg-0 h-px-md-0 h-px-0 v-inner-lg-0 v-inner-md-0 v-inner-0 style-1353 style-local-842-c17 position-relative\">\n              <!---->\n              <!---->\n              <div class=\"w-100 h-y-container h-column__content h-column__v-align flex-basis-100 align-self-lg-start align-self-md-start align-self-start\">\n                <!---->\n                <div data-colibri-id=\"842-c18\" class=\"h-global-transition-all h-heading style-1364 style-local-842-c18 position-relative h-element\">\n                  <!---->\n                  <div class=\"h-heading__outer style-1364 style-local-842-c18\">\n                    <!---->\n                    <!---->\n                    <h4 class=\"\"><span style=\"color: rgb(245, 240, 240);\">Cosas que traer<\/span><\/h4>\n                  <\/div>\n                <\/div>\n                <div data-colibri-id=\"842-c19\" class=\"h-text h-text-component style-1367 style-local-842-c19 position-relative h-element\">\n                  <!---->\n                  <!---->\n                  <div class=\"\">\n                    <p>Solicitud<\/p>\n                    <p>Informe m\u00e9dico que acredite la enfermedad y la necesidad de las compras<\/p>\n                    <p>Facturas con los requisitos legales<\/p>\n                  <\/div>\n                <\/div>\n              <\/div>\n            <\/div>\n          <\/div>\n          <div class=\"h-column h-column-container d-flex h-col-lg-auto h-col-md-auto h-col-auto style-1354-outer style-local-842-c20-outer\">\n            <div data-colibri-id=\"842-c20\" class=\"d-flex h-flex-basis h-column__inner h-px-lg-0 h-px-md-0 h-px-0 v-inner-lg-0 v-inner-md-0 v-inner-0 style-1354 style-local-842-c20 position-relative\">\n              <!---->\n              <!---->\n              <div class=\"w-100 h-y-container h-column__content h-column__v-align flex-basis-100 align-self-lg-start align-self-md-start align-self-start\">\n                <!---->\n                <div data-colibri-id=\"842-c21\" class=\"d-block style-1366 style-local-842-c21 position-relative h-element\">\n                  <!---->\n                  <div class=\"h-image__frame-container-outer\">\n                    <div class=\"h-image__frame-container\">\n                      <!---->\n                      <!---->\n                      <img decoding=\"async\" width=\"1024\" height=\"1024\" src=\"http:\/\/papelorios.eu\/wp-content\/uploads\/2022\/08\/cropped-DALL\u00b7E-2022-08-10-13.01.52-A-cat-with-a-wig-8k-professional-lightning-black-background.png\" class=\"wp-image-2932 style-1366-image style-local-842-c21-image\" alt=\"\" srcset=\"https:\/\/papelorios.eu\/wp-content\/uploads\/2022\/08\/cropped-DALL\u00b7E-2022-08-10-13.01.52-A-cat-with-a-wig-8k-professional-lightning-black-background.png 1024w, https:\/\/papelorios.eu\/wp-content\/uploads\/2022\/08\/cropped-DALL\u00b7E-2022-08-10-13.01.52-A-cat-with-a-wig-8k-professional-lightning-black-background-300x300.png 300w, https:\/\/papelorios.eu\/wp-content\/uploads\/2022\/08\/cropped-DALL\u00b7E-2022-08-10-13.01.52-A-cat-with-a-wig-8k-professional-lightning-black-background-150x150.png 150w, https:\/\/papelorios.eu\/wp-content\/uploads\/2022\/08\/cropped-DALL\u00b7E-2022-08-10-13.01.52-A-cat-with-a-wig-8k-professional-lightning-black-background-768x768.png 768w\" sizes=\"(max-width: 1024px) 100vw, 1024px\" \/>\n                      <div class=\"h-image__frame h-hide-lg h-hide-md h-hide-sm style-1366-frameImage style-local-842-c21-frameImage\"><\/div>\n                    <\/div>\n                  <\/div>\n                <\/div>\n              <\/div>\n            <\/div>\n          <\/div>\n        <\/div>\n      <\/div>\n      <div data-colibri-id=\"842-c22\" class=\"h-row-container gutters-row-lg-2 gutters-row-md-2 gutters-row-0 gutters-row-v-lg-2 gutters-row-v-md-2 gutters-row-v-2 style-1355 style-local-842-c22 position-relative\">\n        <!---->\n        <div class=\"h-row justify-content-lg-center justify-content-md-center justify-content-center align-items-lg-stretch align-items-md-stretch align-items-stretch gutters-col-lg-2 gutters-col-md-2 gutters-col-0 gutters-col-v-lg-2 gutters-col-v-md-2 gutters-col-v-2\">\n          <!---->\n          <div class=\"h-column h-column-container d-flex h-col-lg-auto h-col-md-auto h-col-auto style-1356-outer style-local-842-c23-outer\">\n            <div data-colibri-id=\"842-c23\" class=\"d-flex h-flex-basis h-column__inner h-px-lg-2 h-px-md-2 h-px-2 v-inner-lg-2 v-inner-md-2 v-inner-2 style-1356 style-local-842-c23 position-relative\">\n              <!---->\n              <!---->\n              <div class=\"w-100 h-y-container h-column__content h-column__v-align flex-basis-100 align-self-lg-start align-self-md-start align-self-start\">\n                <!---->\n                <div data-colibri-id=\"842-c24\" class=\"h-text h-text-component style-1357 style-local-842-c24 position-relative h-element\">\n                  <!---->\n                  <!---->\n                  <div class=\"\">\n                    <p>Pelucas, m\u00e1ximo una al a\u00f1o y 175 euros<\/p>\n                    <p>Sujetadores, m\u00e1ximo dos al a\u00f1o (hay que hacer dos solicitudes distintas) y 50 euros por sujetador<\/p>\n                    <p>Este a\u00f1o los sujetadores pueden ser postumorectom\u00eda adem\u00e1s de postmastectom\u00eda.<\/p>\n                  <\/div>\n                <\/div>\n              <\/div>\n            <\/div>\n          <\/div>\n        <\/div>\n      <\/div>\n    <\/div>\n  <\/div>\n<\/div>","protected":false},"excerpt":{"rendered":"<p>enfermos de c\u00e1ncer, para ayudarles con gastos relacionados con la enfermedad. Tienen que ser de MUFACE (daaah), acreditar que padecen la enfermendad y presentar las facturas. solicitud informe m\u00e9dico Declaraci\u00f3n Responsable Cosas que traer Solicitud Informe m\u00e9dico que acredite la enfermedad y la necesidad de las compras Facturas con los requisitos legales Pelucas, m\u00e1ximo una [&hellip;]<\/p>\n","protected":false},"author":1,"featured_media":0,"parent":220,"menu_order":0,"comment_status":"closed","ping_status":"closed","template":"page-templates\/full-width-page.php","meta":{"footnotes":""},"_links":{"self":[{"href":"https:\/\/papelorios.eu\/index.php\/wp-json\/wp\/v2\/pages\/842"}],"collection":[{"href":"https:\/\/papelorios.eu\/index.php\/wp-json\/wp\/v2\/pages"}],"about":[{"href":"https:\/\/papelorios.eu\/index.php\/wp-json\/wp\/v2\/types\/page"}],"author":[{"embeddable":true,"href":"https:\/\/papelorios.eu\/index.php\/wp-json\/wp\/v2\/users\/1"}],"replies":[{"embeddable":true,"href":"https:\/\/papelorios.eu\/index.php\/wp-json\/wp\/v2\/comments?post=842"}],"version-history":[{"count":9,"href":"https:\/\/papelorios.eu\/index.php\/wp-json\/wp\/v2\/pages\/842\/revisions"}],"predecessor-version":[{"id":2942,"href":"https:\/\/papelorios.eu\/index.php\/wp-json\/wp\/v2\/pages\/842\/revisions\/2942"}],"up":[{"embeddable":true,"href":"https:\/\/papelorios.eu\/index.php\/wp-json\/wp\/v2\/pages\/220"}],"wp:attachment":[{"href":"https:\/\/papelorios.eu\/index.php\/wp-json\/wp\/v2\/media?parent=842"}],"curies":[{"name":"wp","href":"https:\/\/api.w.org\/{rel}","templated":true}]}}